{"id":981,"date":"2018-09-24T12:29:50","date_gmt":"2018-09-24T10:29:50","guid":{"rendered":"http:\/\/zs3pabianice.edu.pl\/?page_id=981"},"modified":"2019-05-20T09:27:59","modified_gmt":"2019-05-20T07:27:59","slug":"projekt","status":"publish","type":"page","link":"https:\/\/zs3pabianice.edu.pl\/index.php\/projekt\/","title":{"rendered":"Projekt RPO"},"content":{"rendered":"<p><img loading=\"lazy\" decoding=\"async\" class=\"size-full wp-image-987 aligncenter\" src=\"http:\/\/zs3pabianice.edu.pl\/wp\/wp-content\/uploads\/2018\/09\/logo_projektu.jpg\" alt=\"logo projektu\" width=\"619\" height=\"73\" srcset=\"https:\/\/zs3pabianice.edu.pl\/wp\/wp-content\/uploads\/2018\/09\/logo_projektu.jpg 619w, https:\/\/zs3pabianice.edu.pl\/wp\/wp-content\/uploads\/2018\/09\/logo_projektu-300x35.jpg 300w, https:\/\/zs3pabianice.edu.pl\/wp\/wp-content\/uploads\/2018\/09\/logo_projektu-230x27.jpg 230w, https:\/\/zs3pabianice.edu.pl\/wp\/wp-content\/uploads\/2018\/09\/logo_projektu-350x41.jpg 350w, https:\/\/zs3pabianice.edu.pl\/wp\/wp-content\/uploads\/2018\/09\/logo_projektu-480x57.jpg 480w\" sizes=\"auto, (max-width: 619px) 100vw, 619px\" \/><\/p>\n<p>\u00a0<\/p>\n<blockquote>\n<p><em><strong>Sta\u017ce zawodowe drog\u0105 do kariery<\/strong><\/em><\/p>\n<\/blockquote>\n<p style=\"text-align: left;\">Projekt nr RPLD.11.03.01-10-0024\/18\u00a0wsp\u00f3\u0142finansowany ze \u015brodk\u00f3w Unii Europejskiej\u00a0w ramach <strong>Regionalnego Programu Operacyjnego Wojew\u00f3dztwa \u0141\u00f3dzkiego na lata 2014-2020\u00a0<\/strong>w ramach Osi priorytetowej XI Edukacja Kwalifikacje Umiej\u0119tno\u015bci, Dzia\u0142ania dla Osi XI.3 Kszta\u0142cenie zawodowe, Dzia\u0142ania XI.3.1 Kszta\u0142cenie zawodowe<\/p>\n<p>Projekt realizowany jest w okresie <strong>01.09.2018r. &#8211; 31.08-2020r.<\/strong><\/p>\n<p>Warto\u015b\u0107 realizowanego projektu\u00a0to 1 014 850,18 z\u0142, w tym wysoko\u015b\u0107 wk\u0142adu Unii Europejskiej to 862 622,65 z\u0142.<\/p>\n<p><strong>Opis projektu<\/strong><\/p>\n<p><em>Cel projektu<\/em> &#8211; zwi\u0119kszenie, we wsp\u00f3\u0142pracy z pracodawcami, jako\u015bci kszta\u0142cenia zawodowego w Technikum w Zespole Szk\u00f3\u0142 Nr 3 w Pabianicach, ukierunkowane na popraw\u0119 zdolno\u015bci do zatrudnienia uczni\u00f3w szko\u0142y, poprzez podniesienie kompetencji nauczycieli kszta\u0142cenia zawodowego, adaptacj\u0119 i doposa\u017cenie pracowni i warsztat\u00f3w, realizacj\u0119 sta\u017cy zawodowych, doradztwa edukacyjno-zawodowego oraz poprzez organizacj\u0119 dodatkowych zaj\u0119\u0107 specjalistycznych zwi\u0119kszaj\u0105cych wiedz\u0119 i umiej\u0119tno\u015bci praktyczne i kwalifikacje uczni\u00f3w kszta\u0142c\u0105cych si\u0119 w zawodach: technik ekonomista, technik hotelarstwa, technik logistyk, fototechnik, technik fotografii i multimedi\u00f3w, technik us\u0142ug fryzjerskich.<\/p>\n<p><em>Uczestnicy projektu<\/em> &#8211; wsparciem\u00a0obj\u0119tych jest 129 uczestnik\u00f3w projektu, w tym 112 uczni\u00f3w oraz 17 nauczycieli kszta\u0142cenia zawodowego.<\/p>\n<p><em>Za\u0142o\u017cenia projektu<\/em> &#8211; w projekcie za\u0142o\u017cono realizacj\u0119 9 zada\u0144, w tym 6 specjalistycznych umo\u017cliwiaj\u0105cych uzyskiwanie umiej\u0119tno\u015bci i kwalifikacji zawodowych uczniom z w\/w kierunk\u00f3w oraz doradztwo zawodowe, doskonalenie kompetencji nauczycieli, sta\u017ce zawodowe, adaptacj\u0119 i doposa\u017cenie pracowni i warsztat\u00f3w szkolnych.<\/p>\n<table width=\"100%\">\n<tbody>\n<tr>\n<td style=\"text-align: left;\" width=\"13%\">Lp.<\/td>\n<td width=\"63%\">Zaj\u0119cia \/ szkolenia \/ kursy dla uczni\u00f3w<\/td>\n<td style=\"text-align: left;\" width=\"22%\">Ilo\u015b\u0107 godzin<\/td>\n<\/tr>\n<tr>\n<td width=\"13%\">1.<\/td>\n<td style=\"text-align: left;\" width=\"63%\">Doradztwo edukacyjno-zawodowe dla uczni\u00f3w Technikum w Zespole Szk\u00f3\u0142 nr 3 w Pabianicach<\/td>\n<td width=\"22%\">\n<p style=\"text-align: center;\">grupowe \u2013 9<br \/>indywidualne \u2013 4<\/p>\n<\/td>\n<\/tr>\n<tr>\n<td width=\"13%\">2.<\/td>\n<td style=\"text-align: left;\" width=\"63%\">Mierniki dzia\u0142alno\u015bci hotelarskiej<\/td>\n<td style=\"text-align: center;\" width=\"22%\">30<\/td>\n<\/tr>\n<tr>\n<td width=\"13%\">3.<\/td>\n<td style=\"text-align: left;\" width=\"63%\">Animator czasu wolnego<\/td>\n<td width=\"22%\">40<\/td>\n<\/tr>\n<tr>\n<td width=\"13%\">4.<\/td>\n<td style=\"text-align: left;\" width=\"63%\">Kurs \u201eNauka Us\u0142ugiwania-Kelner, Barman, Kelner do win\u201d<\/td>\n<td width=\"22%\">15<\/td>\n<\/tr>\n<tr>\n<td width=\"13%\">5.<\/td>\n<td style=\"text-align: left;\" width=\"63%\">Obs\u0142uga program\u00f3w transportowych<\/td>\n<td width=\"22%\">15<\/td>\n<\/tr>\n<tr>\n<td width=\"13%\">6.<\/td>\n<td style=\"text-align: left;\" width=\"63%\">Obs\u0142uga program\u00f3w magazynowych<\/td>\n<td width=\"22%\">15<\/td>\n<\/tr>\n<tr>\n<td width=\"13%\">7.<\/td>\n<td style=\"text-align: left;\" width=\"63%\">Operator w\u00f3zk\u00f3w wid\u0142owych<\/td>\n<td width=\"22%\">60<\/td>\n<\/tr>\n<tr>\n<td width=\"13%\">8.<\/td>\n<td style=\"text-align: left;\" width=\"63%\">Nowoczesny magazynier<\/td>\n<td width=\"22%\">22<\/td>\n<\/tr>\n<tr>\n<td width=\"13%\">9.<\/td>\n<td style=\"text-align: left;\" width=\"63%\">Upi\u0119cia i koki<\/td>\n<td width=\"22%\">30<\/td>\n<\/tr>\n<tr>\n<td width=\"13%\">10.<\/td>\n<td style=\"text-align: left;\" width=\"63%\">Analiza kolorystyczna<\/td>\n<td width=\"22%\">21<\/td>\n<\/tr>\n<tr>\n<td width=\"13%\">11.<\/td>\n<td style=\"text-align: left;\" width=\"63%\">Program finansowo-ksi\u0119gowy w przedsi\u0119biorstwie<\/td>\n<td width=\"22%\">20<\/td>\n<\/tr>\n<tr>\n<td width=\"13%\">12.<\/td>\n<td style=\"text-align: left;\" width=\"63%\">Statystyka w praktyce gospodarczej<\/td>\n<td width=\"22%\">20<\/td>\n<\/tr>\n<tr>\n<td width=\"13%\">13.<\/td>\n<td style=\"text-align: left;\" width=\"63%\">Program Adobe Photoshop<\/td>\n<td width=\"22%\">22<\/td>\n<\/tr>\n<tr>\n<td width=\"13%\">14.<\/td>\n<td style=\"text-align: left;\" width=\"63%\">Grafika komputerowa i DTP<\/td>\n<td width=\"22%\">30<\/td>\n<\/tr>\n<tr>\n<td style=\"text-align: left;\" width=\"13%\">15.<\/td>\n<td style=\"text-align: left;\" width=\"63%\">Obs\u0142uga sprz\u0119tu o\u015bwietleniowego<\/td>\n<td style=\"text-align: center;\" width=\"22%\">20<\/td>\n<\/tr>\n<tr>\n<td style=\"text-align: left;\" width=\"13%\">16.<\/td>\n<td style=\"text-align: left;\" width=\"63%\">J\u0119zyk obcy zawodowy<\/td>\n<td style=\"text-align: center;\" width=\"22%\">60<\/td>\n<\/tr>\n<tr>\n<td style=\"text-align: left;\" width=\"13%\">17.<\/td>\n<td style=\"text-align: left;\" width=\"63%\">Sta\u017ce zawodowe realizowane we wsp\u00f3\u0142pracy z pracodawcami<br \/>i u pracodawc\u00f3w<\/td>\n<td style=\"text-align: center;\" width=\"22%\">150<\/td>\n<\/tr>\n<\/tbody>\n<\/table>\n<p>\u00a0<\/p>\n<p>Formy wsparcia dla nauczycieli zawodu w ZS3.<\/p>\n<table width=\"100%\">\n<tbody>\n<tr>\n<td style=\"text-align: left;\" width=\"13%\">Lp.<\/td>\n<td style=\"text-align: left;\" width=\"63%\">Formy doskonalenia nauczycieli<\/td>\n<td style=\"text-align: left;\" width=\"22%\">Ilo\u015b\u0107 uczestnik\u00f3w<\/td>\n<\/tr>\n<tr>\n<td width=\"13%\">1.<\/td>\n<td style=\"text-align: left;\" width=\"63%\">Tworzenie stron www<\/td>\n<td width=\"22%\">1<\/td>\n<\/tr>\n<tr>\n<td width=\"13%\">2.<\/td>\n<td style=\"text-align: left;\" width=\"63%\">Kursy florystyczne<\/td>\n<td width=\"22%\">1<\/td>\n<\/tr>\n<tr>\n<td width=\"13%\">3.<\/td>\n<td style=\"text-align: left;\" width=\"63%\">Specjalista ds. transportu i logistyki I stopnia<\/td>\n<td width=\"22%\">2<\/td>\n<\/tr>\n<tr>\n<td width=\"13%\">4.<\/td>\n<td style=\"text-align: left;\" width=\"63%\">Excel w gospodarce magazynowej i w transporcie<\/td>\n<td width=\"22%\">2<\/td>\n<\/tr>\n<tr>\n<td width=\"13%\">5.<\/td>\n<td style=\"text-align: left;\" width=\"63%\">Koki i upi\u0119cia<\/td>\n<td width=\"22%\">1<\/td>\n<\/tr>\n<tr>\n<td width=\"13%\">6.<\/td>\n<td style=\"text-align: left;\" width=\"63%\">Analiza kolorystyczna<\/td>\n<td width=\"22%\">1<\/td>\n<\/tr>\n<tr>\n<td style=\"text-align: center;\" width=\"13%\">7.<\/td>\n<td width=\"63%\">Szkolenie z zakresu obs\u0142ugi zakupionego sprz\u0119tu w ramach projektu<\/td>\n<td style=\"text-align: center;\" width=\"22%\">17<\/td>\n<\/tr>\n<\/tbody>\n<\/table>\n<p>\u00a0<\/p>\n<p><a href=\"http:\/\/zs3pabianice.edu.pl\/index.php\/projekty\/dokumenty-projektu\/\"><img loading=\"lazy\" decoding=\"async\" class=\"alignnone wp-image-1014 size-full\" src=\"http:\/\/zs3pabianice.edu.pl\/wp\/wp-content\/uploads\/2018\/09\/przycisk-1.png\" alt=\"\" width=\"161\" height=\"41\" \/><\/a> <a href=\"http:\/\/zs3pabianice.edu.pl\/index.php\/harmonogramy\/\"><img loading=\"lazy\" decoding=\"async\" class=\"alignnone wp-image-1019 size-full\" src=\"http:\/\/zs3pabianice.edu.pl\/wp\/wp-content\/uploads\/2018\/09\/przycisk-4.png\" alt=\"\" width=\"161\" height=\"41\" \/><\/a> <a href=\"http:\/\/zs3pabianice.edu.pl\/index.php\/projekt\/projekt-przetargi\/\"><img loading=\"lazy\" decoding=\"async\" class=\"alignnone wp-image-1018 size-full\" src=\"http:\/\/zs3pabianice.edu.pl\/wp\/wp-content\/uploads\/2018\/09\/przycisk-3.png\" alt=\"\" width=\"161\" height=\"41\" \/><\/a> <a href=\"http:\/\/zs3pabianice.edu.pl\/index.php\/projekt-galeria-zdjec\/\"><img loading=\"lazy\" decoding=\"async\" class=\"alignnone wp-image-1015 size-full\" src=\"http:\/\/zs3pabianice.edu.pl\/wp\/wp-content\/uploads\/2018\/09\/przycisk-2.png\" alt=\"\" width=\"161\" height=\"41\" \/><\/a><\/p>\n<p>\u00a0<\/p>\n<p>Projekt realizowany w latach 2016\/2018<\/p>\n<p><a href=\"http:\/\/zs3projekt.wixsite.com\/staze\">Sta\u017ce zawodowe &#8211; drogowskazem sukcesu<\/a><\/p>\n\n\n<p>Bezp\u0142atne spotkanie informacyjne organizowane jest przez Lokalny Punkt Informacyjny Funduszy Europejskich w Brzezinach pn. \u201eWypromuj sw\u00f3j projekt-obowi\u0105zki informacyjno- promocyjne Beneficjent\u00f3w realizuj\u0105cych projekty z Regionalnego Programu Operacyjnego Wojew\u00f3dztwa&nbsp; \u0141\u00f3dzkiego 2014-2020\u201d. Spotkanie odb\u0119dzie si\u0119 dnia 23 maja 2019 r. w godz. 10:00 \u2013 12:00 (rejestracja od godz. 09:45), w sali konferencyjnej Urz\u0119du Miasta w Brzezinach, ul. Sienkiewicza 16 \u2013 I pi\u0119tro.<\/p>\n\n\n\n<p>Podczas spotkania om\u00f3wione zostan\u0105 obowi\u0105zki informacyjno-promocyjne Beneficjenta realizuj\u0105cego projekt wsp\u00f3\u0142finansowany ze \u015brodk\u00f3w Regionalnego Programu Operacyjnego Wojew\u00f3dztwa \u0141\u00f3dzkiego na lata 2014-2020, dotycz\u0105ce m.in: zasad promocji i oznakowania projekt\u00f3w um\u00f3w podpisanych&nbsp; do 31 grudnia 2017 r. i od 1 stycznia 2018 r.<\/p>\n\n\n\n<div class=\"wp-block-file\"><a href=\"http:\/\/zs3pabianice.edu.pl\/wp\/wp-content\/uploads\/2019\/05\/Plakat_A4-2019.pdf\">Plakat <\/a><a href=\"http:\/\/zs3pabianice.edu.pl\/wp\/wp-content\/uploads\/2019\/05\/Plakat_A4-2019.pdf\" class=\"wp-block-file__button\" download>Pobierz<\/a><\/div>\n","protected":false},"excerpt":{"rendered":"<p>\u00a0 Sta\u017ce zawodowe drog\u0105 do kariery Projekt nr RPLD.11.03.01-10-0024\/18\u00a0wsp\u00f3\u0142finansowany ze \u015brodk\u00f3w Unii Europejskiej\u00a0w ramach Regionalnego Programu Operacyjnego Wojew\u00f3dztwa \u0141\u00f3dzkiego na lata 2014-2020\u00a0w [&hellip;]<\/p>\n","protected":false},"author":1,"featured_media":0,"parent":0,"menu_order":0,"comment_status":"closed","ping_status":"closed","template":"","meta":{"footnotes":""},"class_list":["post-981","page","type-page","status-publish","hentry"],"_links":{"self":[{"href":"https:\/\/zs3pabianice.edu.pl\/index.php\/wp-json\/wp\/v2\/pages\/981","targetHints":{"allow":["GET"]}}],"collection":[{"href":"https:\/\/zs3pabianice.edu.pl\/index.php\/wp-json\/wp\/v2\/pages"}],"about":[{"href":"https:\/\/zs3pabianice.edu.pl\/index.php\/wp-json\/wp\/v2\/types\/page"}],"author":[{"embeddable":true,"href":"https:\/\/zs3pabianice.edu.pl\/index.php\/wp-json\/wp\/v2\/users\/1"}],"replies":[{"embeddable":true,"href":"https:\/\/zs3pabianice.edu.pl\/index.php\/wp-json\/wp\/v2\/comments?post=981"}],"version-history":[{"count":36,"href":"https:\/\/zs3pabianice.edu.pl\/index.php\/wp-json\/wp\/v2\/pages\/981\/revisions"}],"predecessor-version":[{"id":2298,"href":"https:\/\/zs3pabianice.edu.pl\/index.php\/wp-json\/wp\/v2\/pages\/981\/revisions\/2298"}],"wp:attachment":[{"href":"https:\/\/zs3pabianice.edu.pl\/index.php\/wp-json\/wp\/v2\/media?parent=981"}],"curies":[{"name":"wp","href":"https:\/\/api.w.org\/{rel}","templated":true}]}}