{"id":9145,"date":"2025-02-09T11:17:30","date_gmt":"2025-02-09T10:17:30","guid":{"rendered":"https:\/\/zs3pabianice.edu.pl\/?page_id=9145"},"modified":"2026-01-13T13:22:58","modified_gmt":"2026-01-13T12:22:58","slug":"harmonogram-kursow","status":"publish","type":"page","link":"https:\/\/zs3pabianice.edu.pl\/index.php\/inwestycja-w-przyszlosc\/harmonogram-kursow\/","title":{"rendered":"Harmonogram kurs\u00f3w"},"content":{"rendered":"<div id=\"pl-9145\"  class=\"panel-layout\" ><div id=\"pg-9145-0\"  class=\"panel-grid panel-has-style\" ><div style=\"padding: 100px 0; \" data-overlay=\"true\" class=\"panel-row-style panel-row-style-for-9145-0\" ><div id=\"pgc-9145-0-0\"  class=\"panel-grid-cell\" ><div id=\"panel-9145-0-0-0\" class=\"so-panel widget widget_media_image panel-first-child\" data-index=\"0\" ><div style=\"text-align: left;\" data-title-color=\"#443f3f\" data-headings-color=\"#443f3f\" class=\"panel-widget-style panel-widget-style-for-9145-0-0-0\" ><img loading=\"lazy\" decoding=\"async\" width=\"2560\" height=\"258\" src=\"https:\/\/zs3pabianice.edu.pl\/wp\/wp-content\/uploads\/2025\/01\/FERPUELODZKIE-scaled.jpg\" class=\"image wp-image-9126  attachment-full size-full\" alt=\"\" style=\"max-width: 100%; height: auto;\" srcset=\"https:\/\/zs3pabianice.edu.pl\/wp\/wp-content\/uploads\/2025\/01\/FERPUELODZKIE-scaled.jpg 2560w, https:\/\/zs3pabianice.edu.pl\/wp\/wp-content\/uploads\/2025\/01\/FERPUELODZKIE-300x30.jpg 300w, https:\/\/zs3pabianice.edu.pl\/wp\/wp-content\/uploads\/2025\/01\/FERPUELODZKIE-1024x103.jpg 1024w, https:\/\/zs3pabianice.edu.pl\/wp\/wp-content\/uploads\/2025\/01\/FERPUELODZKIE-768x77.jpg 768w, https:\/\/zs3pabianice.edu.pl\/wp\/wp-content\/uploads\/2025\/01\/FERPUELODZKIE-1536x155.jpg 1536w, https:\/\/zs3pabianice.edu.pl\/wp\/wp-content\/uploads\/2025\/01\/FERPUELODZKIE-2048x206.jpg 2048w, https:\/\/zs3pabianice.edu.pl\/wp\/wp-content\/uploads\/2025\/01\/FERPUELODZKIE-1000x101.jpg 1000w, https:\/\/zs3pabianice.edu.pl\/wp\/wp-content\/uploads\/2025\/01\/FERPUELODZKIE-230x23.jpg 230w, https:\/\/zs3pabianice.edu.pl\/wp\/wp-content\/uploads\/2025\/01\/FERPUELODZKIE-350x35.jpg 350w, https:\/\/zs3pabianice.edu.pl\/wp\/wp-content\/uploads\/2025\/01\/FERPUELODZKIE-480x48.jpg 480w\" sizes=\"auto, (max-width: 2560px) 100vw, 2560px\" \/><\/div><\/div><div id=\"panel-9145-0-0-1\" class=\"so-panel widget widget_block\" data-index=\"1\" ><div style=\"text-align: center;\" data-title-color=\"#443f3f\" data-headings-color=\"#443f3f\" class=\"panel-widget-style panel-widget-style-for-9145-0-0-1\" ><B>KURSY DLA UCZNI\u00d3W<\/B><\/div><\/div><div id=\"panel-9145-0-0-2\" class=\"so-panel widget widget_block\" data-index=\"2\" ><div style=\"text-align: left;\" data-title-color=\"#443f3f\" data-headings-color=\"#443f3f\" class=\"panel-widget-style panel-widget-style-for-9145-0-0-2\" ><br>Kurs <b>\"Szkolenie barma\u0144skie I stopnia\"<\/b><br>\n<A href=https:\/\/zs3pabianice.edu.pl\/wp\/wp-content\/uploads\/2026\/01\/harmonogram_szkolenie-barmanskie-I-stopnia_II-edycja-1.docx><b>Harmonogram zaj\u0119\u0107, II edycja<\/b><\/A><br>\n<A href=https:\/\/zs3pabianice.edu.pl\/wp\/wp-content\/uploads\/2025\/12\/harmonogram_szkolenie-barmanskie-I-stopnia_I-edycja.docx>Harmonogram zaj\u0119\u0107, I edycja<\/A><br>\n\n<br>Kurs <b>\"Zarz\u0105dzanie prac\u0105 restaturacji\"<\/b><br>\n<A href=https:\/\/zs3pabianice.edu.pl\/wp\/wp-content\/uploads\/2025\/10\/Zarzadzanie-praca-restauracji_edycja2.docx><b>Harmonogram zaj\u0119\u0107, II edycja<\/b><\/A><br>\n<A href=https:\/\/zs3pabianice.edu.pl\/wp\/wp-content\/uploads\/2025\/02\/zarzadzanie-praca-restauracji_harmonogram.docx>Harmonogram zaj\u0119\u0107, I edycja<\/A><br>\n\n<br>Kurs <b>\"Savoir-vivre w biznesie\"<\/b><br>\n<A href=https:\/\/zs3pabianice.edu.pl\/wp\/wp-content\/uploads\/2025\/11\/Kurs-savoir-vivr-w-biznesie_2edycja.docx><b>Harmonogram zaj\u0119\u0107, II edycja<\/b><\/A><br>\n<A href=https:\/\/zs3pabianice.edu.pl\/wp\/wp-content\/uploads\/2025\/02\/savoir-vivre-w-biznesie_harmonogram.docx>Harmonogram zaj\u0119\u0107, I edycja<\/A><br>\n\n<br>Kurs <b>\"Praktyczne wykorzystanie MS Excel\"<\/b><br>\n<A href=https:\/\/zs3pabianice.edu.pl\/wp\/wp-content\/uploads\/2025\/11\/Kurs-praktyczne-wykorzystanie-MS-Excel.docx><b>Harmonogram zaj\u0119\u0107, II edycja<\/b><\/A><br>\n<A href=https:\/\/zs3pabianice.edu.pl\/wp\/wp-content\/uploads\/2025\/02\/praktyczne-wykorzystanie-MS-Excel_harmonogram.docx>Harmonogram zaj\u0119\u0107, I edycja<\/A><br>\n\n<br>Kurs <b>\"Obs\u0142uga go\u015bci restauracyjnych- A\u2019LA CARTE\"<\/b><br>\n<A href=https:\/\/zs3pabianice.edu.pl\/wp\/wp-content\/uploads\/2025\/10\/Kurs-obsluga-gosci-restauracyjnych-ala-carte_edycja2.docx><b>Harmonogram zaj\u0119\u0107, II edycja<\/b><\/A><br>\n<A href=https:\/\/zs3pabianice.edu.pl\/wp\/wp-content\/uploads\/2025\/03\/obsluga_gosci_harmonogram.docx>Harmonogram zaj\u0119\u0107, I edycja<\/A><br>\n\n<br>Kurs <b>\"W\u00f3zki wid\u0142owe\"<\/b><br>\n<A href=https:\/\/zs3pabianice.edu.pl\/wp\/wp-content\/uploads\/2025\/10\/harmonogram-wozki-widlowe_2025.pdf><b>Harmonogram zaj\u0119\u0107, II edycja<\/b><\/A><br>\n<A href=https:\/\/zs3pabianice.edu.pl\/wp\/wp-content\/uploads\/2025\/03\/wozki_widlowe_harmonogram.docx>Harmonogram zaj\u0119\u0107, I edycja<\/A><br>\n<br>\n<\/div><\/div><div id=\"panel-9145-0-0-3\" class=\"so-panel widget widget_block\" data-index=\"3\" ><div style=\"text-align: center;\" data-title-color=\"#443f3f\" data-headings-color=\"#443f3f\" class=\"panel-widget-style panel-widget-style-for-9145-0-0-3\" ><B>KURSY DLA NAUCZYCIELI<\/B><\/div><\/div><div id=\"panel-9145-0-0-4\" class=\"so-panel widget widget_block panel-last-child\" data-index=\"4\" ><div style=\"text-align: left;\" data-title-color=\"#443f3f\" data-headings-color=\"#443f3f\" class=\"panel-widget-style panel-widget-style-for-9145-0-0-4\" ><br>Kurs <b>\"Adobe Premier Pro\"<\/b><br>\n<A href=https:\/\/zs3pabianice.edu.pl\/wp\/wp-content\/uploads\/2025\/02\/adobe_harmonogram.docx>Harmonogram zaj\u0119\u0107<\/A><br>\n\n<br>Szkolenie <b>\"Szko\u0142a wolna od uprzedze\u0144 i dyskryminacji\"<\/b><br>\n<A href=https:\/\/zs3pabianice.edu.pl\/wp\/wp-content\/uploads\/2025\/02\/szkola-wolna-od-uprzedzen_harmonogram.docx>Harmonogram zaj\u0119\u0107<\/A><br>\n\n<br>Kurs <b>\"Kelner\"<\/b><br>\n<A href=https:\/\/zs3pabianice.edu.pl\/wp\/wp-content\/uploads\/2025\/04\/zarzadzanie-praca-restauracji_harmonogram.docx>Harmonogram zaj\u0119\u0107<\/A><br>\n\n<br>Kurs <b>\"Menad\u017cer restauracji\"<\/b><br>\n<A href=https:\/\/zs3pabianice.edu.pl\/wp\/wp-content\/uploads\/2025\/04\/menadzer_restaurancji_harmonogram.docx>Harmonogram zaj\u0119\u0107<\/A><br>\n\n\n<br>Szkolenie <b>\"Skuteczna reklama na FB i Instagramie\"<\/b><br>\n<A href=https:\/\/zs3pabianice.edu.pl\/wp\/wp-content\/uploads\/2025\/02\/relama-na-FB-i-instagramie_harmonogram.docx>Harmonogram zaj\u0119\u0107<\/A><br>\n\n<br>Kurs <b>\"Gospodarka odpadami\"<\/b><br>\n<A href=https:\/\/zs3pabianice.edu.pl\/wp\/wp-content\/uploads\/2025\/03\/Gospodarka-opadami_harmonogram.docx>Harmonogram zaj\u0119\u0107<\/A><br>\n\n<br>Kurs <b>\"Podstawy druku 3D dla edukacji\"<\/b><br>\n<A href=https:\/\/zs3pabianice.edu.pl\/wp\/wp-content\/uploads\/2025\/02\/podstawy-druku-3D_harmonogram.docx>Harmonogram zaj\u0119\u0107<\/A><br>\n\n<br>Kurs <b>\"Zarz\u0105dzanie zapasami\"<\/b><br>\n<A href=https:\/\/zs3pabianice.edu.pl\/wp\/wp-content\/uploads\/2025\/03\/zarzadzanie_zapasami_harmonogram.docx>Harmonogram zaj\u0119\u0107<\/A><br><br><\/div><\/div><\/div><\/div><\/div><\/div>","protected":false},"excerpt":{"rendered":"<p>KURSY DLA UCZNI\u00d3WKurs &#8222;Szkolenie barma\u0144skie I stopnia&#8221; Harmonogram zaj\u0119\u0107, II edycja Harmonogram zaj\u0119\u0107, I edycja Kurs &#8222;Zarz\u0105dzanie prac\u0105 restaturacji&#8221; Harmonogram zaj\u0119\u0107, II [&hellip;]<\/p>\n","protected":false},"author":4,"featured_media":0,"parent":8423,"menu_order":0,"comment_status":"closed","ping_status":"closed","template":"","meta":{"footnotes":""},"class_list":["post-9145","page","type-page","status-publish","hentry"],"_links":{"self":[{"href":"https:\/\/zs3pabianice.edu.pl\/index.php\/wp-json\/wp\/v2\/pages\/9145","targetHints":{"allow":["GET"]}}],"collection":[{"href":"https:\/\/zs3pabianice.edu.pl\/index.php\/wp-json\/wp\/v2\/pages"}],"about":[{"href":"https:\/\/zs3pabianice.edu.pl\/index.php\/wp-json\/wp\/v2\/types\/page"}],"author":[{"embeddable":true,"href":"https:\/\/zs3pabianice.edu.pl\/index.php\/wp-json\/wp\/v2\/users\/4"}],"replies":[{"embeddable":true,"href":"https:\/\/zs3pabianice.edu.pl\/index.php\/wp-json\/wp\/v2\/comments?post=9145"}],"version-history":[{"count":47,"href":"https:\/\/zs3pabianice.edu.pl\/index.php\/wp-json\/wp\/v2\/pages\/9145\/revisions"}],"predecessor-version":[{"id":10564,"href":"https:\/\/zs3pabianice.edu.pl\/index.php\/wp-json\/wp\/v2\/pages\/9145\/revisions\/10564"}],"up":[{"embeddable":true,"href":"https:\/\/zs3pabianice.edu.pl\/index.php\/wp-json\/wp\/v2\/pages\/8423"}],"wp:attachment":[{"href":"https:\/\/zs3pabianice.edu.pl\/index.php\/wp-json\/wp\/v2\/media?parent=9145"}],"curies":[{"name":"wp","href":"https:\/\/api.w.org\/{rel}","templated":true}]}}