{"id":9091,"date":"2025-01-29T17:15:15","date_gmt":"2025-01-29T16:15:15","guid":{"rendered":"https:\/\/zs3pabianice.edu.pl\/?page_id=9091"},"modified":"2025-07-03T12:17:48","modified_gmt":"2025-07-03T10:17:48","slug":"projekt-2024-1-pl01-ka121-vet-000205064-dla-uczniow-technikum","status":"publish","type":"page","link":"https:\/\/zs3pabianice.edu.pl\/index.php\/projekt-2024-1-pl01-ka121-vet-000205064-dla-uczniow-technikum\/","title":{"rendered":"Projekt 2024-1-PL01-KA121-VET-000205064 dla uczni\u00f3w Technikum"},"content":{"rendered":"<h5><strong>Cele projektu<\/strong><\/h5>\n<ul>\n<li>kompleksowy rozw\u00f3j kompetencji i umiej\u0119tno\u015bci uczni\u00f3w ZS3,<\/li>\n<li>wzrost kwalifikacji zawodowych, j\u0119zykowych i personalno-spo\u0142ecznych poprzez udzia\u0142 w zagranicznych mobilno\u015bciach sektora VET.<\/li>\n<\/ul>\n<h5><strong>Dokumenty projektu<\/strong><\/h5>\n<p><u>DOKUMENTY DLA UCZNI\u00d3W<\/u><\/p>\n<ul>\n<li><a href=\"https:\/\/zs3pabianice.edu.pl\/wp\/wp-content\/uploads\/2025\/01\/regulamin-uczen-VET-2024_ZS3_Pabianice_wyjazd-2025.pdf\">Regulamin rekrutacji i uczestnictwa uczni\u00f3w<\/a><\/li>\n<li><a href=\"https:\/\/zs3pabianice.edu.pl\/wp\/wp-content\/uploads\/2025\/01\/Formularz-zgloszeniowy-uczen-VET-2024_Pabianice_wyjazd-2025.docx\">Formularz zg\u0142oszeniowy dla uczni\u00f3w<\/a><\/li>\n<\/ul>\n<p><u>DOKUMENTY DLA NAUCZYCIELI<\/u><\/p>\n<ul>\n<li><a href=\"https:\/\/zs3pabianice.edu.pl\/wp\/wp-content\/uploads\/2025\/01\/regulamin-nauczyciel-VET-2024.Pabianice_wyjazd-2025.pdf\">Regulamin rekrutacji i uczestnictwa nauczycieli<\/a><\/li>\n<li><a href=\"https:\/\/zs3pabianice.edu.pl\/wp\/wp-content\/uploads\/2025\/01\/Formularz-zgl.-nauczyciel-VET-2024_Pabianice_-wyjazd-2025.docx\">Formularz zg\u0142oszeniowy dla nauczycieli<\/a><\/li>\n<\/ul>\n<h5><strong>Informacja o post\u0119powaniu<\/strong><\/h5>\n<ul>\n<li><a href=\"https:\/\/zs3pabianice.edu.pl\/wp\/wp-content\/uploads\/2025\/04\/Erasmus_postepowanie.pdf\">Plan post\u0119powa\u0144 o udzielenie zam\u00f3wie\u0144 na 2025 rok<\/a><\/li>\n<li><a href=\"https:\/\/ezamowienia.gov.pl\/mp-client\/search\/list\/ocds-148610-74e5df21-26c0-4d50-a49c-4155d25c10f3\">Adres strony internetowej prowadzonego post\u0119powania<\/a><\/li>\n<\/ul>\n<h5><strong>Realizacja projektu<\/strong><\/h5>\n<ul>\n<li style=\"list-style-type: none;\">\n<li><a href=\"https:\/\/www.facebook.com\/profile.php?id=100083308422877\">FB projektu<\/a><\/li>\n<li><a href=\"https:\/\/zs3pabianice.edu.pl\/index.php\/projekt-2024-1-pl01-ka121-vet-000205064-dla-uczniow-technikum\/realizacja-projektu\/\">Realizacja projektu<\/a><\/li>\n<li><a href=\"https:\/\/zs3pabianice.edu.pl\/index.php\/projekt-2024-1-pl01-ka121-vet-000205064-dla-uczniow-technikum\/podsumowanie-mobilnosci-edukacyjnej-realizowanej-w-ramach-programu-erasmus-wlochy-2025-praktyki\/\">Podsumowanie mobilno\u015bci<\/a><\/li>\n<li><a href=\"https:\/\/zs3pabianice.edu.pl\/index.php\/2025\/06\/18\/zakonczenie-projektu-erasmus-oraz-school-education\/\">Rozdanie certyfikat\u00f3w<\/a><\/li>\n<\/ul>\n<\/li>\n<p><!--\n \t\n\n<li><a href=\"https:\/\/zs3pabianice.edu.pl\/wp\/wp-content\/uploads\/2024\/12\/VET-RAPORT_2023.pdf\">Raport ko\u0144cowy VET<\/a><\/li>\n\n\n<\/ul>\n\n\n--><\/p>\n","protected":false},"excerpt":{"rendered":"<p>Cele projektu kompleksowy rozw\u00f3j kompetencji i umiej\u0119tno\u015bci uczni\u00f3w ZS3, wzrost kwalifikacji zawodowych, j\u0119zykowych i personalno-spo\u0142ecznych poprzez udzia\u0142 w zagranicznych mobilno\u015bciach sektora VET. [&hellip;]<\/p>\n","protected":false},"author":4,"featured_media":0,"parent":0,"menu_order":0,"comment_status":"closed","ping_status":"closed","template":"","meta":{"footnotes":""},"class_list":["post-9091","page","type-page","status-publish","hentry"],"_links":{"self":[{"href":"https:\/\/zs3pabianice.edu.pl\/index.php\/wp-json\/wp\/v2\/pages\/9091","targetHints":{"allow":["GET"]}}],"collection":[{"href":"https:\/\/zs3pabianice.edu.pl\/index.php\/wp-json\/wp\/v2\/pages"}],"about":[{"href":"https:\/\/zs3pabianice.edu.pl\/index.php\/wp-json\/wp\/v2\/types\/page"}],"author":[{"embeddable":true,"href":"https:\/\/zs3pabianice.edu.pl\/index.php\/wp-json\/wp\/v2\/users\/4"}],"replies":[{"embeddable":true,"href":"https:\/\/zs3pabianice.edu.pl\/index.php\/wp-json\/wp\/v2\/comments?post=9091"}],"version-history":[{"count":13,"href":"https:\/\/zs3pabianice.edu.pl\/index.php\/wp-json\/wp\/v2\/pages\/9091\/revisions"}],"predecessor-version":[{"id":9668,"href":"https:\/\/zs3pabianice.edu.pl\/index.php\/wp-json\/wp\/v2\/pages\/9091\/revisions\/9668"}],"wp:attachment":[{"href":"https:\/\/zs3pabianice.edu.pl\/index.php\/wp-json\/wp\/v2\/media?parent=9091"}],"curies":[{"name":"wp","href":"https:\/\/api.w.org\/{rel}","templated":true}]}}