{"id":7827,"date":"2024-01-03T22:14:28","date_gmt":"2024-01-03T21:14:28","guid":{"rendered":"https:\/\/zs3pabianice.edu.pl\/?page_id=7827"},"modified":"2025-07-03T12:04:34","modified_gmt":"2025-07-03T10:04:34","slug":"projekt-2023-1-pl01-ka121-sch-000137343-dla-uczniow-liceum-i-technikum","status":"publish","type":"page","link":"https:\/\/zs3pabianice.edu.pl\/index.php\/erasmus-2021-2027\/archiwum-erasmus\/projekt-2023-1-pl01-ka121-sch-000137343-dla-uczniow-liceum-i-technikum\/","title":{"rendered":"Projekt 2023-1-PL01-KA121-SCH-000137343 dla uczni\u00f3w Liceum i  Technikum"},"content":{"rendered":"<p><a href=\"http:\/\/zs3pabianice.edu.pl\/wp\/wp-content\/uploads\/2024\/03\/plakat_SCH-scaled.jpg\"><img loading=\"lazy\" decoding=\"async\" class=\"aligncenter  wp-image-8172\" src=\"http:\/\/zs3pabianice.edu.pl\/wp\/wp-content\/uploads\/2024\/03\/plakat_SCH-724x1024.jpg\" alt=\"\" width=\"687\" height=\"972\" srcset=\"https:\/\/zs3pabianice.edu.pl\/wp\/wp-content\/uploads\/2024\/03\/plakat_SCH-724x1024.jpg 724w, https:\/\/zs3pabianice.edu.pl\/wp\/wp-content\/uploads\/2024\/03\/plakat_SCH-212x300.jpg 212w, https:\/\/zs3pabianice.edu.pl\/wp\/wp-content\/uploads\/2024\/03\/plakat_SCH-768x1086.jpg 768w, https:\/\/zs3pabianice.edu.pl\/wp\/wp-content\/uploads\/2024\/03\/plakat_SCH-1086x1536.jpg 1086w, https:\/\/zs3pabianice.edu.pl\/wp\/wp-content\/uploads\/2024\/03\/plakat_SCH-1448x2048.jpg 1448w, https:\/\/zs3pabianice.edu.pl\/wp\/wp-content\/uploads\/2024\/03\/plakat_SCH-1000x1414.jpg 1000w, https:\/\/zs3pabianice.edu.pl\/wp\/wp-content\/uploads\/2024\/03\/plakat_SCH-230x325.jpg 230w, https:\/\/zs3pabianice.edu.pl\/wp\/wp-content\/uploads\/2024\/03\/plakat_SCH-350x495.jpg 350w, https:\/\/zs3pabianice.edu.pl\/wp\/wp-content\/uploads\/2024\/03\/plakat_SCH-480x679.jpg 480w, https:\/\/zs3pabianice.edu.pl\/wp\/wp-content\/uploads\/2024\/03\/plakat_SCH-scaled.jpg 1811w\" sizes=\"auto, (max-width: 687px) 100vw, 687px\" \/><\/a><\/p>\n<h5><strong>Dokumenty projektu<\/strong><\/h5>\n<ul>\n<li><a href=\"http:\/\/zs3pabianice.edu.pl\/wp\/wp-content\/uploads\/2024\/04\/regulamin-uczen-SCH-2023_ZS3_Pabianice.pdf\">Regulamin rekrutacji i uczestnictwa uczni\u00f3w<\/a><\/li>\n<li><a href=\"http:\/\/zs3pabianice.edu.pl\/wp\/wp-content\/uploads\/2024\/04\/regulamin-nauczyciel-SCH-2023Pabianice.pdf\">Regulamin rekrutacji i uczestnictwa nauczycieli<\/a><\/li>\n<\/ul>\n<h5><strong>Informacja o post\u0119powaniu<\/strong><\/h5>\n<ul>\n<li><a href=\"http:\/\/zs3pabianice.edu.pl\/wp\/wp-content\/uploads\/2024\/03\/Plan-postepowan-na-rok-2024.pdf\">Plan post\u0119powa\u0144 na 2024 rok<\/a><\/li>\n<li><a href=\"https:\/\/ezamowienia.gov.pl\/mp-client\/search\/list\/ocds-148610-0a02b579-d7a1-11ee-a3b5-e25d731b0da9\">Adres strony internetowej prowadzonego post\u0119powania<\/a><\/li>\n<\/ul>\n<h5><strong>Realizacja projektu<\/strong><\/h5>\n<ul>\n<li><a href=\"https:\/\/www.facebook.com\/profile.php?id=100082940391686\">FB projektu<\/a><\/li>\n<li><a href=\"https:\/\/zs3pabianice.edu.pl\/index.php\/2024\/05\/13\/podsumowanie-mobilnosci-erasmus-grecja-2024-projekt-school-education\/\">Podsumowanie mobilno\u015bci<\/a><\/li>\n<li><a href=\"https:\/\/zs3pabianice.edu.pl\/wp\/wp-content\/uploads\/2024\/12\/SCH-RAPORT_2023.pdf\">Raport ko\u0144cowy SCH<\/a><\/li>\n<li><a href=\"https:\/\/zs3pabianice.edu.pl\/index.php\/2024\/06\/14\/8343\/\">Rozdanie certyfikat\u00f3w<\/a><\/li>\n<\/ul>\n\n\n<p><\/p>\n","protected":false},"excerpt":{"rendered":"<p>Dokumenty projektu Regulamin rekrutacji i uczestnictwa uczni\u00f3w Regulamin rekrutacji i uczestnictwa nauczycieli Informacja o post\u0119powaniu Plan post\u0119powa\u0144 na 2024 rok Adres strony [&hellip;]<\/p>\n","protected":false},"author":1,"featured_media":0,"parent":5985,"menu_order":0,"comment_status":"closed","ping_status":"closed","template":"","meta":{"footnotes":""},"class_list":["post-7827","page","type-page","status-publish","hentry"],"_links":{"self":[{"href":"https:\/\/zs3pabianice.edu.pl\/index.php\/wp-json\/wp\/v2\/pages\/7827","targetHints":{"allow":["GET"]}}],"collection":[{"href":"https:\/\/zs3pabianice.edu.pl\/index.php\/wp-json\/wp\/v2\/pages"}],"about":[{"href":"https:\/\/zs3pabianice.edu.pl\/index.php\/wp-json\/wp\/v2\/types\/page"}],"author":[{"embeddable":true,"href":"https:\/\/zs3pabianice.edu.pl\/index.php\/wp-json\/wp\/v2\/users\/1"}],"replies":[{"embeddable":true,"href":"https:\/\/zs3pabianice.edu.pl\/index.php\/wp-json\/wp\/v2\/comments?post=7827"}],"version-history":[{"count":16,"href":"https:\/\/zs3pabianice.edu.pl\/index.php\/wp-json\/wp\/v2\/pages\/7827\/revisions"}],"predecessor-version":[{"id":9076,"href":"https:\/\/zs3pabianice.edu.pl\/index.php\/wp-json\/wp\/v2\/pages\/7827\/revisions\/9076"}],"up":[{"embeddable":true,"href":"https:\/\/zs3pabianice.edu.pl\/index.php\/wp-json\/wp\/v2\/pages\/5985"}],"wp:attachment":[{"href":"https:\/\/zs3pabianice.edu.pl\/index.php\/wp-json\/wp\/v2\/media?parent=7827"}],"curies":[{"name":"wp","href":"https:\/\/api.w.org\/{rel}","templated":true}]}}