{"id":7824,"date":"2024-01-03T22:09:57","date_gmt":"2024-01-03T21:09:57","guid":{"rendered":"https:\/\/zs3pabianice.edu.pl\/?page_id=7824"},"modified":"2025-07-03T12:05:29","modified_gmt":"2025-07-03T10:05:29","slug":"projekt-2023-1-pl01-ka121-vet-000137378-dla-uczniow-technikum","status":"publish","type":"page","link":"https:\/\/zs3pabianice.edu.pl\/index.php\/erasmus-2021-2027\/archiwum-erasmus\/projekt-2023-1-pl01-ka121-vet-000137378-dla-uczniow-technikum\/","title":{"rendered":"Projekt 2023-1-PL01-KA121-VET-000137378 dla uczni\u00f3w Technikum"},"content":{"rendered":"<p><a href=\"http:\/\/zs3pabianice.edu.pl\/wp\/wp-content\/uploads\/2024\/03\/plakat_VET-scaled.jpg\"><img loading=\"lazy\" decoding=\"async\" class=\"aligncenter wp-image-8170 \" src=\"http:\/\/zs3pabianice.edu.pl\/wp\/wp-content\/uploads\/2024\/03\/plakat_VET-728x1024.jpg\" alt=\"\" width=\"687\" height=\"966\" srcset=\"https:\/\/zs3pabianice.edu.pl\/wp\/wp-content\/uploads\/2024\/03\/plakat_VET-728x1024.jpg 728w, https:\/\/zs3pabianice.edu.pl\/wp\/wp-content\/uploads\/2024\/03\/plakat_VET-213x300.jpg 213w, https:\/\/zs3pabianice.edu.pl\/wp\/wp-content\/uploads\/2024\/03\/plakat_VET-768x1080.jpg 768w, https:\/\/zs3pabianice.edu.pl\/wp\/wp-content\/uploads\/2024\/03\/plakat_VET-1092x1536.jpg 1092w, https:\/\/zs3pabianice.edu.pl\/wp\/wp-content\/uploads\/2024\/03\/plakat_VET-1457x2048.jpg 1457w, https:\/\/zs3pabianice.edu.pl\/wp\/wp-content\/uploads\/2024\/03\/plakat_VET-1000x1406.jpg 1000w, https:\/\/zs3pabianice.edu.pl\/wp\/wp-content\/uploads\/2024\/03\/plakat_VET-230x323.jpg 230w, https:\/\/zs3pabianice.edu.pl\/wp\/wp-content\/uploads\/2024\/03\/plakat_VET-350x492.jpg 350w, https:\/\/zs3pabianice.edu.pl\/wp\/wp-content\/uploads\/2024\/03\/plakat_VET-480x675.jpg 480w, https:\/\/zs3pabianice.edu.pl\/wp\/wp-content\/uploads\/2024\/03\/plakat_VET-scaled.jpg 1821w\" sizes=\"auto, (max-width: 687px) 100vw, 687px\" \/><\/a><\/p>\n<h5><strong>Cele projektu<\/strong><\/h5>\n<ul>\n<li>kompleksowy rozw\u00f3j kompetencji i umiej\u0119tno\u015bci uczni\u00f3w ZS3,<\/li>\n<li>wzrost kwalifikacji zawodowych, j\u0119zykowych i personalno &#8211; spo\u0142ecznych poprzez udzia\u0142 w zagranicznych mobilno\u015bciach sektora VET.<\/li>\n<\/ul>\n<h5><strong>Dokumenty projektu<\/strong><\/h5>\n<ul>\n<li><a href=\"http:\/\/zs3pabianice.edu.pl\/wp\/wp-content\/uploads\/2024\/04\/regulamin-uczen-VET-2023_ZS3_Pabianice.pdf\">Regulamin rekrutacji i uczestnictwa uczni\u00f3w<\/a><\/li>\n<li><a href=\"http:\/\/zs3pabianice.edu.pl\/wp\/wp-content\/uploads\/2024\/04\/regulamin-nauczyciel-VET-2023.Pabianice.pdf\">Regulamin rekrutacji i uczestnictwa nauczycieli<\/a><\/li>\n<\/ul>\n<h5><strong>Informacja o post\u0119powaniu<\/strong><\/h5>\n<ul>\n<li><a href=\"http:\/\/zs3pabianice.edu.pl\/wp\/wp-content\/uploads\/2024\/03\/Plan-postepowan-na-rok-2024.pdf\">Plan post\u0119powa\u0144 na 2024 rok<\/a><\/li>\n<li><a href=\"https:\/\/ezamowienia.gov.pl\/mp-client\/search\/list\/ocds-148610-0a02b579-d7a1-11ee-a3b5-e25d731b0da9\">Adres strony internetowej prowadzonego post\u0119powania<\/a><\/li>\n<\/ul>\n<h5><strong>Realizacja projektu<\/strong><\/h5>\n<ul>\n<li><a href=\"https:\/\/www.facebook.com\/profile.php?id=100083308422877\">FB projektu<\/a><\/li>\n<li><a href=\"https:\/\/zs3pabianice.edu.pl\/index.php\/2024\/05\/08\/podsumowanie-mobilnosci-edukacyjnej-realizowanej-w-ramach-programu-erasmus\/\">Podsumowanie mobilno\u015bci<\/a><\/li>\n<li><a href=\"https:\/\/zs3pabianice.edu.pl\/wp\/wp-content\/uploads\/2024\/12\/VET-RAPORT_2023.pdf\">Raport ko\u0144cowy VET<\/a><\/li>\n<li><a href=\"https:\/\/zs3pabianice.edu.pl\/index.php\/2024\/06\/14\/8343\/\">Rozdanie certyfikat\u00f3w<\/a><\/li>\n<\/ul>\n\n\n<p><\/p>\n\n\n\n<p><\/p>\n","protected":false},"excerpt":{"rendered":"<p>Cele projektu kompleksowy rozw\u00f3j kompetencji i umiej\u0119tno\u015bci uczni\u00f3w ZS3, wzrost kwalifikacji zawodowych, j\u0119zykowych i personalno &#8211; spo\u0142ecznych poprzez udzia\u0142 w zagranicznych mobilno\u015bciach [&hellip;]<\/p>\n","protected":false},"author":1,"featured_media":0,"parent":5985,"menu_order":0,"comment_status":"closed","ping_status":"closed","template":"","meta":{"footnotes":""},"class_list":["post-7824","page","type-page","status-publish","hentry"],"_links":{"self":[{"href":"https:\/\/zs3pabianice.edu.pl\/index.php\/wp-json\/wp\/v2\/pages\/7824","targetHints":{"allow":["GET"]}}],"collection":[{"href":"https:\/\/zs3pabianice.edu.pl\/index.php\/wp-json\/wp\/v2\/pages"}],"about":[{"href":"https:\/\/zs3pabianice.edu.pl\/index.php\/wp-json\/wp\/v2\/types\/page"}],"author":[{"embeddable":true,"href":"https:\/\/zs3pabianice.edu.pl\/index.php\/wp-json\/wp\/v2\/users\/1"}],"replies":[{"embeddable":true,"href":"https:\/\/zs3pabianice.edu.pl\/index.php\/wp-json\/wp\/v2\/comments?post=7824"}],"version-history":[{"count":21,"href":"https:\/\/zs3pabianice.edu.pl\/index.php\/wp-json\/wp\/v2\/pages\/7824\/revisions"}],"predecessor-version":[{"id":9077,"href":"https:\/\/zs3pabianice.edu.pl\/index.php\/wp-json\/wp\/v2\/pages\/7824\/revisions\/9077"}],"up":[{"embeddable":true,"href":"https:\/\/zs3pabianice.edu.pl\/index.php\/wp-json\/wp\/v2\/pages\/5985"}],"wp:attachment":[{"href":"https:\/\/zs3pabianice.edu.pl\/index.php\/wp-json\/wp\/v2\/media?parent=7824"}],"curies":[{"name":"wp","href":"https:\/\/api.w.org\/{rel}","templated":true}]}}