{"id":7230,"date":"2023-07-06T16:09:28","date_gmt":"2023-07-06T14:09:28","guid":{"rendered":"https:\/\/zs3pabianice.edu.pl\/?page_id=7230"},"modified":"2023-07-06T16:09:28","modified_gmt":"2023-07-06T14:09:28","slug":"rozdanie-certyfikatow-edycja-2022-2023","status":"publish","type":"page","link":"https:\/\/zs3pabianice.edu.pl\/index.php\/power\/rozdanie-certyfikatow-edycja-2022-2023\/","title":{"rendered":"Rozdanie certyfikat\u00f3w &#8211; edycja 2022\/2023"},"content":{"rendered":"<p>16 czerwca 2023 roku odby\u0142a si\u0119 uroczysto\u015b\u0107 wr\u0119czenia certyfikat\u00f3w i Europass\u00f3w uczestnikom projekt\u00f3w realizowanych w ramach Programu Erasmus+, zak\u0142adaj\u0105cych mobilno\u015b\u0107 edukacyjn\u0105 w sektorach kszta\u0142cenie i szkolenia zawodowe oraz edukacja szkolna.<\/p>\n<p>Spotkanie by\u0142o okazj\u0105 do wspomnie\u0144 i wymiany do\u015bwiadcze\u0144. Przedstawiony film z podr\u00f3\u017cy do W\u0142och oraz prezentacja z praktyk w Grecji pozwoli\u0142y nam ponownie wr\u00f3ci\u0107 do miejsc i ludzi o kt\u00f3rych d\u0142ugo b\u0119dziemy pami\u0119ta\u0107.<\/p>\n<p>Klasa 4TFo przygotowa\u0142a r\u00f3wnie\u017c galeri\u0119 prac wykonanych w czasie praktyk. Kilkudniow\u0105 wystaw\u0119 mogli podziwia\u0107 uczniowie naszej szko\u0142y.<\/p>\n<p><a href=\"https:\/\/photos.app.goo.gl\/J9r2rQ2JUZX1hFKr5\" target=\"_blank\" rel=\"noopener\">Galeria zdj\u0119\u0107<\/a><\/p>\n","protected":false},"excerpt":{"rendered":"<p>16 czerwca 2023 roku odby\u0142a si\u0119 uroczysto\u015b\u0107 wr\u0119czenia certyfikat\u00f3w i Europass\u00f3w uczestnikom projekt\u00f3w realizowanych w ramach Programu Erasmus+, zak\u0142adaj\u0105cych mobilno\u015b\u0107 edukacyjn\u0105 w [&hellip;]<\/p>\n","protected":false},"author":4,"featured_media":0,"parent":719,"menu_order":0,"comment_status":"closed","ping_status":"closed","template":"","meta":{"footnotes":""},"class_list":["post-7230","page","type-page","status-publish","hentry"],"_links":{"self":[{"href":"https:\/\/zs3pabianice.edu.pl\/index.php\/wp-json\/wp\/v2\/pages\/7230","targetHints":{"allow":["GET"]}}],"collection":[{"href":"https:\/\/zs3pabianice.edu.pl\/index.php\/wp-json\/wp\/v2\/pages"}],"about":[{"href":"https:\/\/zs3pabianice.edu.pl\/index.php\/wp-json\/wp\/v2\/types\/page"}],"author":[{"embeddable":true,"href":"https:\/\/zs3pabianice.edu.pl\/index.php\/wp-json\/wp\/v2\/users\/4"}],"replies":[{"embeddable":true,"href":"https:\/\/zs3pabianice.edu.pl\/index.php\/wp-json\/wp\/v2\/comments?post=7230"}],"version-history":[{"count":1,"href":"https:\/\/zs3pabianice.edu.pl\/index.php\/wp-json\/wp\/v2\/pages\/7230\/revisions"}],"predecessor-version":[{"id":7231,"href":"https:\/\/zs3pabianice.edu.pl\/index.php\/wp-json\/wp\/v2\/pages\/7230\/revisions\/7231"}],"up":[{"embeddable":true,"href":"https:\/\/zs3pabianice.edu.pl\/index.php\/wp-json\/wp\/v2\/pages\/719"}],"wp:attachment":[{"href":"https:\/\/zs3pabianice.edu.pl\/index.php\/wp-json\/wp\/v2\/media?parent=7230"}],"curies":[{"name":"wp","href":"https:\/\/api.w.org\/{rel}","templated":true}]}}