{"id":722,"date":"2018-08-29T12:38:25","date_gmt":"2018-08-29T10:38:25","guid":{"rendered":"http:\/\/zs3pabianice.edu.pl\/wp\/?page_id=722"},"modified":"2025-11-05T15:11:19","modified_gmt":"2025-11-05T14:11:19","slug":"informacje-dla-rodzicow","status":"publish","type":"page","link":"https:\/\/zs3pabianice.edu.pl\/index.php\/informacje-dla-rodzicow\/","title":{"rendered":"Informacje dla rodzic\u00f3w"},"content":{"rendered":"\n<p><\/p>\n\n\n\n<h4 class=\"wp-block-heading\"><span style=\"text-decoration: underline;\">Zebrania z rodzicami w roku szkolnym 2025\/2026<\/span><\/h4>\n\n\n\n<p><\/p>\n\n\n\n<p><strong><span style=\"text-decoration: underline;\">04 wrze\u015bnia 2025 r. <\/span><\/strong><\/p>\n\n\n\n<p>godz. 16.30 &#8211; zebrania z rodzicami<br>\ngodz. 17.30 &#8211; zebranie Rady Rodzic\u00f3w<\/p>\n\n\n\n<p><strong><span style=\"text-decoration: underline;\">01 grudnia 2025 r. <\/span><\/strong><\/p>\n\n\n\n<p>godz. 16.00 &#8211; zebranie Rady Rodzic\u00f3w<br>\ngodz. 17.00 &#8211; zebrania z rodzicami<br>\ngodz. 17.30 &#8211; 18.30 &#8211; spotkania informacyjno-konsultacyjne nauczycieli z rodzicami<\/p>\n\n\n\n<p><strong><span style=\"text-decoration: underline;\">26 stycznia 2026 r. <\/span><\/strong><\/p>\n\n\n\n<p>godz. 16.00 &#8211; zebranie Rady Rodzic\u00f3w<br>\ngodz. 17.00 &#8211; zebrania z rodzicami<\/p>\n\n\n\n<p><strong><span style=\"text-decoration: underline;\">30 marca 2026 r. <\/span><\/strong><\/p>\n\n\n\n<p>godz. 17.00 &#8211; zebranie rodzic\u00f3w klas maturalnych<br>\ngodz. 17.30 &#8211; 18.30 &#8211; spotkania konsultacyjno-informacyjne z rodzicami <b>wszystkich klas<\/b><\/p>\n\n\n\n<p><strong><span style=\"text-decoration: underline;\">02 czerwca 2026 r. <\/span><\/strong><\/p>\n\n\n\n<p>godz. 16.00 &#8211; zebranie Rady Rodzic\u00f3w<br>\ngodz. 17.00 &#8211; zebrania z rodzicami<br>\ngodz. 17.30 &#8211; 18.30 &#8211; spotkania informacyjno-konsultacyjne z rodzicami<\/p>\n\n\n\n<p><\/p>\n\n\n\n<h4 class=\"wp-block-heading\"><span style=\"text-decoration: underline;\">Dzia\u0142ania w zakresie bezpiecze\u0144stwa<\/span><\/h4>\n\n\n\n<p>W  zwi\u0105zku z dzia\u0142aniami w zakresie zapewniania bezpiecze\u0144stwa uczniom,  przekazujemy informacj\u0119 o dzia\u0142aniach realizowanych w Zespole Szk\u00f3\u0142 Nr 3  w Pabianicach:<br>&#8211;  nauczyciele i pracownicy szko\u0142y uczestniczyli w szkoleniu dotycz\u0105cym  zapewnienia bezpiecze\u0144stwa uczniom zgodnie z przepisami wynikaj\u0105cymi z  prawa o\u015bwiatowego i procedur zachowania w sytuacjach kryzysowych i  nadzwyczajnych;<br>&#8211;  uczniowie do dnia 31 maja 2019 roku podczas zaj\u0119\u0107 z wychowawc\u0105 wezm\u0105  udzia\u0142 w zaj\u0119ciach dotycz\u0105cych czynnik\u00f3w warunkuj\u0105cych bezpiecze\u0144stwo w  szkole, zostan\u0105 zapoznani z procedurami zachowania si\u0119 w sytuacjach  nadzwyczajnych i obowi\u0105zkami wynikaj\u0105cymi z poszanowania drugiego  cz\u0142owieka;<br>&#8211; w szkole wystawiono anonimow\u0105 skrzynk\u0119 na sygna\u0142y.<br>Dodatkowo  w szczeg\u00f3lny spos\u00f3b zach\u0119camy Rodzic\u00f3w do zapoznania si\u0119 z procedurami  dotycz\u0105cymi bezpiecze\u0144stwa w szkole dost\u0119pnymi na stronie <a href=\"https:\/\/bezpiecznaszkola.men.gov.pl\/bezpieczna-szkola-zagrozenia-i-zalecane-dzialania-profilaktyczne-w-zakresie-bezpieczenstwa-fizycznego-i-cyfrowego-uczniow\/\"> Bezpieczna Szko\u0142a<\/a> <br>Szczeg\u00f3lnie wa\u017cne s\u0105 procedury zamieszczone na tej stronie w dw\u00f3ch punktach:<br>1.Zagro\u017cenia i zalecane dzia\u0142ania profilaktyczne w zakresie bezpiecze\u0144stwa fizycznego i cyfrowego uczni\u00f3w.<br>2. Procedury reagowania w przypadku wyst\u0105pienia wewn\u0119trznych i zewn\u0119trznych zagro\u017ce\u0144 fizycznych w szkole.<br><\/p>\n\n\n\n<p><\/p>\n","protected":false},"excerpt":{"rendered":"<p>Zebrania z rodzicami w roku szkolnym 2025\/2026 04 wrze\u015bnia 2025 r. godz. 16.30 &#8211; zebrania z rodzicami godz. 17.30 &#8211; zebranie Rady [&hellip;]<\/p>\n","protected":false},"author":1,"featured_media":0,"parent":0,"menu_order":0,"comment_status":"closed","ping_status":"closed","template":"","meta":{"footnotes":""},"class_list":["post-722","page","type-page","status-publish","hentry"],"_links":{"self":[{"href":"https:\/\/zs3pabianice.edu.pl\/index.php\/wp-json\/wp\/v2\/pages\/722","targetHints":{"allow":["GET"]}}],"collection":[{"href":"https:\/\/zs3pabianice.edu.pl\/index.php\/wp-json\/wp\/v2\/pages"}],"about":[{"href":"https:\/\/zs3pabianice.edu.pl\/index.php\/wp-json\/wp\/v2\/types\/page"}],"author":[{"embeddable":true,"href":"https:\/\/zs3pabianice.edu.pl\/index.php\/wp-json\/wp\/v2\/users\/1"}],"replies":[{"embeddable":true,"href":"https:\/\/zs3pabianice.edu.pl\/index.php\/wp-json\/wp\/v2\/comments?post=722"}],"version-history":[{"count":36,"href":"https:\/\/zs3pabianice.edu.pl\/index.php\/wp-json\/wp\/v2\/pages\/722\/revisions"}],"predecessor-version":[{"id":10726,"href":"https:\/\/zs3pabianice.edu.pl\/index.php\/wp-json\/wp\/v2\/pages\/722\/revisions\/10726"}],"wp:attachment":[{"href":"https:\/\/zs3pabianice.edu.pl\/index.php\/wp-json\/wp\/v2\/media?parent=722"}],"curies":[{"name":"wp","href":"https:\/\/api.w.org\/{rel}","templated":true}]}}