{"id":679,"date":"2018-04-17T10:41:48","date_gmt":"2018-04-17T08:41:48","guid":{"rendered":"http:\/\/zs3pabianice.edu.pl\/wp\/?page_id=679"},"modified":"2023-02-21T11:34:37","modified_gmt":"2023-02-21T10:34:37","slug":"technik-logistyk","status":"publish","type":"page","link":"https:\/\/zs3pabianice.edu.pl\/index.php\/oferta-ksztalcenia-po-sp\/technik-logistyk\/","title":{"rendered":"Technik logistyk"},"content":{"rendered":"\n<figure class=\"wp-block-image size-full\"><img loading=\"lazy\" decoding=\"async\" width=\"960\" height=\"720\" src=\"http:\/\/zs3pabianice.edu.pl\/wp\/wp-content\/uploads\/2023\/02\/logistyk-1.jpg\" alt=\"\" class=\"wp-image-6353\" srcset=\"https:\/\/zs3pabianice.edu.pl\/wp\/wp-content\/uploads\/2023\/02\/logistyk-1.jpg 960w, https:\/\/zs3pabianice.edu.pl\/wp\/wp-content\/uploads\/2023\/02\/logistyk-1-300x225.jpg 300w, https:\/\/zs3pabianice.edu.pl\/wp\/wp-content\/uploads\/2023\/02\/logistyk-1-768x576.jpg 768w, https:\/\/zs3pabianice.edu.pl\/wp\/wp-content\/uploads\/2023\/02\/logistyk-1-920x690.jpg 920w, https:\/\/zs3pabianice.edu.pl\/wp\/wp-content\/uploads\/2023\/02\/logistyk-1-230x173.jpg 230w, https:\/\/zs3pabianice.edu.pl\/wp\/wp-content\/uploads\/2023\/02\/logistyk-1-350x263.jpg 350w, https:\/\/zs3pabianice.edu.pl\/wp\/wp-content\/uploads\/2023\/02\/logistyk-1-480x360.jpg 480w\" sizes=\"auto, (max-width: 960px) 100vw, 960px\" \/><\/figure>\n\n\n<p>Technik logistyk\u00a0zajmuje si\u0119 planowaniem, organizowaniem, kierowaniem <br \/>i kontrolowaniem przemieszczania towar\u00f3w od producenta do konsumenta, analizuje stan zapas\u00f3w i nimi zarz\u0105dza, obs\u0142uguje zam\u00f3wienia i organizuje transport, wykorzystuj\u0105c w tym celu systemy informatyczne.<\/p>\n<p><strong>Kierunek dedykowany jest dla os\u00f3b posiadaj\u0105cych takie umiej\u0119tno\u015bci, jak: <\/strong><\/p>\n<ul>\n<li>umiej\u0119tno\u015b\u0107 planowania i organizacji pracy,<\/li>\n<li>umiej\u0119tno\u015b\u0107 analitycznego my\u015blenia,<\/li>\n<li>zdolno\u015b\u0107 zarz\u0105dzania (sob\u0105 oraz innymi osobami, a\u00a0tak\u017ce towarem, kt\u00f3rym dysponuje logistyk),<\/li>\n<li>zdolno\u015b\u0107 pracy pod presj\u0105 czasu.<\/li>\n<\/ul>\n<p><strong>Po uko\u0144czeniu szko\u0142y absolwent potrafi:<\/strong><\/p>\n<ul>\n<li>zarz\u0105dza\u0107 \u0142a\u0144cuchem dostaw w przedsi\u0119biorstwie,<\/li>\n<li>zarz\u0105dza\u0107 zapasami surowc\u00f3w, materia\u0142\u00f3w i wyrob\u00f3w gotowych,<\/li>\n<li>organizowa\u0107 prace zwi\u0105zane z gospodark\u0105 magazynow\u0105,<\/li>\n<li>zarz\u0105dza\u0107 gospodark\u0105 odpadami,<\/li>\n<li>obs\u0142ugiwa\u0107 programy transportowe i magazynowe (SMART, CARTALL TRUCK, INSERT, SPEDTRANS), a tak\u017ce korzysta\u0107 z funkcji programu Microsoft EXCEL,<\/li>\n<li>osoby bior\u0105ce udzia\u0142 w projektach unijnych maj\u0105 mo\u017cliwo\u015b\u0107 uko\u0144czenia: kursu operator\u00f3w w\u00f3zk\u00f3w wid\u0142owych, kursu nowoczesny magazynier, a tak\u017ce kursu prawa jazdy kat. B.<\/li>\n<\/ul>\n<p><strong>Absolwent technikum logistycznego<\/strong> ma mo\u017cliwo\u015b\u0107 pracy w przedsi\u0119biorstwach logistycznych, produkcyjnych, farmaceutycznych, budowlanych, firmach spedycyjnych i transportowych, portach morskich, na kolei.<\/p>\n<p><strong>Praktyki zawodowe trwaj\u0105 8 tygodni (280 godzin). <\/strong>Odbywaj\u0105 si\u0119 w najlepszych firmach logistycznych, spedycyjnych i transportowych (m.in. IKEA, JUMI, ADAMED, AFLOFARM), w kt\u00f3rych nasi uczniowie i absolwenci cz\u0119sto zostaj\u0105 ju\u017c jako pracownicy. Cz\u0119\u015b\u0107 praktyk mo\u017ce odbywa\u0107 si\u0119 poza granicami kraju &#8211; w ramach realizowanych przez szko\u0142\u0119 projekt\u00f3w unijnych.<\/p>\n<p><strong>W trakcie nauki uczniowie zdobywaj\u0105 nast\u0119puj\u0105ce kwalifikacje zawodowe:<\/strong><\/p>\n<ul>\n<li>SPL. 01. Obs\u0142uga magazyn\u00f3w (egzamin w klasie III),<\/li>\n<li>SPL. 04. Organizacja transportu (egzamin w klasie V).<\/li>\n<\/ul>\n<p>Po zdanym egzaminie z danej kwalifikacji ucze\u0144 uzyskuje certyfikat kwalifikacji zawodowej wydany przez Okr\u0119gow\u0105 Komisj\u0119 Egzaminacyjn\u0105, a nast\u0119pnie, po zdaniu wszystkich kwalifikacji, otrzymuje dyplom technika potwierdzaj\u0105cy kwalifikacje w zawodzie technik logistyk.<\/p>\n<p><!--\n\n\n\n\n\n\n\n\n\n\n\n<p><strong><em><u>W ramach dodatkowych umiej\u0119tno\u015bci na zaj\u0119ciach zawodowych uzupe\u0142niaj\u0105cych, mo\u017cesz wybra\u0107 jeden z dodatkowych przedmiot\u00f3w:<\/u><\/em><\/strong><\/p>\n\n\n\n\n\n\n\n\n\n\n\n\n\n\n\n\n\n\n\n\n<p><strong>T<\/strong><strong>ransport w gospodarce globalnej.<\/strong><\/p>\n\n\n\n\n\n\n\n\n\n\n\n\n\n\n\n\n\n\n\n\n<p><strong><em>&nbsp;<\/em><\/strong>Celem tego przedmiotu jest przekazanie wiedzy oraz praktycznych umiej\u0119tno\u015bci z transportu i spedycji. Absolwenci uzyskuj\u0105 najwy\u017csze kwalifikacje w zakresie kompleksowego organizowania transportu krajowego i mi\u0119dzynarodowego. Uczniowie zostan\u0105 przygotowani do pracy w przedsi\u0119biorstwach dzia\u0142aj\u0105cych w bran\u017cy TSL (Transport \u2013 Spedycja - Logistyka), jak r\u00f3wnie\u017c do samodzielnego prowadzenia przedsi\u0119biorstwa.<\/p>\n\n\n\n\n\n\n\n\n\n\n\n\n\n\n\n\n\n\n\n\n<p><strong>Absolwenci b\u0119d\u0105 posiadali wiedz\u0119 z zakresu:<\/strong><\/p>\n\n\n\n\n\n\n\n\n\n\n\n\n\n\n\n\n\n\n\n\n<ul>\n\n\n\n\n\n\n\n\n\n\n<li>infrastruktury transportu globalnego,<\/li>\n\n\n\n\n\n\n\n\n\n\n\n\n\n\n\n\n\n\n\n\n<li>sposob\u00f3w i metod zabezpieczania \u0142adunk\u00f3w,<\/li>\n\n\n\n\n\n\n\n\n\n\n\n\n\n\n\n\n\n\n\n\n<li>bezpiecze\u0144stwa drogowego,<\/li>\n\n\n\n\n\n\n\n\n\n\n\n\n\n\n\n\n\n\n\n\n<li>nowoczesnych system\u00f3w informatycznych wspomagaj\u0105cych procesy spedycyjne i transportowe,<\/li>\n\n\n\n\n\n\n\n\n\n\n\n\n\n\n\n\n\n\n\n\n<li>zawierania um\u00f3w spedycji i przewozu,<\/li>\n\n\n\n\n\n\n\n\n\n\n\n\n\n\n\n\n\n\n\n\n<li>realizacji transport\u00f3w specjalnych,<\/li>\n\n\n\n\n\n\n\n\n\n\n\n\n\n\n\n\n\n\n\n\n<li>prawa transportowego,<\/li>\n\n\n\n\n\n\n\n\n\n\n\n\n\n\n\n\n\n\n\n\n<li>dokumentacji transportowej i spedycyjnej.<\/li>\n\n\n\n\n\n\n\n\n\n\n<\/ul>\n\n\n\n\n\n\n\n\n\n\n\n\n\n\n\n\n\n\n\n\n<p><strong>Absolwenci b\u0119d\u0105 posiadali umiej\u0119tno\u015bci w zakresie:<\/strong><\/p>\n\n\n\n\n\n\n\n\n\n\n\n\n\n\n\n\n\n\n\n\n<ul>\n\n\n\n\n\n\n\n\n\n\n<li>analizy i optymalizacji procesu transportowego,<\/li>\n\n\n\n\n\n\n\n\n\n\n\n\n\n\n\n\n\n\n\n\n<li>organizacji transportu,<\/li>\n\n\n\n\n\n\n\n\n\n\n\n\n\n\n\n\n\n\n\n\n<li>obs\u0142ugi klienta,<\/li>\n\n\n\n\n\n\n\n\n\n\n\n\n\n\n\n\n\n\n\n\n<li>zarz\u0105dzania przedsi\u0119biorstwem,<\/li>\n\n\n\n\n\n\n\n\n\n\n\n\n\n\n\n\n\n\n\n\n<li>zastosowania system\u00f3w informatycznych,<\/li>\n\n\n\n\n\n\n\n\n\n\n\n\n\n\n\n\n\n\n\n\n<li>stosowania odpowiednich przepis\u00f3w.<\/li>\n\n\n\n\n\n\n\n\n\n\n<\/ul>\n\n\n\n\n\n\n\n\n\n\n\n\n\n\n\n\n\n\n\n\n<p>Absolwenci b\u0119d\u0105 przygotowani do podj\u0119cia pracy na stanowiskach operacyjnych w przedsi\u0119biorstwach bran\u017cy TSL, a tak\u017ce na stanowiskach zwi\u0105zanych z planowaniem, organizacj\u0105, realizacj\u0105 i kontrolowaniem dzia\u0142alno\u015bci firm w obszarze transportu.<\/p>\n\n\n\n\n\n\n\n\n\n\n\n\n\n\n\n\n\n\n\n\n<p><strong>&nbsp;<\/strong><strong>Logistyka miejska.<\/strong><\/p>\n\n\n\n\n\n\n\n\n\n\n\n\n\n\n\n\n\n\n\n\n<p><strong>&nbsp;<\/strong>Celem <strong>przedmiotu<\/strong> jest wprowadzenie zagadnie\u0144 z zakresu zintegrowania \u017cycia mieszka\u0144c\u00f3w miast z takimi dziedzinami jak: transport, przemys\u0142, handel i us\u0142ugi. Zaj\u0119cia praktyczne obejmuj\u0105 organizacj\u0119 transportu miejskiego, imprez masowych i gospodarki odpadami na terenie miasta.&nbsp;<\/p>\n\n\n\n\n\n\n\n\n\n\n\n\n\n\n\n\n\n\n\n\n<p><strong>Absolwenci b\u0119d\u0105 posiadali wiedz\u0119 z zakresu:<\/strong><\/p>\n\n\n\n\n\n\n\n\n\n\n\n\n\n\n\n\n\n\n\n\n<ul>\n\n\n\n\n\n\n\n\n\n\n<li>logistyki miejskiej,<\/li>\n\n\n\n\n\n\n\n\n\n\n\n\n\n\n\n\n\n\n\n\n<li>infrastruktury miejskiej,<\/li>\n\n\n\n\n\n\n\n\n\n\n\n\n\n\n\n\n\n\n\n\n<li>organizacji transportu miejskiego,<\/li>\n\n\n\n\n\n\n\n\n\n\n\n\n\n\n\n\n\n\n\n\n<li>logistycznej obs\u0142ugi imprez masowych,<\/li>\n\n\n\n\n\n\n\n\n\n\n\n\n\n\n\n\n\n\n\n\n<li>zasad gospodarki odpadami,<\/li>\n\n\n\n\n\n\n\n\n\n\n\n\n\n\n\n\n\n\n\n\n<li>dokumentacji logistycznej jednostki administracyjnej.<\/li>\n\n\n\n\n\n\n\n\n\n\n<\/ul>\n\n\n\n\n\n\n\n\n\n\n\n\n\n\n\n\n\n\n\n\n<p><strong>Absolwenci b\u0119d\u0105 posiadali umiej\u0119tno\u015bci w zakresie:<\/strong><\/p>\n\n\n\n\n\n\n\n\n\n\n\n\n\n\n\n\n\n\n\n\n<ul>\n\n\n\n\n\n\n\n\n\n\n<li>analizy i oceny infrastruktury miejskiej,<\/li>\n\n\n\n\n\n\n\n\n\n\n\n\n\n\n\n\n\n\n\n\n<li>organizacji transportu miejskiego,<\/li>\n\n\n\n\n\n\n\n\n\n\n\n\n\n\n\n\n\n\n\n\n<li>organizacji imprez masowych,<\/li>\n\n\n\n\n\n\n\n\n\n\n\n\n\n\n\n\n\n\n\n\n<li>wyznaczania koszt\u00f3w gospodarki odpadami.<\/li>\n\n\n\n\n\n\n\n\n\n\n<\/ul>\n\n\n\n\n\n\n\n\n\n\n\n\n\n\n\n\n\n\n\n\n<p>Absolwenci uzyskaj\u0105 kwalifikacje umo\u017cliwiaj\u0105ce im podj\u0119cie pracy w jednostkach administracji publicznej i przedsi\u0119biorstwach wsp\u00f3\u0142pracuj\u0105cych, zajmuj\u0105cych si\u0119 transportem, przemys\u0142em oraz handlem i us\u0142ugami na rzecz spo\u0142eczno\u015bci miejskiej.<\/p>\n\n\n\n\n\n\n\n\n\n\n\n--><\/p>\n<p><strong>Absolwent technikum logistycznego<\/strong> <strong>mo\u017ce podj\u0105\u0107 studia na kierunkach:<\/strong> transport, spedycja, logistyka, organizacja, zarz\u0105dzanie, handel.<\/p>\n<p><strong>\u00a0<\/strong><strong>Przedmiot realizowany w zakresie rozszerzonym:<\/strong> j\u0119zyk angielski lub geografia.<\/p>\n<p><strong>Przedmioty uwzgl\u0119dniane w rekrutacji:<\/strong> j\u0119zyk polski, j\u0119zyk angielski, matematyka, geografia.<\/p>\n<p><strong>Cykl kszta\u0142cenia w technikum logistycznym ko\u0144czy si\u0119 uzyskaniem dyplomu technika potwierdzaj\u0105cego kwalifikacje w zawodzie technik logistyk.<\/strong><\/p>\n<p>\u00a0<\/p>\n\n\n<figure class=\"wp-block-embed is-type-video is-provider-youtube wp-block-embed-youtube wp-embed-aspect-16-9 wp-has-aspect-ratio\"><div class=\"wp-block-embed__wrapper\">\n<iframe loading=\"lazy\" title=\"Technik logistyk w Zespole Szk\u00f3\u0142 Nr 3\" width=\"1170\" height=\"658\" src=\"https:\/\/www.youtube.com\/embed\/PZD1czP1sBI?feature=oembed\" frameborder=\"0\" allow=\"accelerometer; autoplay; clipboard-write; encrypted-media; gyroscope; picture-in-picture; web-share\" allowfullscreen><\/iframe>\n<\/div><\/figure>\n\n\n\n\n\n<figure class=\"wp-block-embed is-type-video is-provider-youtube wp-block-embed-youtube wp-embed-aspect-16-9 wp-has-aspect-ratio\"><div class=\"wp-block-embed__wrapper\">\n<iframe loading=\"lazy\" title=\"Technikum logistyczne w ZS3 w Pabianicach\" width=\"1170\" height=\"658\" src=\"https:\/\/www.youtube.com\/embed\/fUTFFx3_TYA?feature=oembed\" frameborder=\"0\" allow=\"accelerometer; autoplay; clipboard-write; encrypted-media; gyroscope; picture-in-picture; web-share\" allowfullscreen><\/iframe>\n<\/div><\/figure>\n\n\n\n<h4 class=\"wp-block-heading\">Absolwenci Technikum Logistycznego w ZS 3 <\/h4>\n\n\n\n<figure class=\"wp-block-embed is-type-video is-provider-youtube wp-block-embed-youtube wp-embed-aspect-16-9 wp-has-aspect-ratio\"><div class=\"wp-block-embed__wrapper\">\n<iframe loading=\"lazy\" title=\"Radek Koch - logistyk\" width=\"1170\" height=\"658\" src=\"https:\/\/www.youtube.com\/embed\/Xr6-y8dcGzA?feature=oembed\" frameborder=\"0\" allow=\"accelerometer; autoplay; clipboard-write; encrypted-media; gyroscope; picture-in-picture; web-share\" allowfullscreen><\/iframe>\n<\/div><\/figure>\n\n\n\n<figure class=\"wp-block-embed is-type-video is-provider-youtube wp-block-embed-youtube wp-embed-aspect-16-9 wp-has-aspect-ratio\"><div class=\"wp-block-embed__wrapper\">\n<iframe loading=\"lazy\" title=\"Sylwia - logistyk.\" width=\"1170\" height=\"658\" src=\"https:\/\/www.youtube.com\/embed\/KUydjleFX-Y?feature=oembed\" frameborder=\"0\" allow=\"accelerometer; autoplay; clipboard-write; encrypted-media; gyroscope; picture-in-picture; web-share\" allowfullscreen><\/iframe>\n<\/div><\/figure>\n\n\n\n<figure class=\"wp-block-embed is-type-video is-provider-youtube wp-block-embed-youtube wp-embed-aspect-4-3 wp-has-aspect-ratio\"><div class=\"wp-block-embed__wrapper\">\n<iframe loading=\"lazy\" title=\"Mi\u0142osz - logistyk\" width=\"1170\" height=\"878\" src=\"https:\/\/www.youtube.com\/embed\/7De5H86Xwyk?feature=oembed\" frameborder=\"0\" allow=\"accelerometer; autoplay; clipboard-write; encrypted-media; gyroscope; picture-in-picture; web-share\" allowfullscreen><\/iframe>\n<\/div><\/figure>\n\n\n\n<figure class=\"wp-block-embed is-type-video is-provider-youtube wp-block-embed-youtube wp-embed-aspect-16-9 wp-has-aspect-ratio\"><div class=\"wp-block-embed__wrapper\">\n<iframe loading=\"lazy\" title=\"Sara - logistyk\" width=\"1170\" height=\"658\" src=\"https:\/\/www.youtube.com\/embed\/hiyTqv8UyMs?feature=oembed\" frameborder=\"0\" allow=\"accelerometer; autoplay; clipboard-write; encrypted-media; gyroscope; picture-in-picture; web-share\" allowfullscreen><\/iframe>\n<\/div><\/figure>\n","protected":false},"excerpt":{"rendered":"<p>Technik logistyk\u00a0zajmuje si\u0119 planowaniem, organizowaniem, kierowaniem i kontrolowaniem przemieszczania towar\u00f3w od producenta do konsumenta, analizuje stan zapas\u00f3w i nimi zarz\u0105dza, obs\u0142uguje zam\u00f3wienia [&hellip;]<\/p>\n","protected":false},"author":1,"featured_media":0,"parent":1834,"menu_order":0,"comment_status":"closed","ping_status":"closed","template":"","meta":{"footnotes":""},"class_list":["post-679","page","type-page","status-publish","hentry"],"_links":{"self":[{"href":"https:\/\/zs3pabianice.edu.pl\/index.php\/wp-json\/wp\/v2\/pages\/679","targetHints":{"allow":["GET"]}}],"collection":[{"href":"https:\/\/zs3pabianice.edu.pl\/index.php\/wp-json\/wp\/v2\/pages"}],"about":[{"href":"https:\/\/zs3pabianice.edu.pl\/index.php\/wp-json\/wp\/v2\/types\/page"}],"author":[{"embeddable":true,"href":"https:\/\/zs3pabianice.edu.pl\/index.php\/wp-json\/wp\/v2\/users\/1"}],"replies":[{"embeddable":true,"href":"https:\/\/zs3pabianice.edu.pl\/index.php\/wp-json\/wp\/v2\/comments?post=679"}],"version-history":[{"count":25,"href":"https:\/\/zs3pabianice.edu.pl\/index.php\/wp-json\/wp\/v2\/pages\/679\/revisions"}],"predecessor-version":[{"id":6383,"href":"https:\/\/zs3pabianice.edu.pl\/index.php\/wp-json\/wp\/v2\/pages\/679\/revisions\/6383"}],"up":[{"embeddable":true,"href":"https:\/\/zs3pabianice.edu.pl\/index.php\/wp-json\/wp\/v2\/pages\/1834"}],"wp:attachment":[{"href":"https:\/\/zs3pabianice.edu.pl\/index.php\/wp-json\/wp\/v2\/media?parent=679"}],"curies":[{"name":"wp","href":"https:\/\/api.w.org\/{rel}","templated":true}]}}