{"id":6044,"date":"2023-02-07T12:21:22","date_gmt":"2023-02-07T11:21:22","guid":{"rendered":"https:\/\/zs3pabianice.edu.pl\/?page_id=6044"},"modified":"2023-02-10T17:21:36","modified_gmt":"2023-02-10T16:21:36","slug":"galeria-zdjec","status":"publish","type":"page","link":"https:\/\/zs3pabianice.edu.pl\/index.php\/projekt-rpld-11-03-01-10-0039-21\/galeria-zdjec\/","title":{"rendered":"Galeria zdj\u0119\u0107"},"content":{"rendered":"<p><strong>Zaj\u0119cia z kursu dla operator\u00f3w w\u00f3zk\u00f3w wid\u0142owych dla uczni\u00f3w Technikum Logistycznego<\/strong><\/p>\n<div id='gallery-1' class='gallery galleryid-6044 gallery-columns-3 gallery-size-medium'><figure class='gallery-item'>\n\t\t\t<div class='gallery-icon landscape'>\n\t\t\t\t<a href='https:\/\/zs3pabianice.edu.pl\/wp\/wp-content\/uploads\/2023\/02\/Projekt_wozki1.jpg'><img loading=\"lazy\" decoding=\"async\" width=\"300\" height=\"225\" src=\"https:\/\/zs3pabianice.edu.pl\/wp\/wp-content\/uploads\/2023\/02\/Projekt_wozki1-300x225.jpg\" class=\"attachment-medium size-medium\" alt=\"\" srcset=\"https:\/\/zs3pabianice.edu.pl\/wp\/wp-content\/uploads\/2023\/02\/Projekt_wozki1-300x225.jpg 300w, https:\/\/zs3pabianice.edu.pl\/wp\/wp-content\/uploads\/2023\/02\/Projekt_wozki1-1024x768.jpg 1024w, https:\/\/zs3pabianice.edu.pl\/wp\/wp-content\/uploads\/2023\/02\/Projekt_wozki1-768x576.jpg 768w, https:\/\/zs3pabianice.edu.pl\/wp\/wp-content\/uploads\/2023\/02\/Projekt_wozki1-920x690.jpg 920w, https:\/\/zs3pabianice.edu.pl\/wp\/wp-content\/uploads\/2023\/02\/Projekt_wozki1-230x173.jpg 230w, https:\/\/zs3pabianice.edu.pl\/wp\/wp-content\/uploads\/2023\/02\/Projekt_wozki1-350x263.jpg 350w, https:\/\/zs3pabianice.edu.pl\/wp\/wp-content\/uploads\/2023\/02\/Projekt_wozki1-480x360.jpg 480w, https:\/\/zs3pabianice.edu.pl\/wp\/wp-content\/uploads\/2023\/02\/Projekt_wozki1.jpg 1280w\" sizes=\"auto, (max-width: 300px) 100vw, 300px\" \/><\/a>\n\t\t\t<\/div><\/figure><figure class='gallery-item'>\n\t\t\t<div class='gallery-icon landscape'>\n\t\t\t\t<a href='https:\/\/zs3pabianice.edu.pl\/wp\/wp-content\/uploads\/2023\/02\/Projekt_wozki2.jpg'><img loading=\"lazy\" decoding=\"async\" width=\"300\" height=\"225\" src=\"https:\/\/zs3pabianice.edu.pl\/wp\/wp-content\/uploads\/2023\/02\/Projekt_wozki2-300x225.jpg\" class=\"attachment-medium size-medium\" alt=\"\" srcset=\"https:\/\/zs3pabianice.edu.pl\/wp\/wp-content\/uploads\/2023\/02\/Projekt_wozki2-300x225.jpg 300w, https:\/\/zs3pabianice.edu.pl\/wp\/wp-content\/uploads\/2023\/02\/Projekt_wozki2-1024x768.jpg 1024w, https:\/\/zs3pabianice.edu.pl\/wp\/wp-content\/uploads\/2023\/02\/Projekt_wozki2-768x576.jpg 768w, https:\/\/zs3pabianice.edu.pl\/wp\/wp-content\/uploads\/2023\/02\/Projekt_wozki2-920x690.jpg 920w, https:\/\/zs3pabianice.edu.pl\/wp\/wp-content\/uploads\/2023\/02\/Projekt_wozki2-230x173.jpg 230w, https:\/\/zs3pabianice.edu.pl\/wp\/wp-content\/uploads\/2023\/02\/Projekt_wozki2-350x263.jpg 350w, https:\/\/zs3pabianice.edu.pl\/wp\/wp-content\/uploads\/2023\/02\/Projekt_wozki2-480x360.jpg 480w, https:\/\/zs3pabianice.edu.pl\/wp\/wp-content\/uploads\/2023\/02\/Projekt_wozki2.jpg 1280w\" sizes=\"auto, (max-width: 300px) 100vw, 300px\" \/><\/a>\n\t\t\t<\/div><\/figure><figure class='gallery-item'>\n\t\t\t<div class='gallery-icon portrait'>\n\t\t\t\t<a href='https:\/\/zs3pabianice.edu.pl\/wp\/wp-content\/uploads\/2023\/02\/Projekt_wozki3.jpg'><img loading=\"lazy\" decoding=\"async\" width=\"225\" height=\"300\" src=\"https:\/\/zs3pabianice.edu.pl\/wp\/wp-content\/uploads\/2023\/02\/Projekt_wozki3-225x300.jpg\" class=\"attachment-medium size-medium\" alt=\"\" srcset=\"https:\/\/zs3pabianice.edu.pl\/wp\/wp-content\/uploads\/2023\/02\/Projekt_wozki3-225x300.jpg 225w, https:\/\/zs3pabianice.edu.pl\/wp\/wp-content\/uploads\/2023\/02\/Projekt_wozki3-768x1024.jpg 768w, https:\/\/zs3pabianice.edu.pl\/wp\/wp-content\/uploads\/2023\/02\/Projekt_wozki3-920x1227.jpg 920w, https:\/\/zs3pabianice.edu.pl\/wp\/wp-content\/uploads\/2023\/02\/Projekt_wozki3-230x307.jpg 230w, https:\/\/zs3pabianice.edu.pl\/wp\/wp-content\/uploads\/2023\/02\/Projekt_wozki3-350x467.jpg 350w, https:\/\/zs3pabianice.edu.pl\/wp\/wp-content\/uploads\/2023\/02\/Projekt_wozki3-480x640.jpg 480w, https:\/\/zs3pabianice.edu.pl\/wp\/wp-content\/uploads\/2023\/02\/Projekt_wozki3.jpg 960w\" sizes=\"auto, (max-width: 225px) 100vw, 225px\" \/><\/a>\n\t\t\t<\/div><\/figure><figure class='gallery-item'>\n\t\t\t<div class='gallery-icon landscape'>\n\t\t\t\t<a href='https:\/\/zs3pabianice.edu.pl\/wp\/wp-content\/uploads\/2023\/02\/Projekt_wozki4.jpg'><img loading=\"lazy\" decoding=\"async\" width=\"300\" height=\"225\" src=\"https:\/\/zs3pabianice.edu.pl\/wp\/wp-content\/uploads\/2023\/02\/Projekt_wozki4-300x225.jpg\" class=\"attachment-medium size-medium\" alt=\"\" srcset=\"https:\/\/zs3pabianice.edu.pl\/wp\/wp-content\/uploads\/2023\/02\/Projekt_wozki4-300x225.jpg 300w, https:\/\/zs3pabianice.edu.pl\/wp\/wp-content\/uploads\/2023\/02\/Projekt_wozki4-1024x768.jpg 1024w, https:\/\/zs3pabianice.edu.pl\/wp\/wp-content\/uploads\/2023\/02\/Projekt_wozki4-768x576.jpg 768w, https:\/\/zs3pabianice.edu.pl\/wp\/wp-content\/uploads\/2023\/02\/Projekt_wozki4-920x690.jpg 920w, https:\/\/zs3pabianice.edu.pl\/wp\/wp-content\/uploads\/2023\/02\/Projekt_wozki4-230x173.jpg 230w, https:\/\/zs3pabianice.edu.pl\/wp\/wp-content\/uploads\/2023\/02\/Projekt_wozki4-350x263.jpg 350w, https:\/\/zs3pabianice.edu.pl\/wp\/wp-content\/uploads\/2023\/02\/Projekt_wozki4-480x360.jpg 480w, https:\/\/zs3pabianice.edu.pl\/wp\/wp-content\/uploads\/2023\/02\/Projekt_wozki4.jpg 1280w\" sizes=\"auto, (max-width: 300px) 100vw, 300px\" \/><\/a>\n\t\t\t<\/div><\/figure>\n\t\t<\/div>\n\n<p><strong>Zaj\u0119cia z zakresu ksi\u0119gowo\u015bci komputerowej dla uczni\u00f3w Technikum Ekonomicznego<\/strong><\/p>\n<div id='gallery-2' class='gallery galleryid-6044 gallery-columns-3 gallery-size-medium'><figure class='gallery-item'>\n\t\t\t<div class='gallery-icon portrait'>\n\t\t\t\t<a href='https:\/\/zs3pabianice.edu.pl\/wp\/wp-content\/uploads\/2023\/02\/Projekt_zad2_1.jpg'><img loading=\"lazy\" decoding=\"async\" width=\"225\" height=\"300\" src=\"https:\/\/zs3pabianice.edu.pl\/wp\/wp-content\/uploads\/2023\/02\/Projekt_zad2_1-225x300.jpg\" class=\"attachment-medium size-medium\" alt=\"\" srcset=\"https:\/\/zs3pabianice.edu.pl\/wp\/wp-content\/uploads\/2023\/02\/Projekt_zad2_1-225x300.jpg 225w, https:\/\/zs3pabianice.edu.pl\/wp\/wp-content\/uploads\/2023\/02\/Projekt_zad2_1-768x1024.jpg 768w, https:\/\/zs3pabianice.edu.pl\/wp\/wp-content\/uploads\/2023\/02\/Projekt_zad2_1-920x1227.jpg 920w, https:\/\/zs3pabianice.edu.pl\/wp\/wp-content\/uploads\/2023\/02\/Projekt_zad2_1-230x307.jpg 230w, https:\/\/zs3pabianice.edu.pl\/wp\/wp-content\/uploads\/2023\/02\/Projekt_zad2_1-350x467.jpg 350w, https:\/\/zs3pabianice.edu.pl\/wp\/wp-content\/uploads\/2023\/02\/Projekt_zad2_1-480x640.jpg 480w, https:\/\/zs3pabianice.edu.pl\/wp\/wp-content\/uploads\/2023\/02\/Projekt_zad2_1.jpg 960w\" sizes=\"auto, (max-width: 225px) 100vw, 225px\" \/><\/a>\n\t\t\t<\/div><\/figure><figure class='gallery-item'>\n\t\t\t<div class='gallery-icon portrait'>\n\t\t\t\t<a href='https:\/\/zs3pabianice.edu.pl\/wp\/wp-content\/uploads\/2023\/02\/Projekt_zad2_2.jpg'><img loading=\"lazy\" decoding=\"async\" width=\"225\" height=\"300\" src=\"https:\/\/zs3pabianice.edu.pl\/wp\/wp-content\/uploads\/2023\/02\/Projekt_zad2_2-225x300.jpg\" class=\"attachment-medium size-medium\" alt=\"\" srcset=\"https:\/\/zs3pabianice.edu.pl\/wp\/wp-content\/uploads\/2023\/02\/Projekt_zad2_2-225x300.jpg 225w, https:\/\/zs3pabianice.edu.pl\/wp\/wp-content\/uploads\/2023\/02\/Projekt_zad2_2-768x1024.jpg 768w, https:\/\/zs3pabianice.edu.pl\/wp\/wp-content\/uploads\/2023\/02\/Projekt_zad2_2-920x1227.jpg 920w, https:\/\/zs3pabianice.edu.pl\/wp\/wp-content\/uploads\/2023\/02\/Projekt_zad2_2-230x307.jpg 230w, https:\/\/zs3pabianice.edu.pl\/wp\/wp-content\/uploads\/2023\/02\/Projekt_zad2_2-350x467.jpg 350w, https:\/\/zs3pabianice.edu.pl\/wp\/wp-content\/uploads\/2023\/02\/Projekt_zad2_2-480x640.jpg 480w, https:\/\/zs3pabianice.edu.pl\/wp\/wp-content\/uploads\/2023\/02\/Projekt_zad2_2.jpg 960w\" sizes=\"auto, (max-width: 225px) 100vw, 225px\" \/><\/a>\n\t\t\t<\/div><\/figure><figure class='gallery-item'>\n\t\t\t<div class='gallery-icon portrait'>\n\t\t\t\t<a href='https:\/\/zs3pabianice.edu.pl\/wp\/wp-content\/uploads\/2023\/02\/Projekt_zad2_3.jpg'><img loading=\"lazy\" decoding=\"async\" width=\"225\" height=\"300\" src=\"https:\/\/zs3pabianice.edu.pl\/wp\/wp-content\/uploads\/2023\/02\/Projekt_zad2_3-225x300.jpg\" class=\"attachment-medium size-medium\" alt=\"\" srcset=\"https:\/\/zs3pabianice.edu.pl\/wp\/wp-content\/uploads\/2023\/02\/Projekt_zad2_3-225x300.jpg 225w, https:\/\/zs3pabianice.edu.pl\/wp\/wp-content\/uploads\/2023\/02\/Projekt_zad2_3-768x1024.jpg 768w, https:\/\/zs3pabianice.edu.pl\/wp\/wp-content\/uploads\/2023\/02\/Projekt_zad2_3-920x1227.jpg 920w, https:\/\/zs3pabianice.edu.pl\/wp\/wp-content\/uploads\/2023\/02\/Projekt_zad2_3-230x307.jpg 230w, https:\/\/zs3pabianice.edu.pl\/wp\/wp-content\/uploads\/2023\/02\/Projekt_zad2_3-350x467.jpg 350w, https:\/\/zs3pabianice.edu.pl\/wp\/wp-content\/uploads\/2023\/02\/Projekt_zad2_3-480x640.jpg 480w, https:\/\/zs3pabianice.edu.pl\/wp\/wp-content\/uploads\/2023\/02\/Projekt_zad2_3.jpg 960w\" sizes=\"auto, (max-width: 225px) 100vw, 225px\" \/><\/a>\n\t\t\t<\/div><\/figure><figure class='gallery-item'>\n\t\t\t<div class='gallery-icon portrait'>\n\t\t\t\t<a href='https:\/\/zs3pabianice.edu.pl\/wp\/wp-content\/uploads\/2023\/02\/Projekt_zad2_4.jpg'><img loading=\"lazy\" decoding=\"async\" width=\"225\" height=\"300\" src=\"https:\/\/zs3pabianice.edu.pl\/wp\/wp-content\/uploads\/2023\/02\/Projekt_zad2_4-225x300.jpg\" class=\"attachment-medium size-medium\" alt=\"\" srcset=\"https:\/\/zs3pabianice.edu.pl\/wp\/wp-content\/uploads\/2023\/02\/Projekt_zad2_4-225x300.jpg 225w, https:\/\/zs3pabianice.edu.pl\/wp\/wp-content\/uploads\/2023\/02\/Projekt_zad2_4-768x1024.jpg 768w, https:\/\/zs3pabianice.edu.pl\/wp\/wp-content\/uploads\/2023\/02\/Projekt_zad2_4-920x1227.jpg 920w, https:\/\/zs3pabianice.edu.pl\/wp\/wp-content\/uploads\/2023\/02\/Projekt_zad2_4-230x307.jpg 230w, https:\/\/zs3pabianice.edu.pl\/wp\/wp-content\/uploads\/2023\/02\/Projekt_zad2_4-350x467.jpg 350w, https:\/\/zs3pabianice.edu.pl\/wp\/wp-content\/uploads\/2023\/02\/Projekt_zad2_4-480x640.jpg 480w, https:\/\/zs3pabianice.edu.pl\/wp\/wp-content\/uploads\/2023\/02\/Projekt_zad2_4.jpg 960w\" sizes=\"auto, (max-width: 225px) 100vw, 225px\" \/><\/a>\n\t\t\t<\/div><\/figure><figure class='gallery-item'>\n\t\t\t<div class='gallery-icon portrait'>\n\t\t\t\t<a href='https:\/\/zs3pabianice.edu.pl\/wp\/wp-content\/uploads\/2023\/02\/Projekt_zad2_5.jpg'><img loading=\"lazy\" decoding=\"async\" width=\"225\" height=\"300\" src=\"https:\/\/zs3pabianice.edu.pl\/wp\/wp-content\/uploads\/2023\/02\/Projekt_zad2_5-225x300.jpg\" class=\"attachment-medium size-medium\" alt=\"\" srcset=\"https:\/\/zs3pabianice.edu.pl\/wp\/wp-content\/uploads\/2023\/02\/Projekt_zad2_5-225x300.jpg 225w, https:\/\/zs3pabianice.edu.pl\/wp\/wp-content\/uploads\/2023\/02\/Projekt_zad2_5-768x1024.jpg 768w, https:\/\/zs3pabianice.edu.pl\/wp\/wp-content\/uploads\/2023\/02\/Projekt_zad2_5-920x1227.jpg 920w, https:\/\/zs3pabianice.edu.pl\/wp\/wp-content\/uploads\/2023\/02\/Projekt_zad2_5-230x307.jpg 230w, https:\/\/zs3pabianice.edu.pl\/wp\/wp-content\/uploads\/2023\/02\/Projekt_zad2_5-350x467.jpg 350w, https:\/\/zs3pabianice.edu.pl\/wp\/wp-content\/uploads\/2023\/02\/Projekt_zad2_5-480x640.jpg 480w, https:\/\/zs3pabianice.edu.pl\/wp\/wp-content\/uploads\/2023\/02\/Projekt_zad2_5.jpg 960w\" sizes=\"auto, (max-width: 225px) 100vw, 225px\" \/><\/a>\n\t\t\t<\/div><\/figure>\n\t\t<\/div>\n\n","protected":false},"excerpt":{"rendered":"<p>Zaj\u0119cia z kursu dla operator\u00f3w w\u00f3zk\u00f3w wid\u0142owych dla uczni\u00f3w Technikum Logistycznego Zaj\u0119cia z zakresu ksi\u0119gowo\u015bci komputerowej dla uczni\u00f3w Technikum Ekonomicznego<\/p>\n","protected":false},"author":4,"featured_media":0,"parent":5190,"menu_order":0,"comment_status":"closed","ping_status":"closed","template":"","meta":{"footnotes":""},"class_list":["post-6044","page","type-page","status-publish","hentry"],"_links":{"self":[{"href":"https:\/\/zs3pabianice.edu.pl\/index.php\/wp-json\/wp\/v2\/pages\/6044","targetHints":{"allow":["GET"]}}],"collection":[{"href":"https:\/\/zs3pabianice.edu.pl\/index.php\/wp-json\/wp\/v2\/pages"}],"about":[{"href":"https:\/\/zs3pabianice.edu.pl\/index.php\/wp-json\/wp\/v2\/types\/page"}],"author":[{"embeddable":true,"href":"https:\/\/zs3pabianice.edu.pl\/index.php\/wp-json\/wp\/v2\/users\/4"}],"replies":[{"embeddable":true,"href":"https:\/\/zs3pabianice.edu.pl\/index.php\/wp-json\/wp\/v2\/comments?post=6044"}],"version-history":[{"count":6,"href":"https:\/\/zs3pabianice.edu.pl\/index.php\/wp-json\/wp\/v2\/pages\/6044\/revisions"}],"predecessor-version":[{"id":6136,"href":"https:\/\/zs3pabianice.edu.pl\/index.php\/wp-json\/wp\/v2\/pages\/6044\/revisions\/6136"}],"up":[{"embeddable":true,"href":"https:\/\/zs3pabianice.edu.pl\/index.php\/wp-json\/wp\/v2\/pages\/5190"}],"wp:attachment":[{"href":"https:\/\/zs3pabianice.edu.pl\/index.php\/wp-json\/wp\/v2\/media?parent=6044"}],"curies":[{"name":"wp","href":"https:\/\/api.w.org\/{rel}","templated":true}]}}