{"id":5991,"date":"2023-02-06T13:42:06","date_gmt":"2023-02-06T12:42:06","guid":{"rendered":"https:\/\/zs3pabianice.edu.pl\/?page_id=5991"},"modified":"2023-10-15T11:10:07","modified_gmt":"2023-10-15T09:10:07","slug":"projekt-2022-1-pl01-ka121-sch-000063248-dla-liceum-i-technikum","status":"publish","type":"page","link":"https:\/\/zs3pabianice.edu.pl\/index.php\/erasmus-2021-2027\/projekt-2022-1-pl01-ka121-sch-000063248-dla-liceum-i-technikum\/","title":{"rendered":"Projekt 2022-1-PL01-KA121-SCH-000063248 dla Liceum i Technikum"},"content":{"rendered":"\n<figure class=\"wp-block-image size-large\"><img loading=\"lazy\" decoding=\"async\" width=\"727\" height=\"1024\" src=\"https:\/\/zs3pabianice.edu.pl\/wp\/wp-content\/uploads\/2023\/03\/pabianice_sch_social-727x1024.jpg\" alt=\"\" class=\"wp-image-6505\" srcset=\"https:\/\/zs3pabianice.edu.pl\/wp\/wp-content\/uploads\/2023\/03\/pabianice_sch_social-727x1024.jpg 727w, https:\/\/zs3pabianice.edu.pl\/wp\/wp-content\/uploads\/2023\/03\/pabianice_sch_social-213x300.jpg 213w, https:\/\/zs3pabianice.edu.pl\/wp\/wp-content\/uploads\/2023\/03\/pabianice_sch_social-768x1082.jpg 768w, https:\/\/zs3pabianice.edu.pl\/wp\/wp-content\/uploads\/2023\/03\/pabianice_sch_social-1091x1536.jpg 1091w, https:\/\/zs3pabianice.edu.pl\/wp\/wp-content\/uploads\/2023\/03\/pabianice_sch_social-1454x2048.jpg 1454w, https:\/\/zs3pabianice.edu.pl\/wp\/wp-content\/uploads\/2023\/03\/pabianice_sch_social-920x1296.jpg 920w, https:\/\/zs3pabianice.edu.pl\/wp\/wp-content\/uploads\/2023\/03\/pabianice_sch_social-230x324.jpg 230w, https:\/\/zs3pabianice.edu.pl\/wp\/wp-content\/uploads\/2023\/03\/pabianice_sch_social-350x493.jpg 350w, https:\/\/zs3pabianice.edu.pl\/wp\/wp-content\/uploads\/2023\/03\/pabianice_sch_social-480x676.jpg 480w, https:\/\/zs3pabianice.edu.pl\/wp\/wp-content\/uploads\/2023\/03\/pabianice_sch_social.jpg 1562w\" sizes=\"auto, (max-width: 727px) 100vw, 727px\" \/><\/figure>\n\n\n<blockquote>\n<p><em><strong>Podstawowe informacje o Projekcie<\/strong><\/em><\/p>\n<\/blockquote>\n<p><em><strong>Termin realizacji Projektu: 01.06.20222r. \u2013 31.08.2023r.<\/strong><\/em><\/p>\n<p>Projekt zak\u0142ada mobilno\u015b\u0107 edukacyjn\u0105 \u2013 kursy i szkolenia dla kadry przedmiot\u00f3w og\u00f3lnokszta\u0142c\u0105cych b\u0105d\u017a j\u0119zykowych<\/p>\n<p>W projekcie we\u017amie udzia\u0142 32 uczni\u00f3w, 3 opiekun\u00f3w oraz\u00a0 2 \u00a0nauczycieli\u00a0 \u00a0nauczyciele przedmiot\u00f3w og\u00f3lnokszta\u0142c\u0105cych w ramach kurs\u00f3w i szkole\u0144<\/p>\n<p>Termin mobilno\u015bci, wraz z dniami na podr\u00f3\u017c: 30.04.2023 r. &#8211; 13.05.2023 r.<\/p>\n<p>Organizacja przyjmuj\u0105ca: \u00a0Istituto Tecnico Tecnologico Statale &#8222;O. Belluzzi &#8211; L. da Vinci&#8221;, Via Vittoria Colonna 10, 47923 Rimini, W\u0142ochy<\/p>\n<p><em><strong>Cele projektu:<\/strong><\/em><\/p>\n<p>&#8211; podniesienie poziomu znajomo\u015b\u0107 j\u0119zyka angielskiego i swobodne komunikowanie si\u0119 w<\/p>\n<p>j\u0119zyku obcym w\u015br\u00f3d uczni\u00f3w szko\u0142y,<\/p>\n<p>&#8211; wzmocnienie kompetencji kluczowych, poza szablonowego my\u015blenia, rozw\u00f3j kreatywno\u015bci,<\/p>\n<p>przekrojowego przyswajania wiedzy, wyci\u0105gania wniosk\u00f3w, zdolno\u015bci organizacyjnych,<\/p>\n<p>wyznaczania cel\u00f3w i umiej\u0119tno\u015b\u0107 pracy w grupie,<\/p>\n<p>&#8211; korzystania z nowych technologii, narz\u0119dzi informatycznych i cyfrowych; swobodne<\/p>\n<p>poruszanie si\u0119 w \u015bwiecie online.<\/p>\n<p><a href=\"https:\/\/zs3pabianice.edu.pl\/index.php\/erasmus-2021-2027\/projekt-2022-1-pl01-ka121-sch-000063248-dla-liceum-i-technikum\/rekrutacja-sch-2023\/\"><strong>R<\/strong><strong>ekrutacja uczestnik\u00f3w do projektu<\/strong><\/a><\/p>\n<p><a href=\"https:\/\/zs3pabianice.edu.pl\/index.php\/2023\/05\/24\/fotorelacja-z-cattolici\/\"><strong>Relacja z Cattolici<\/strong><\/a><\/p>\n<p><strong><a href=\"https:\/\/zs3pabianice.edu.pl\/index.php\/2023\/06\/17\/rozdanie-certyfikatow-w-projektach-erasmus\/\">Rozdanie certyfikat\u00f3w w projektach Erasmus+<\/a><\/strong><\/p>","protected":false},"excerpt":{"rendered":"<p>Podstawowe informacje o Projekcie Termin realizacji Projektu: 01.06.20222r. \u2013 31.08.2023r. Projekt zak\u0142ada mobilno\u015b\u0107 edukacyjn\u0105 \u2013 kursy i szkolenia dla kadry przedmiot\u00f3w og\u00f3lnokszta\u0142c\u0105cych [&hellip;]<\/p>\n","protected":false},"author":1,"featured_media":0,"parent":4949,"menu_order":0,"comment_status":"closed","ping_status":"closed","template":"","meta":{"footnotes":""},"class_list":["post-5991","page","type-page","status-publish","hentry"],"_links":{"self":[{"href":"https:\/\/zs3pabianice.edu.pl\/index.php\/wp-json\/wp\/v2\/pages\/5991","targetHints":{"allow":["GET"]}}],"collection":[{"href":"https:\/\/zs3pabianice.edu.pl\/index.php\/wp-json\/wp\/v2\/pages"}],"about":[{"href":"https:\/\/zs3pabianice.edu.pl\/index.php\/wp-json\/wp\/v2\/types\/page"}],"author":[{"embeddable":true,"href":"https:\/\/zs3pabianice.edu.pl\/index.php\/wp-json\/wp\/v2\/users\/1"}],"replies":[{"embeddable":true,"href":"https:\/\/zs3pabianice.edu.pl\/index.php\/wp-json\/wp\/v2\/comments?post=5991"}],"version-history":[{"count":9,"href":"https:\/\/zs3pabianice.edu.pl\/index.php\/wp-json\/wp\/v2\/pages\/5991\/revisions"}],"predecessor-version":[{"id":7421,"href":"https:\/\/zs3pabianice.edu.pl\/index.php\/wp-json\/wp\/v2\/pages\/5991\/revisions\/7421"}],"up":[{"embeddable":true,"href":"https:\/\/zs3pabianice.edu.pl\/index.php\/wp-json\/wp\/v2\/pages\/4949"}],"wp:attachment":[{"href":"https:\/\/zs3pabianice.edu.pl\/index.php\/wp-json\/wp\/v2\/media?parent=5991"}],"curies":[{"name":"wp","href":"https:\/\/api.w.org\/{rel}","templated":true}]}}