{"id":4186,"date":"2021-03-31T12:19:30","date_gmt":"2021-03-31T10:19:30","guid":{"rendered":"http:\/\/zs3pabianice.edu.pl\/?page_id=4186"},"modified":"2023-03-13T08:56:44","modified_gmt":"2023-03-13T07:56:44","slug":"technik-uslug-fryzjerskich","status":"publish","type":"page","link":"https:\/\/zs3pabianice.edu.pl\/index.php\/oferta-ksztalcenia-po-sp\/technik-uslug-fryzjerskich\/","title":{"rendered":"Technik us\u0142ug fryzjerskich"},"content":{"rendered":"<p><img loading=\"lazy\" decoding=\"async\" class=\"alignnone size-full wp-image-4187\" src=\"http:\/\/zs3pabianice.edu.pl\/wp\/wp-content\/uploads\/2023\/02\/fryzjer-1.jpg\" width=\"2560\" height=\"1810\" \/><\/p>\n<p><strong>Opis potencjalnego kandydata<\/strong><\/p>\n<p>Interesuje Ci\u0119 \u015bwiat szeroko poj\u0119tej mody, kreowania wizerunku, stylizacji fryzur damskich, m\u0119skich czy kosmetyka \u2013 pragniesz rozwija\u0107 swoje pasje w tym zakresie?<\/p>\n<p>Dodatkowo posiadasz wra\u017cliwo\u015b\u0107 estetyczn\u0105, precyzj\u0119, wysok\u0105 kultur\u0119 osobist\u0105, odpowiedzialno\u015b\u0107, spostrzegawczo\u015b\u0107, zdolno\u015b\u0107 szybkiego podejmowania decyzji, sprawno\u015b\u0107 manualn\u0105?<\/p>\n<p>Je\u015bli tak, to znaczy, \u017ce jeste\u015b odpowiedni\u0105 osob\u0105, kt\u00f3ra mo\u017ce rozpocz\u0105\u0107 edukacj\u0119<br \/>w technikum us\u0142ug fryzjerskich.<\/p>\n<p><strong>Kim jest fryzjer \u2013 stylista?<\/strong><\/p>\n<p>Istot\u0105 zawodu technik us\u0142ug fryzjerskich jest posiadanie wiedzy teoretycznej z dziedziny szeroko poj\u0119tego fryzjerstwa oraz praktycznych umiej\u0119tno\u015bci wykonywania zabieg\u00f3w fryzjerskich, a tak\u017ce projektowania i kreowania wizerunku klienta. Kreatywno\u015b\u0107 i umiej\u0119tno\u015b\u0107 \u0142\u0105czenia potrzeb i oczekiwa\u0144 klienta oraz estetyki z wizj\u0105 wygl\u0105du to podstawowe zadanie fryzjera stylisty.<\/p>\n<p><strong>Zdobywane umiej\u0119tno\u015bci<\/strong><\/p>\n<p>W trakcie nauki na kierunku technik us\u0142ug fryzjerskich zdob\u0119dziesz wiedz\u0119 i umiej\u0119tno\u015bci<br \/>z zakresu:<\/p>\n<ul>\n<li>prowadzenia konsultacji z klientem lub klientk\u0105 dotycz\u0105cej zakresu us\u0142ugi fryzjerskiej;<\/li>\n<li>wykonywania piel\u0119gnacji w\u0142os\u00f3w i\u00a0sk\u00f3ry g\u0142owy;<\/li>\n<li>wykonywania nietrwa\u0142ego i\u00a0trwa\u0142ego odkszta\u0142cania w\u0142os\u00f3w;<\/li>\n<li>wykonywania strzy\u017cenia w\u0142os\u00f3w \u2013 fryzury damskie;<\/li>\n<li>wykonywania strzy\u017cenia w\u0142os\u00f3w \u2013 fryzury m\u0119skie i\u00a0formowania zarostu;<\/li>\n<li>wykonywania zmiany koloru w\u0142os\u00f3w;<\/li>\n<li>wykonywania stylizacji fryzur;<\/li>\n<li>projektowania fryzur;<\/li>\n<li>dokumentowania fryzur;<\/li>\n<li>wykonywania fryzur na podstawie projekt\u00f3w z wykorzystaniem narz\u0119dzi, specjalistycznej aparatury, materia\u0142\u00f3w fryzjerskich oraz oprogramowania i sprz\u0119tu komputerowego do projektowania.<\/li>\n<\/ul>\n<p>Absolwent posiada r\u00f3wnie\u017c umiej\u0119tno\u015bci zarz\u0105dzania zespo\u0142em, zna podstawy komunikacji z klientem oraz ma predyspozycje do zarz\u0105dzania salonem fryzjerskim.<\/p>\n<p><!--\n\n\n\n\n\n\n\n<p><strong><em><u>W ramach dodatkowych umiej\u0119tno\u015bci, na zaj\u0119ciach zawodowych uzupe\u0142niaj\u0105cych, mo\u017cesz wybra\u0107 jeden z dodatkowych przedmiot\u00f3w<\/u><\/em><\/strong><strong><em>:<\/em><\/strong><\/p>\n\n\n\n\n\n\n\n\n\n\n\n\n<p><strong><em>&nbsp;<\/em><\/strong><\/p>\n\n\n\n\n\n\n\n\n\n\n\n\n<ol>\n\n\n\n\n\n\n<li><strong><em>Wiza\u017c i wizualizacja wizerunku<\/em><\/strong><\/li>\n\n\n\n\n\n\n<\/ol>\n\n\n\n\n\n\n\n\n\n\n\n\n<p>Po realizacji kszta\u0142cenia w zakresie umiej\u0119tno\u015bci <strong>elementy wiza\u017cu<\/strong> ucze\u0144 b\u0119dzie&nbsp; przygotowany do:<\/p>\n\n\n\n\n\n\n\n\n\n\n\n\n<ul>\n\n\n\n\n\n\n<li>przeprowadzenia analizy kolorystycznej do wykonania wiza\u017cu i makija\u017cu;<\/li>\n\n\n\n\n\n\n\n\n\n\n\n\n<li>wykonania wiza\u017cu i makija\u017cu;<\/li>\n\n\n\n\n\n\n\n\n\n\n\n\n<li>okre\u015blania zasad i technik modelowania poszczeg\u00f3lnych cz\u0119\u015bci twarzy.<\/li>\n\n\n\n\n\n\n<\/ul>\n\n\n\n\n\n\n\n\n\n\n\n\n<ol start=\"2\">\n\n\n\n\n\n\n<li><strong><em>Techniki koloryzacji w\u0142os\u00f3w \u2013 kolorysta<\/em><\/strong><\/li>\n\n\n\n\n\n\n<\/ol>\n\n\n\n\n\n\n\n\n\n\n\n\n<p>Po realizacji kszta\u0142cenia w zakresie umiej\u0119tno\u015bci <strong>stylizacja koloru<\/strong> ucze\u0144 b\u0119dzie przygotowany do:<\/p>\n\n\n\n\n\n\n\n\n\n\n\n\n<ul>\n\n\n\n\n\n\n<li>wykonania koloru;<\/li>\n\n\n\n\n\n\n\n\n\n\n\n\n<li>dopasowania koloru do typu urody klienta;<\/li>\n\n\n\n\n\n\n\n\n\n\n\n\n<li>konsultowania zmiany koloru w\u0142os\u00f3w.<\/li>\n\n\n\n\n\n\n<\/ul>\n\n\n\n\n\n\n\n\n\n\n\n\n<ol start=\"3\">\n\n\n\n\n\n\n<li><strong><em>Wsp\u00f3\u0142czesny fryzjer m\u0119ski \u2013 barber<\/em><\/strong><\/li>\n\n\n\n\n\n\n<\/ol>\n\n\n\n\n\n\n\n\n\n\n\n\n<p>Po realizacji kszta\u0142cenia w zakresie umiej\u0119tno\u015bci <strong>podstawy barberstwa<\/strong> ucze\u0144 b\u0119dzie przygotowany do:<\/p>\n\n\n\n\n\n\n\n\n\n\n\n\n<ul>\n\n\n\n\n\n\n<li>wykonywania strzy\u017cenia m\u0119skiego;<\/li>\n\n\n\n\n\n\n\n\n\n\n\n\n<li>piel\u0119gnowania w\u0142os\u00f3w i zarostu m\u0119skiego;<\/li>\n\n\n\n\n\n\n\n\n\n\n\n\n<li>wykonywania golenia i trymowania zarostu m\u0119skiego.<\/li>\n\n\n\n\n\n\n<\/ul>\n\n\n\n\n\n\n<--><\/p>\n<p><strong>Przedmioty zawodowe<\/strong><\/p>\n<p>W trakcie nauki masz szans\u0119 rozwija\u0107 swoj\u0105 wiedz\u0119 w ramach nast\u0119puj\u0105cych przedmiot\u00f3w zawodowych:<\/p>\n<ol>\n<li>Kszta\u0142cenie teoretyczne:<\/li>\n<\/ol>\n<ul>\n<li>bezpiecze\u0144stwo i higiena pracy,<\/li>\n<li>podstawy fryzjerstwa,<\/li>\n<li>techniki fryzjerskie,<\/li>\n<li>stylizacja we fryzjerstwie,<\/li>\n<li>projektowanie fryzur i estetyka,<\/li>\n<li>kreowanie wizerunku,<\/li>\n<li>j\u0119zyk angielski zawodowy.<\/li>\n<\/ul>\n<ol start=\"2\">\n<li>Kszta\u0142cenie praktyczne:<\/li>\n<\/ol>\n<ul>\n<li>pracownia fryzjerska,<\/li>\n<li>pracownia fryzur artystycznych,<\/li>\n<li>praktyki zawodowe,<\/li>\n<li>zaj\u0119cia zawodowe uzupe\u0142niaj\u0105ce (elementy wiza\u017cu, stylizacja koloru, podstawy barberstwa).<\/li>\n<\/ul>\n<p><strong>Praktyki zawodowe<\/strong><\/p>\n<p>W trakcie kszta\u0142cenia we\u017amiesz r\u00f3wnie\u017c udzia\u0142 w praktykach zawodowych, kt\u00f3re trwaj\u0105 w sumie <strong>8 tygodni:<\/strong><\/p>\n<ul>\n<li>w klasie III \u2013 140 godz. \u2013 4 tygodnie,<\/li>\n<li>w klasie IV \u2013 140 godz. \u2013 4 tygodnie.<\/li>\n<\/ul>\n<p>Praktyki odbywaj\u0105 si\u0119 w miejscach zapewniaj\u0105cych rzeczywiste warunki pracy w\u0142a\u015bciwe dla nauczanego zawodu, takich jak: zak\u0142ady, studia i salony fryzjerskie. Praktyki s\u0105 organizowane przez nasz\u0105 szko\u0142\u0119.<\/p>\n<p>Istnieje mo\u017cliwo\u015b\u0107 odbywania praktyk zawodowych w ramach wyjazd\u00f3w zagranicznych finansowanych ze \u015brodk\u00f3w Unii Europejskiej (nasza plac\u00f3wka ma ju\u017c kilkuletnie do\u015bwiadczenie w organizowaniu tego typu praktyk).<\/p>\n<p><strong>Egzaminy zawodowe<\/strong><\/p>\n<p>W trakcie nauki czekaj\u0105 Ci\u0119 dwa egzaminy zawodowe, po zdaniu kt\u00f3rych mo\u017cesz uzyska\u0107 tytu\u0142 technika us\u0142ug fryzjerskich.<\/p>\n<p>Egzamin jest podzielony na dwie cz\u0119\u015bci \u2013 praktyczn\u0105 oraz teoretyczn\u0105 i przeprowadzane s\u0105 oddzielnie dla ka\u017cdej kwalifikacji:<\/p>\n<ul>\n<li>01 \u2013 wykonywanie us\u0142ug fryzjerskich,<\/li>\n<li>03 \u2013 projektowanie i wykonywanie fryzur.<\/li>\n<\/ul>\n<p>Po zdanym egzaminie z danej kwalifikacji ucze\u0144 uzyskuje certyfikat kwalifikacji zawodowej wydany przez Okr\u0119gow\u0105 Komisj\u0119 Egzaminacyjn\u0105, a nast\u0119pnie, po zdaniu wszystkich kwalifikacji, otrzymuje dyplom technika potwierdzaj\u0105cy kwalifikacje w zawodzie technik us\u0142ug fryzjerskich.<\/p>\n<p><strong>Praca<\/strong><\/p>\n<p>Jako absolwent kierunku technik us\u0142ug fryzjerskich b\u0119dziesz m\u00f3g\u0142 podj\u0105\u0107 prac\u0119:<\/p>\n<ul>\n<li>w salonach fryzjerskich i studiach stylizacji fryzur;<\/li>\n<li>w salonach wiza\u017cu i stylizacji;<\/li>\n<li>w charakteryzatorniach &#8211; teatr, plan filmowy;<\/li>\n<li>w pracowniach perukarskich;<\/li>\n<li>w agencjach mody i reklamy jako specjalista podczas profesjonalnych sesji zdj\u0119ciowych, kampanii reklamowych, pokaz\u00f3w mody;<\/li>\n<li>przy produkcjach telewizyjnych;<\/li>\n<li>jako przedstawiciel handlowy w bran\u017cy fryzjersko\u2013kosmetycznej;<\/li>\n<li>jako edukator marki kosmetycznej;<\/li>\n<li>jako pedagog \u2013 nauczyciel zawodu lub instruktor praktycznej nauki zawodu.<\/li>\n<\/ul>\n<p>Absolwenci mog\u0105 r\u00f3wnie\u017c prowadzi\u0107 w\u0142asn\u0105 dzia\u0142alno\u015b\u0107 handlowo \u2013 us\u0142ugow\u0105 w zakresie \u015bwiadczenia us\u0142ug fryzjerskich jako przyszli styli\u015bci fryzjerstwa.<\/p>\n<p><strong>Dalsza nauka<\/strong><\/p>\n<p>Po uko\u0144czeniu nauki jeste\u015b przygotowany, aby rozpocz\u0105\u0107 prac\u0119 lub i\u015b\u0107 na studia.<\/p>\n<p>Je\u015bli chcesz poszerzy\u0107 swoj\u0105 wiedz\u0119 i kompetencje, mo\u017cesz kontynuowa\u0107 nauk\u0119 na studiach o kierunku: kosmetologia, dermatologia, pedagogika, kostiumograf i projektowanie ubioru, charakteryzacja i wiza\u017c lub studiach podyplomowych o specjalno\u015bci: chemia materia\u0142\u00f3w fryzjerskich, wiza\u017c, stylizacja i technologie fryzjerskie itp.<\/p>\n<p>Masz wiele kierunk\u00f3w do wyboru, niekoniecznie zwi\u0105zanych z dyplomem technika us\u0142ug fryzjerskich.<\/p>\n<p><strong>Przedmiot rozszerzony:<\/strong> j\u0119zyk angielski lub chemia.<\/p>\n<p><strong>Przedmioty uwzgl\u0119dniane w rekrutacji:<\/strong> j\u0119zyk polski, j\u0119zyk angielski, matematyka, chemia.<\/p>\n<p><strong>Cykl kszta\u0142cenia w technikum us\u0142ug fryzjerskich ko\u0144czy si\u0119 uzyskaniem dyplomu technika potwierdzaj\u0105cego kwalifikacje w zawodzie technik us\u0142ug fryzjerskich.<\/strong><\/p>\n<p><a href=\"http:\/\/zs3pabianice.edu.pl\/wp\/wp-content\/uploads\/2023\/03\/TUF-min.pdf\" target=\"_blank\" rel=\"noopener\">Prezentacja o zawodzie.<\/a><\/p>\n\n\n<figure class=\"wp-block-embed is-type-video is-provider-youtube wp-block-embed-youtube wp-embed-aspect-16-9 wp-has-aspect-ratio\"><div class=\"wp-block-embed__wrapper\">\n<iframe loading=\"lazy\" title=\"Ada Prosnak-Gapys - nauczyciel, fryzjer\" width=\"1170\" height=\"658\" src=\"https:\/\/www.youtube.com\/embed\/ZilX9mIgmo4?feature=oembed\" frameborder=\"0\" allow=\"accelerometer; autoplay; clipboard-write; encrypted-media; gyroscope; picture-in-picture; web-share\" allowfullscreen><\/iframe>\n<\/div><\/figure>\n\n\n\n<figure class=\"wp-block-embed is-type-video is-provider-youtube wp-block-embed-youtube wp-embed-aspect-4-3 wp-has-aspect-ratio\"><div class=\"wp-block-embed__wrapper\">\n<iframe loading=\"lazy\" title=\"Kanior - fryzjer, barber, stylista\" width=\"1170\" height=\"878\" src=\"https:\/\/www.youtube.com\/embed\/ziJkKDL54FY?feature=oembed\" frameborder=\"0\" allow=\"accelerometer; autoplay; clipboard-write; encrypted-media; gyroscope; picture-in-picture; web-share\" allowfullscreen><\/iframe>\n<\/div><\/figure>\n\n\n\n<figure class=\"wp-block-embed is-type-video is-provider-youtube wp-block-embed-youtube wp-embed-aspect-16-9 wp-has-aspect-ratio\"><div class=\"wp-block-embed__wrapper\">\n<iframe loading=\"lazy\" title=\"\u0141ukasz Wo\u017aniak - barber, fryzjer\" width=\"1170\" height=\"658\" src=\"https:\/\/www.youtube.com\/embed\/eQOSXgXlG_U?feature=oembed\" frameborder=\"0\" allow=\"accelerometer; autoplay; clipboard-write; encrypted-media; gyroscope; picture-in-picture; web-share\" allowfullscreen><\/iframe>\n<\/div><\/figure>\n","protected":false},"excerpt":{"rendered":"<p>Opis potencjalnego kandydata Interesuje Ci\u0119 \u015bwiat szeroko poj\u0119tej mody, kreowania wizerunku, stylizacji fryzur damskich, m\u0119skich czy kosmetyka \u2013 pragniesz rozwija\u0107 swoje pasje [&hellip;]<\/p>\n","protected":false},"author":1,"featured_media":0,"parent":1834,"menu_order":0,"comment_status":"closed","ping_status":"closed","template":"","meta":{"footnotes":""},"class_list":["post-4186","page","type-page","status-publish","hentry"],"_links":{"self":[{"href":"https:\/\/zs3pabianice.edu.pl\/index.php\/wp-json\/wp\/v2\/pages\/4186","targetHints":{"allow":["GET"]}}],"collection":[{"href":"https:\/\/zs3pabianice.edu.pl\/index.php\/wp-json\/wp\/v2\/pages"}],"about":[{"href":"https:\/\/zs3pabianice.edu.pl\/index.php\/wp-json\/wp\/v2\/types\/page"}],"author":[{"embeddable":true,"href":"https:\/\/zs3pabianice.edu.pl\/index.php\/wp-json\/wp\/v2\/users\/1"}],"replies":[{"embeddable":true,"href":"https:\/\/zs3pabianice.edu.pl\/index.php\/wp-json\/wp\/v2\/comments?post=4186"}],"version-history":[{"count":9,"href":"https:\/\/zs3pabianice.edu.pl\/index.php\/wp-json\/wp\/v2\/pages\/4186\/revisions"}],"predecessor-version":[{"id":6562,"href":"https:\/\/zs3pabianice.edu.pl\/index.php\/wp-json\/wp\/v2\/pages\/4186\/revisions\/6562"}],"up":[{"embeddable":true,"href":"https:\/\/zs3pabianice.edu.pl\/index.php\/wp-json\/wp\/v2\/pages\/1834"}],"wp:attachment":[{"href":"https:\/\/zs3pabianice.edu.pl\/index.php\/wp-json\/wp\/v2\/media?parent=4186"}],"curies":[{"name":"wp","href":"https:\/\/api.w.org\/{rel}","templated":true}]}}