{"id":4178,"date":"2021-03-30T13:34:29","date_gmt":"2021-03-30T11:34:29","guid":{"rendered":"http:\/\/zs3pabianice.edu.pl\/?page_id=4178"},"modified":"2022-03-23T14:00:54","modified_gmt":"2022-03-23T13:00:54","slug":"technik-rachunkowosci","status":"publish","type":"page","link":"https:\/\/zs3pabianice.edu.pl\/index.php\/oferta-ksztalcenia-po-sp\/technik-rachunkowosci\/","title":{"rendered":"Technik rachunkowo\u015bci"},"content":{"rendered":"<p><img loading=\"lazy\" decoding=\"async\" class=\"alignnone size-full wp-image-4179\" src=\"http:\/\/zs3pabianice.edu.pl\/wp\/wp-content\/uploads\/2021\/03\/tech-rachunkowosci-21-scaled.jpg\" alt=\"Technik rachunkowo\u015bci\" width=\"2560\" height=\"1810\"><\/p>\n<p>Technik rachunkowo\u015bci to kierunek dla os\u00f3b o spokojnym usposobieniu, z umiej\u0119tno\u015bci\u0105&nbsp; organizowania swoich dzia\u0142a\u0144 i takich, kt\u00f3re lubi\u0105 prac\u0119 z dokumentami. Nie oznacza to, \u017ce praca polega jedynie na liczeniu czy wpisywaniu cyfr w odpowiednie kolumny w dokumentach. Technik rachunkowo\u015bci pracuje z lud\u017ami, dlatego dobrze, jak jest pozytywnie nastawiony i kontaktowy. Opr\u00f3cz zainteresowa\u0144 finansami, kandydat na technika rachunkowo\u015bci powinien wykazywa\u0107 si\u0119 kreatywno\u015bci\u0105, dok\u0142adno\u015bci\u0105, sumienno\u015bci\u0105 i dociekliwo\u015bci\u0105.<\/p>\n<p><strong>Wybieraj\u0105c kierunek technik rachunkowo\u015bci masz przed sob\u0105 du\u017c\u0105 i pewn\u0105 przysz\u0142o\u015b\u0107.<\/strong> Zawsze, w podmiotach gospodarczych ka\u017cdej bran\u017cy, b\u0119d\u0105 potrzebni pracownicy<br>w dzia\u0142ach ksi\u0119gowych i finansowych. Mo\u017cesz te\u017c znale\u017a\u0107 zatrudnienie w bankach, biurach rachunkowych, instytucjach ubezpieczeniowych, urz\u0119dach administracji centralnej, samorz\u0105dowej czy urz\u0119dach skarbowych.<\/p>\n<p>Absolwent technikum rachunkowo\u015bci, kt\u00f3ry zechce kontynuowa\u0107 nauk\u0119 na studiach wy\u017cszych, b\u0119dzie w przysz\u0142o\u015bci doskona\u0142ym kandydatem na g\u0142\u00f3wnego ksi\u0119gowego czy kierownika dzia\u0142u kadr i p\u0142ac w r\u00f3\u017cnego rodzaju przedsi\u0119biorstwach.<\/p>\n<p><strong>Kierunek przygotowuje r\u00f3wnie\u017c do prowadzenia w\u0142asnej dzia\u0142alno\u015bci gospodarczej.<\/strong><\/p>\n<p><strong>Kszta\u0142cenie w zawodzie technik rachunkowo\u015bci ma na celu przygotowanie<br>do wykonywania nast\u0119puj\u0105cych zada\u0144 zawodowych:<\/strong><\/p>\n<p>&#8211; prowadzenia rachunkowo\u015bci;<\/p>\n<p>&#8211; rozliczania danin publicznych;<\/p>\n<p>&#8211; rozliczania wynagrodze\u0144;<\/p>\n<p>&#8211; rozliczania sk\u0142adek pobieranych przez ZUS;<\/p>\n<p>&#8211; prowadzenia analizy finansowej.<\/p>\n<p><strong><em><u>W ramach dodatkowych umiej\u0119tno\u015bci, na zaj\u0119ciach zawodowych uzupe\u0142niaj\u0105cych, b\u0119dzie realizowany przedmiot<\/u><\/em><\/strong><u> <em>BIURO RACHUNKOWE.<\/em> <\/u><\/p>\n<p>B\u0119dziesz tu doskonali\u0107 m.in. umiej\u0119tno\u015b\u0107 pos\u0142ugiwania si\u0119 programem finansowo \u2013 ksi\u0119gowym w prowadzeniu ewidencji operacji gospodarczych zwi\u0105zanych z ca\u0142okszta\u0142tem dzia\u0142alno\u015bci przedsi\u0119biorstwa. Poznasz te\u017c&nbsp; szereg narz\u0119dzi niezb\u0119dnych przy codziennym prowadzeniu w\u0142asnego biznesu w ramach e-ksi\u0119gowo\u015bci.<\/p>\n<p><strong>&nbsp;<\/strong><strong>Praktyki zawodowe trwaj\u0105 8 tygodni.<\/strong> Odbywaj\u0105 si\u0119 w kraju &#8211; w urz\u0119dach lub firmach albo za granic\u0105 &#8211; w ramach projekt\u00f3w dofinansowanych ze \u015brodk\u00f3w Unii Europejskiej.<\/p>\n<p>Kwalifikacje zawodowe:<\/p>\n<p>EKA. 05. Prowadzenie spraw kadrowo &#8211; p\u0142acowych i gospodarki finansowej jednostek organizacyjnych.<\/p>\n<p>EKA. 07. Prowadzenie rachunkowo\u015bci.<\/p>\n<p>Po zdanym egzaminie z danej kwalifikacji ucze\u0144 uzyskuje certyfikat kwalifikacji zawodowej wydany przez Okr\u0119gow\u0105 Komisj\u0119 Egzaminacyjn\u0105, a nast\u0119pnie, po zdaniu wszystkich kwalifikacji, otrzymuje dyplom technika potwierdzaj\u0105cy kwalifikacje<br>w zawodzie technik rachunkowo\u015bci.<\/p>\n<p><strong>&nbsp;<\/strong><strong>Absolwent technikum rachunkowo\u015bci<\/strong> <strong>mo\u017ce podj\u0105\u0107 studia m.in. na kierunkach:<\/strong> finanse<br>i rachunkowo\u015b\u0107, finanse i biznes mi\u0119dzynarodowy, ekonomia, bankowo\u015b\u0107 i finanse cyfrowe.<\/p>\n<p><strong>&nbsp;<\/strong><strong>Praca w zawodzie technika rachunkowo\u015bci b\u0119dzie polega\u0107 m.in. na:<\/strong><\/p>\n<ul>\n<li>wystawianiu i ksi\u0119gowaniu faktur i innych dokument\u00f3w,<\/li>\n<li>dokonywaniu rozlicze\u0144 finansowych,<\/li>\n<li>przechowywaniu dokumentacji ksi\u0119gowej,<\/li>\n<li>przeprowadzaniu kontroli dokument\u00f3w ksi\u0119gowych,<\/li>\n<li>nadzorowaniu termin\u00f3w sp\u0142at zobowi\u0105za\u0144 oraz \u015bci\u0105ganiu roszcze\u0144 i nale\u017cno\u015bci,<\/li>\n<li>pos\u0142ugiwaniu si\u0119 komputerem z oprogramowaniem do obs\u0142ugi ksi\u0119gowej,<\/li>\n<li>sporz\u0105dzaniu sprawozda\u0144 finansowych oraz przygotowaniu ich do weryfikacji.<\/li>\n<\/ul>\n<p>Przedmiot rozszerzony: j\u0119zyk angielski lub matematyka.<\/p>\n<p>Przedmioty uwzgl\u0119dniane w rekrutacji: j\u0119zyk polski, j\u0119zyk angielski, matematyka geografia.<\/p>\n<p>Cykl kszta\u0142cenia w technikum rachunkowo\u015bci ko\u0144czy si\u0119 uzyskaniem<strong> dyplomu technika potwierdzaj\u0105cego kwalifikacje w zawodzie technik rachunkowo\u015bci.<\/strong><\/p>\n\n\n<iframe loading=\"lazy\" src=\"https:\/\/docs.google.com\/presentation\/d\/e\/2PACX-1vQLS3R9TkuYG5-kMl1rU8EwRKaRvB_lNuhv9PIXFha6UAlU07uMb3zOfIHV_9sZRA\/embed?start=true&#038;loop=true&#038;delayms=5000\" frameborder=\"0\" width=\"1280\" height=\"749\" allowfullscreen=\"true\" mozallowfullscreen=\"true\" webkitallowfullscreen=\"true\"><\/iframe>\n","protected":false},"excerpt":{"rendered":"<p>Technik rachunkowo\u015bci to kierunek dla os\u00f3b o spokojnym usposobieniu, z umiej\u0119tno\u015bci\u0105&nbsp; organizowania swoich dzia\u0142a\u0144 i takich, kt\u00f3re lubi\u0105 prac\u0119 z dokumentami. Nie [&hellip;]<\/p>\n","protected":false},"author":1,"featured_media":0,"parent":1834,"menu_order":0,"comment_status":"closed","ping_status":"closed","template":"","meta":{"footnotes":""},"class_list":["post-4178","page","type-page","status-publish","hentry"],"_links":{"self":[{"href":"https:\/\/zs3pabianice.edu.pl\/index.php\/wp-json\/wp\/v2\/pages\/4178","targetHints":{"allow":["GET"]}}],"collection":[{"href":"https:\/\/zs3pabianice.edu.pl\/index.php\/wp-json\/wp\/v2\/pages"}],"about":[{"href":"https:\/\/zs3pabianice.edu.pl\/index.php\/wp-json\/wp\/v2\/types\/page"}],"author":[{"embeddable":true,"href":"https:\/\/zs3pabianice.edu.pl\/index.php\/wp-json\/wp\/v2\/users\/1"}],"replies":[{"embeddable":true,"href":"https:\/\/zs3pabianice.edu.pl\/index.php\/wp-json\/wp\/v2\/comments?post=4178"}],"version-history":[{"count":4,"href":"https:\/\/zs3pabianice.edu.pl\/index.php\/wp-json\/wp\/v2\/pages\/4178\/revisions"}],"predecessor-version":[{"id":5025,"href":"https:\/\/zs3pabianice.edu.pl\/index.php\/wp-json\/wp\/v2\/pages\/4178\/revisions\/5025"}],"up":[{"embeddable":true,"href":"https:\/\/zs3pabianice.edu.pl\/index.php\/wp-json\/wp\/v2\/pages\/1834"}],"wp:attachment":[{"href":"https:\/\/zs3pabianice.edu.pl\/index.php\/wp-json\/wp\/v2\/media?parent=4178"}],"curies":[{"name":"wp","href":"https:\/\/api.w.org\/{rel}","templated":true}]}}