{"id":4152,"date":"2021-03-25T09:36:51","date_gmt":"2021-03-25T08:36:51","guid":{"rendered":"http:\/\/zs3pabianice.edu.pl\/?page_id=4152"},"modified":"2023-02-20T10:16:21","modified_gmt":"2023-02-20T09:16:21","slug":"technik-fotografii-i-multimediow","status":"publish","type":"page","link":"https:\/\/zs3pabianice.edu.pl\/index.php\/oferta-ksztalcenia-po-sp\/technik-fotografii-i-multimediow\/","title":{"rendered":"Technik fotografii i multimedi\u00f3w"},"content":{"rendered":"<p><img loading=\"lazy\" decoding=\"async\" class=\"alignnone size-full wp-image-4153\" src=\"http:\/\/zs3pabianice.edu.pl\/wp\/wp-content\/uploads\/2023\/02\/fototechnik-1.jpg\" alt=\"Technik fotografii i multimedi\u00f3w\" width=\"2560\" height=\"1810\"><\/p>\n<p>Technik fotografii i multimedi\u00f3w to kierunek dla os\u00f3b zainteresowanych szeroko poj\u0119t\u0105 fotografi\u0105, kt\u00f3re s\u0105 spostrzegawcze, dok\u0142adne, \u0142atwo nawi\u0105zuj\u0105 kontakt z innymi, maj\u0105 dusz\u0119 artysty i ciekawe spojrzenie na \u015bwiat.<\/p>\n<p>W obecnych czasach fotografi\u0119 wykorzystuje si\u0119 niemal we wszystkich obszarach dzia\u0142alno\u015bci cz\u0142owieka. Post\u0119p technologiczny sprawi\u0142, \u017ce fotograf potrzebny jest zar\u00f3wno do dokumentowania event\u00f3w czy cho\u0107by reporta\u017cy sportowych, a tak\u017ce kreowania kampanii reklamowych poprzez wykonywanie prostych zdj\u0119\u0107 produktowych czy skomplikowanych aran\u017cacji. Fotograf sprawdzi si\u0119 tak\u017ce na planie filmowym, portretowym, a innym razem b\u0119dzie obs\u0142ugiwa\u0142 drona realizuj\u0105c kolejne zlecenie.<\/p>\n<p>Kszta\u0142cenie w zawodzie technik fotografii i multimedi\u00f3w przygotowuje specjalist\u00f3w z zakresu multimedi\u00f3w i fotografii, kt\u00f3rzy s\u0105 w stanie sprosta\u0107 oczekiwaniom, jakie niesie rozwijaj\u0105cy si\u0119 rynek szeroko poj\u0119tych us\u0142ug cyfrowych.<\/p>\n<p>Je\u015bli jeste\u015b aktywny i nie lubisz siedzie\u0107 w miejscu, to ten zaw\u00f3d jest stworzony dla ciebie.&nbsp;B\u0105d\u017a nowoczesny i niezale\u017cny, zwiedzaj \u015bwiat, do\u0142\u0105cz do grona fotograf\u00f3w.<\/p>\n<p><strong>Uczniowie technikum fotografii i multimedi\u00f3w:<\/strong><\/p>\n<ul>\n<li>dowiedz\u0105 si\u0119, jak przygotowa\u0107 plan zdj\u0119ciowy,<\/li>\n<li>dowiedz\u0105 si\u0119, jak obs\u0142ugiwa\u0107 profesjonalny aparat fotograficzny,<\/li>\n<li>posi\u0105d\u0105 wiedz\u0119 i umiej\u0119tno\u015bci dotycz\u0105ce obs\u0142ugi program\u00f3w z rodziny ADOBE,<\/li>\n<li>poznaj\u0105 zasady kompozycji,<\/li>\n<li>naucz\u0105 si\u0119 tworzenia grafik wektorowych i rastrowych,<\/li>\n<li>naucz\u0105 si\u0119 wykonywania prac graficznych przeznaczonych do wydruku,<\/li>\n<li>naucz\u0105 si\u0119 tworzenia animacji i pracy w programach graficznych,<\/li>\n<li>zdob\u0119d\u0105 umiej\u0119tno\u015b\u0107 rejestrowania obrazu, obrabiania go i&nbsp;publikowania,<\/li>\n<li>naucz\u0105 si\u0119 przygotowania materia\u0142\u00f3w cyfrowych do wykonywania projekt\u00f3w graficznych,<\/li>\n<li>naucz\u0105 si\u0119 wykonywania i&nbsp;publikowania projekt\u00f3w multimedialnych.<\/li>\n<\/ul>\n<p>Zaj\u0119cia s\u0105 realizowane w spos\u00f3b praktyczny i teoretyczny. Szko\u0142a jest wyposa\u017cona w dwie bardzo nowoczesne pracownie komputerowe, oprogramowanie z rodziny ADOBE. Posiadamy tak\u017ce studio fotograficzne wyposa\u017cone w niezb\u0119dne sprz\u0119ty, takie jak lampy, \u015bwiat\u0142omierze, sto\u0142y bezcieniowe oraz &#8211; co najwa\u017cniejsze &#8211; najnowsze modele aparat\u00f3w wiod\u0105cych marek.<\/p>\n<p>W procesie kszta\u0142cenia nie zapominamy tak\u017ce o podstawach fotografii &#8211; mamy wyposa\u017con\u0105 ciemi\u0119 fotograficzn\u0105, gdzie uczymy si\u0119 fotografii tradycyjnej\/analogowej. Je\u017adzimy r\u00f3wnie\u017c na wystawy fotograficzne oraz targi bran\u017cowe, wykonujemy zdj\u0119cia w plenerze, drukujemy, organizujemy wystawy prac wykonanych przez uczni\u00f3w. Jeste\u015bmy aktywni przez ca\u0142y okres kszta\u0142cenia. Przedmioty zawodowe nauczane w technikum fotografii i multimedi\u00f3w staj\u0105 si\u0119 pasj\u0105, pasja staje si\u0119 fotografi\u0105, a fotografia &#8211; sposobem na \u017cycie.<\/p>\n<p><!--\n\n\n\n\n<p><strong><em><u>W ramach dodatkowych umiej\u0119tno\u015bci, na zaj\u0119ciach zawodowych uzupe\u0142niaj\u0105cych, b\u0119dzie realizowany przedmiot GRAFIKA U\u017bYTKOWA I REKLAMOWA.<\/u><\/em><\/strong><\/p>\n\n\n\n\n\n\n\n\n<p>Grafika u\u017cytkowa to wielowymiarowa dziedzina, pozwalaj\u0105ca na wykorzystanie umiej\u0119tno\u015bci artystycznych i marketingowych. Kszta\u0142tuje artystyczn\u0105 kreatywno\u015b\u0107 i tw\u00f3rcze podej\u015bcie do pracy. Grafika reklamowa jest projektowaniem ilustracji i obraz\u00f3w do tak zwanych grafik u\u017cytkowych. Jest zwi\u0105zana g\u0142\u00f3wnie z&nbsp; rynkiem reklamowym oraz wydawniczym, chocia\u017c znajdziemy j\u0105 praktycznie w ka\u017cdej bran\u017cy. Obejmuje mi\u0119dzy innymi: plakaty, ulotki, broszury, katalogi,&nbsp; ilustracje, magazyny, gazety, mapy, kalendarze, notesy, ok\u0142adki ksi\u0105\u017cek i czasopism, etykiety, banderole, metki, bilety, banknoty, legitymacje, znaczki pocztowe, papiery warto\u015bciowe, druki okoliczno\u015bciowe, liternictwo, zaproszenia na \u015blub oraz inne uroczysto\u015bci. S\u0105 one projektowane g\u0142\u00f3wnie za pomoc\u0105 odpowiednich program\u00f3w komputerowych, a ich wzorce przyjmuj\u0105 form\u0119 cyfrow\u0105. Efekt finalny jest owocem wsp\u00f3\u0142pracy projektanta i zleceniodawcy.<\/p>\n\n\n\n\n\n\n\n\n<p>W ramach tego przedmiotu ucze\u0144 posi\u0105dzie zatem umiej\u0119tno\u015b\u0107 tworzenia autorskich projekt\u00f3w, \u0142\u0105cz\u0105c swoj\u0105 kreatywno\u015b\u0107 z estetyk\u0105, przejrzysto\u015bci\u0105 i profesjonalnym wygl\u0105dem tworzonego przez siebie projektu.<\/p>\n\n\n\n\n\n--><\/p>\n<p><strong>&nbsp;<\/strong><strong>Szko\u0142a zapewnia praktyki zawodowe<\/strong>. <strong>Trwaj\u0105 8 tygodni (280 h)<\/strong> i s\u0105 realizowane w kraju i za granic\u0105. Jako\u015b\u0107 \u015bwiadczonych us\u0142ug, profesjonalizm oraz mo\u017cliwo\u015bci realizowania si\u0119 uczni\u00f3w s\u0105 dla nas priorytetem w wyborze firm, w kt\u00f3rych odbywaj\u0105 si\u0119 praktyki zawodowe. Nasi uczniowie wsp\u00f3\u0142decyduj\u0105, w kt\u00f3rej z dost\u0119pnych firm chc\u0105 odbywa\u0107 praktyki.<\/p>\n<p><strong>&nbsp;<\/strong><strong>Kwalifikacje zawodowe:<\/strong><\/p>\n<p>\u2013 AUD. 02. Rejestracja, obr\u00f3bka i&nbsp;publikacja obrazu.<\/p>\n<p>\u2013 AUD. 05. Realizacja projekt\u00f3w graficznych i multimedialnych.<\/p>\n<p>Po zdanym egzaminie z danej kwalifikacji ucze\u0144 uzyskuje certyfikat kwalifikacji zawodowej wydany przez Okr\u0119gow\u0105 Komisj\u0119 Egzaminacyjn\u0105, a nast\u0119pnie, po zdaniu wszystkich kwalifikacji, otrzymuje dyplom technika potwierdzaj\u0105cy kwalifikacje w zawodzie technik fotografii i multimedi\u00f3w.<\/p>\n<p><strong>Absolwenci technikum fotografii i multimedi\u00f3w mog\u0105 ubiega\u0107 si\u0119 o prac\u0119 w:<\/strong><\/p>\n<ul>\n<li>studiach graficznych i filmowych,<\/li>\n<li>drukarniach,<\/li>\n<li>agencjach reklamowych,<\/li>\n<li>przemys\u0142owych laboratoriach fotograficznych,<\/li>\n<li>zak\u0142adach fotograficznych,<\/li>\n<li>fotograficznych punktach us\u0142ugowych,<\/li>\n<li>archiwach,<\/li>\n<li>bibliotekach pa\u0144stwowych,<\/li>\n<li>laboratoriach policyjnych,<\/li>\n<li>przedsi\u0119biorstwach, w&nbsp;kt\u00f3rych dokonuje si\u0119 rejestracji fotograficznej, obr\u00f3bki obrazu oraz postprodukcji fotograficznej i filmowej,<\/li>\n<li>jako graficy.<\/li>\n<\/ul>\n<p><strong>&nbsp;<\/strong><strong><br>Przedmiot rozszerzony:<\/strong> j\u0119zyk angielski lub chemia.<\/p>\n<p><strong>&nbsp;<\/strong><strong>Przedmioty uwzgl\u0119dniane w procesie rekrutacji:<\/strong> j\u0119zyk polski, j\u0119zyk angielski, matematyka, chemia.<\/p>\n<p><strong>&nbsp;<\/strong><strong>Cykl kszta\u0142cenia w technikum fotografii i multimedi\u00f3w ko\u0144czy si\u0119 uzyskaniem dyplomu technika potwierdzaj\u0105cego kwalifikacje w zawodzie technik fotografii i multimedi\u00f3w.<\/strong><\/p>\n\n\n<figure class=\"wp-block-embed is-type-video is-provider-youtube wp-block-embed-youtube wp-embed-aspect-16-9 wp-has-aspect-ratio\"><div class=\"wp-block-embed__wrapper\">\n<iframe loading=\"lazy\" title=\"Technikum fotografii i multimedi\u00f3w w ZS3 Pabianice\" width=\"1170\" height=\"658\" src=\"https:\/\/www.youtube.com\/embed\/pCiuETvFJEM?feature=oembed\" frameborder=\"0\" allow=\"accelerometer; autoplay; clipboard-write; encrypted-media; gyroscope; picture-in-picture; web-share\" allowfullscreen><\/iframe>\n<\/div><\/figure>\n","protected":false},"excerpt":{"rendered":"<p>Technik fotografii i multimedi\u00f3w to kierunek dla os\u00f3b zainteresowanych szeroko poj\u0119t\u0105 fotografi\u0105, kt\u00f3re s\u0105 spostrzegawcze, dok\u0142adne, \u0142atwo nawi\u0105zuj\u0105 kontakt z innymi, maj\u0105 [&hellip;]<\/p>\n","protected":false},"author":1,"featured_media":0,"parent":1834,"menu_order":0,"comment_status":"closed","ping_status":"closed","template":"","meta":{"footnotes":""},"class_list":["post-4152","page","type-page","status-publish","hentry"],"_links":{"self":[{"href":"https:\/\/zs3pabianice.edu.pl\/index.php\/wp-json\/wp\/v2\/pages\/4152","targetHints":{"allow":["GET"]}}],"collection":[{"href":"https:\/\/zs3pabianice.edu.pl\/index.php\/wp-json\/wp\/v2\/pages"}],"about":[{"href":"https:\/\/zs3pabianice.edu.pl\/index.php\/wp-json\/wp\/v2\/types\/page"}],"author":[{"embeddable":true,"href":"https:\/\/zs3pabianice.edu.pl\/index.php\/wp-json\/wp\/v2\/users\/1"}],"replies":[{"embeddable":true,"href":"https:\/\/zs3pabianice.edu.pl\/index.php\/wp-json\/wp\/v2\/comments?post=4152"}],"version-history":[{"count":8,"href":"https:\/\/zs3pabianice.edu.pl\/index.php\/wp-json\/wp\/v2\/pages\/4152\/revisions"}],"predecessor-version":[{"id":6358,"href":"https:\/\/zs3pabianice.edu.pl\/index.php\/wp-json\/wp\/v2\/pages\/4152\/revisions\/6358"}],"up":[{"embeddable":true,"href":"https:\/\/zs3pabianice.edu.pl\/index.php\/wp-json\/wp\/v2\/pages\/1834"}],"wp:attachment":[{"href":"https:\/\/zs3pabianice.edu.pl\/index.php\/wp-json\/wp\/v2\/media?parent=4152"}],"curies":[{"name":"wp","href":"https:\/\/api.w.org\/{rel}","templated":true}]}}