{"id":4141,"date":"2021-03-24T10:23:37","date_gmt":"2021-03-24T09:23:37","guid":{"rendered":"http:\/\/zs3pabianice.edu.pl\/?page_id=4141"},"modified":"2025-02-13T09:52:28","modified_gmt":"2025-02-13T08:52:28","slug":"technik-ekonomista","status":"publish","type":"page","link":"https:\/\/zs3pabianice.edu.pl\/index.php\/oferta-ksztalcenia-po-sp\/technik-ekonomista\/","title":{"rendered":"Technik ekonomista"},"content":{"rendered":"\n<figure class=\"wp-block-image size-full\"><img loading=\"lazy\" decoding=\"async\" width=\"960\" height=\"720\" src=\"http:\/\/zs3pabianice.edu.pl\/wp\/wp-content\/uploads\/2023\/02\/ekonomista-2.jpg\" alt=\"\" class=\"wp-image-6349\" srcset=\"https:\/\/zs3pabianice.edu.pl\/wp\/wp-content\/uploads\/2023\/02\/ekonomista-2.jpg 960w, https:\/\/zs3pabianice.edu.pl\/wp\/wp-content\/uploads\/2023\/02\/ekonomista-2-300x225.jpg 300w, https:\/\/zs3pabianice.edu.pl\/wp\/wp-content\/uploads\/2023\/02\/ekonomista-2-768x576.jpg 768w, https:\/\/zs3pabianice.edu.pl\/wp\/wp-content\/uploads\/2023\/02\/ekonomista-2-920x690.jpg 920w, https:\/\/zs3pabianice.edu.pl\/wp\/wp-content\/uploads\/2023\/02\/ekonomista-2-230x173.jpg 230w, https:\/\/zs3pabianice.edu.pl\/wp\/wp-content\/uploads\/2023\/02\/ekonomista-2-350x263.jpg 350w, https:\/\/zs3pabianice.edu.pl\/wp\/wp-content\/uploads\/2023\/02\/ekonomista-2-480x360.jpg 480w\" sizes=\"auto, (max-width: 960px) 100vw, 960px\" \/><\/figure>\n\n\n\n<p>Technik ekonomista to bardzo atrakcyjny i poszukiwany na rynku pracy zaw\u00f3d.<\/p>\n\n\n\n<p>Ekonomi\u015bci mog\u0105 pracowa\u0107 na stanowiskach, na kt\u00f3rych potrzebna jest wiedza z zakresu finans\u00f3w oraz kadr i p\u0142ac, w bankach, urz\u0119dach, przedsi\u0119biorstwach lub za\u0142o\u017cy\u0107 w\u0142asn\u0105 firm\u0119.<\/p>\n\n\n\n<figure class=\"wp-block-image size-large\"><img loading=\"lazy\" decoding=\"async\" width=\"960\" height=\"720\" src=\"http:\/\/zs3pabianice.edu.pl\/wp\/wp-content\/uploads\/2021\/05\/ekonomista3.jpg\" alt=\"\" class=\"wp-image-4307\" srcset=\"https:\/\/zs3pabianice.edu.pl\/wp\/wp-content\/uploads\/2021\/05\/ekonomista3.jpg 960w, https:\/\/zs3pabianice.edu.pl\/wp\/wp-content\/uploads\/2021\/05\/ekonomista3-300x225.jpg 300w, https:\/\/zs3pabianice.edu.pl\/wp\/wp-content\/uploads\/2021\/05\/ekonomista3-768x576.jpg 768w, https:\/\/zs3pabianice.edu.pl\/wp\/wp-content\/uploads\/2021\/05\/ekonomista3-830x623.jpg 830w, https:\/\/zs3pabianice.edu.pl\/wp\/wp-content\/uploads\/2021\/05\/ekonomista3-230x173.jpg 230w, https:\/\/zs3pabianice.edu.pl\/wp\/wp-content\/uploads\/2021\/05\/ekonomista3-350x263.jpg 350w, https:\/\/zs3pabianice.edu.pl\/wp\/wp-content\/uploads\/2021\/05\/ekonomista3-480x360.jpg 480w\" sizes=\"auto, (max-width: 960px) 100vw, 960px\" \/><\/figure>\n\n\n\n<p><strong>Podczas nauki w szkole uczniowie na<\/strong><strong>bywaj\u0105 umiej\u0119tno\u015bci:<\/strong><\/p>\n\n\n\n<ul class=\"wp-block-list\">\n<li>pisania biznesplan\u00f3w,<\/li>\n\n\n\n<li>bieg\u0142ego korzystania z program\u00f3w do obs\u0142ugi sprzeda\u017cy, magazynu i finans\u00f3w firmy,<\/li>\n\n\n\n<li>pos\u0142ugiwania si\u0119 nowoczesnymi technologiami,<\/li>\n\n\n\n<li>wykorzystywania w swojej codziennej pracy j\u0119zyka angielskiego,<\/li>\n\n\n\n<li>zarz\u0105dzania firm\u0105,<\/li>\n\n\n\n<li>zatrudniania pracownik\u00f3w,<\/li>\n\n\n\n<li>obliczania podatk\u00f3w i wynagrodze\u0144,<\/li>\n\n\n\n<li>prowadzenia uproszczonej ksi\u0119gowo\u015bci.<\/li>\n<\/ul>\n\n\n\n<figure class=\"wp-block-image size-large\"><img loading=\"lazy\" decoding=\"async\" width=\"1000\" height=\"1000\" src=\"http:\/\/zs3pabianice.edu.pl\/wp\/wp-content\/uploads\/2022\/05\/koniczyna-ekonomiczna.png\" alt=\"\" class=\"wp-image-5139\" srcset=\"https:\/\/zs3pabianice.edu.pl\/wp\/wp-content\/uploads\/2022\/05\/koniczyna-ekonomiczna.png 1000w, https:\/\/zs3pabianice.edu.pl\/wp\/wp-content\/uploads\/2022\/05\/koniczyna-ekonomiczna-300x300.png 300w, https:\/\/zs3pabianice.edu.pl\/wp\/wp-content\/uploads\/2022\/05\/koniczyna-ekonomiczna-150x150.png 150w, https:\/\/zs3pabianice.edu.pl\/wp\/wp-content\/uploads\/2022\/05\/koniczyna-ekonomiczna-768x768.png 768w, https:\/\/zs3pabianice.edu.pl\/wp\/wp-content\/uploads\/2022\/05\/koniczyna-ekonomiczna-920x920.png 920w, https:\/\/zs3pabianice.edu.pl\/wp\/wp-content\/uploads\/2022\/05\/koniczyna-ekonomiczna-230x230.png 230w, https:\/\/zs3pabianice.edu.pl\/wp\/wp-content\/uploads\/2022\/05\/koniczyna-ekonomiczna-350x350.png 350w, https:\/\/zs3pabianice.edu.pl\/wp\/wp-content\/uploads\/2022\/05\/koniczyna-ekonomiczna-480x480.png 480w\" sizes=\"auto, (max-width: 1000px) 100vw, 1000px\" \/><\/figure>\n\n\n\n<p>Wsp\u00f3\u0142pracujemy z urz\u0119dami miejskimi i gminnymi, Zak\u0142adem Ubezpiecze\u0144 Spo\u0142ecznych, Powiatowym Urz\u0119dem Pracy, Gie\u0142d\u0105 Papier\u00f3w Warto\u015bciowych, Narodowym Bankiem Polskim, Urz\u0119dem Skarbowym, Cechem Rzemios\u0142 R\u00f3\u017cnych, Starostwem Powiatowym oraz Poradni\u0105 Pedagogiczno-Psychologiczn\u0105 w Pabianicach.<\/p>\n\n\n\n<figure class=\"wp-block-image size-large\"><img loading=\"lazy\" decoding=\"async\" width=\"960\" height=\"720\" src=\"http:\/\/zs3pabianice.edu.pl\/wp\/wp-content\/uploads\/2021\/05\/ekonomista1.jpg\" alt=\"\" class=\"wp-image-4308\" srcset=\"https:\/\/zs3pabianice.edu.pl\/wp\/wp-content\/uploads\/2021\/05\/ekonomista1.jpg 960w, https:\/\/zs3pabianice.edu.pl\/wp\/wp-content\/uploads\/2021\/05\/ekonomista1-300x225.jpg 300w, https:\/\/zs3pabianice.edu.pl\/wp\/wp-content\/uploads\/2021\/05\/ekonomista1-768x576.jpg 768w, https:\/\/zs3pabianice.edu.pl\/wp\/wp-content\/uploads\/2021\/05\/ekonomista1-830x623.jpg 830w, https:\/\/zs3pabianice.edu.pl\/wp\/wp-content\/uploads\/2021\/05\/ekonomista1-230x173.jpg 230w, https:\/\/zs3pabianice.edu.pl\/wp\/wp-content\/uploads\/2021\/05\/ekonomista1-350x263.jpg 350w, https:\/\/zs3pabianice.edu.pl\/wp\/wp-content\/uploads\/2021\/05\/ekonomista1-480x360.jpg 480w\" sizes=\"auto, (max-width: 960px) 100vw, 960px\" \/><\/figure>\n\n\n\n<p><strong>Praktyki zawodowe trwaj\u0105 8 tygodni<\/strong>. Odbywaj\u0105 si\u0119 w kraju &#8211; w urz\u0119dach lub firmach oraz za granic\u0105 &#8211; w ramach projekt\u00f3w dofinansowanych ze \u015brodk\u00f3w Unii Europejskiej<strong>.<\/strong><\/p>\n\n\n\n<figure class=\"wp-block-image size-large\"><img loading=\"lazy\" decoding=\"async\" width=\"1024\" height=\"819\" src=\"http:\/\/zs3pabianice.edu.pl\/wp\/wp-content\/uploads\/2023\/04\/Erasmus_ekonomia-1024x819.jpg\" alt=\"\" class=\"wp-image-6884\" srcset=\"https:\/\/zs3pabianice.edu.pl\/wp\/wp-content\/uploads\/2023\/04\/Erasmus_ekonomia-1024x819.jpg 1024w, https:\/\/zs3pabianice.edu.pl\/wp\/wp-content\/uploads\/2023\/04\/Erasmus_ekonomia-300x240.jpg 300w, https:\/\/zs3pabianice.edu.pl\/wp\/wp-content\/uploads\/2023\/04\/Erasmus_ekonomia-768x614.jpg 768w, https:\/\/zs3pabianice.edu.pl\/wp\/wp-content\/uploads\/2023\/04\/Erasmus_ekonomia-1536x1229.jpg 1536w, https:\/\/zs3pabianice.edu.pl\/wp\/wp-content\/uploads\/2023\/04\/Erasmus_ekonomia-920x736.jpg 920w, https:\/\/zs3pabianice.edu.pl\/wp\/wp-content\/uploads\/2023\/04\/Erasmus_ekonomia-230x184.jpg 230w, https:\/\/zs3pabianice.edu.pl\/wp\/wp-content\/uploads\/2023\/04\/Erasmus_ekonomia-350x280.jpg 350w, https:\/\/zs3pabianice.edu.pl\/wp\/wp-content\/uploads\/2023\/04\/Erasmus_ekonomia-480x384.jpg 480w, https:\/\/zs3pabianice.edu.pl\/wp\/wp-content\/uploads\/2023\/04\/Erasmus_ekonomia.jpg 2000w\" sizes=\"auto, (max-width: 1024px) 100vw, 1024px\" \/><\/figure>\n\n\n\n<p><strong>Kwalifikacje zawodowe:<\/strong><\/p>\n\n\n\n<p><\/p>\n\n\n\n<ul>\n<li>EKA. 04. Prowadzenie dokumentacji w jednostce organizacyjnej.\n<li>EKA. 05. Prowadzenie spraw kadrowo-p\u0142acowych i gospodarki finansowej jednostek organizacyjnych.<\/ul>\n\n\n\n<p>Po zdanym egzaminie z danej kwalifikacji ucze\u0144 uzyskuje certyfikat kwalifikacji zawodowej wydany przez Okr\u0119gow\u0105 Komisj\u0119 Egzaminacyjn\u0105, a nast\u0119pnie, po zdaniu wszystkich kwalifikacji, otrzymuje dyplom technika potwierdzaj\u0105cy kwalifikacje w zawodzie technik ekonomista.<\/p>\n\n\n\n<p><strong>Przedmiot rozszerzony:<\/strong> j\u0119zyk angielski lub geografia.<\/p>\n\n\n\n<p><strong>Przedmioty uwzgl\u0119dnione podczas rekrutacji:<\/strong> j\u0119zyk polski, j\u0119zyk angielski, matematyka, geografia.<\/p>\n\n\n\n<figure class=\"wp-block-image size-full\"><img loading=\"lazy\" decoding=\"async\" width=\"960\" height=\"720\" src=\"http:\/\/zs3pabianice.edu.pl\/wp\/wp-content\/uploads\/2023\/02\/ekonomista_zd.jpg\" alt=\"\" class=\"wp-image-6282\" srcset=\"https:\/\/zs3pabianice.edu.pl\/wp\/wp-content\/uploads\/2023\/02\/ekonomista_zd.jpg 960w, https:\/\/zs3pabianice.edu.pl\/wp\/wp-content\/uploads\/2023\/02\/ekonomista_zd-300x225.jpg 300w, https:\/\/zs3pabianice.edu.pl\/wp\/wp-content\/uploads\/2023\/02\/ekonomista_zd-768x576.jpg 768w, https:\/\/zs3pabianice.edu.pl\/wp\/wp-content\/uploads\/2023\/02\/ekonomista_zd-920x690.jpg 920w, https:\/\/zs3pabianice.edu.pl\/wp\/wp-content\/uploads\/2023\/02\/ekonomista_zd-230x173.jpg 230w, https:\/\/zs3pabianice.edu.pl\/wp\/wp-content\/uploads\/2023\/02\/ekonomista_zd-350x263.jpg 350w, https:\/\/zs3pabianice.edu.pl\/wp\/wp-content\/uploads\/2023\/02\/ekonomista_zd-480x360.jpg 480w\" sizes=\"auto, (max-width: 960px) 100vw, 960px\" \/><\/figure>\n\n\n\n<p><!--<p><strong><em><u>W ramach dodatkowych umiej\u0119tno\u015bci, na zaj\u0119ciach zawodowych uzupe\u0142niaj\u0105cych, b\u0119dzie realizowany przedmiot <\/u><\/em><\/strong><strong><em><u>E-BIZNES.<\/u><\/em><\/strong><strong><u><\/u><\/strong><\/p>--><\/p>\n\n\n\n<p><!--<p>E-biznes pozwala na poznanie zasad funkcjonowania gospodarki elektronicznej i prowadzenia dzia\u0142alno\u015bci gospodarczej w sieci oraz wykorzystania medi\u00f3w spo\u0142eczno\u015bciowych w marketingu i promocji.<\/p>--><\/p>\n\n\n\n<p><!--<p>E-biznes to niezale\u017cno\u015b\u0107, brak granic geograficznych i mo\u017cliwo\u015b\u0107 pracy zdalnej.<\/p><!--><\/p>\n\n\n\n<figure class=\"wp-block-embed is-type-video is-provider-youtube wp-block-embed-youtube wp-embed-aspect-16-9 wp-has-aspect-ratio\"><div class=\"wp-block-embed__wrapper\">\n<iframe loading=\"lazy\" title=\"Technik ekonomista w Zespole Szk\u00f3\u0142 Nr 3\" width=\"1170\" height=\"658\" src=\"https:\/\/www.youtube.com\/embed\/_XCK6GLWa44?feature=oembed\" frameborder=\"0\" allow=\"accelerometer; autoplay; clipboard-write; encrypted-media; gyroscope; picture-in-picture; web-share\" allowfullscreen><\/iframe>\n<\/div><\/figure>\n\n\n\n<p><strong>Cykl kszta\u0142cenia w technikum ekonomicznym ko\u0144czy si\u0119 uzyskaniem dyplomu technika potwierdzaj\u0105cego kwalifikacje w zawodzie technik ekonomista.<\/strong><\/p>\n\n\n\n<figure class=\"wp-block-embed is-type-video is-provider-youtube wp-block-embed-youtube wp-embed-aspect-16-9 wp-has-aspect-ratio\"><div class=\"wp-block-embed__wrapper\">\n<iframe loading=\"lazy\" title=\"Marek Pawlusiak - g\u0142\u00f3wny ksi\u0119gowy\" width=\"1170\" height=\"658\" src=\"https:\/\/www.youtube.com\/embed\/V9a23r62FFU?feature=oembed\" frameborder=\"0\" allow=\"accelerometer; autoplay; clipboard-write; encrypted-media; gyroscope; picture-in-picture; web-share\" allowfullscreen><\/iframe>\n<\/div><\/figure>\n\n\n\n<figure class=\"wp-block-embed is-type-video is-provider-youtube wp-block-embed-youtube wp-embed-aspect-16-9 wp-has-aspect-ratio\"><div class=\"wp-block-embed__wrapper\">\n<iframe loading=\"lazy\" title=\"Klaudia - ekonomista\" width=\"1170\" height=\"658\" src=\"https:\/\/www.youtube.com\/embed\/mggcvCvIvmQ?feature=oembed\" frameborder=\"0\" allow=\"accelerometer; autoplay; clipboard-write; encrypted-media; gyroscope; picture-in-picture; web-share\" allowfullscreen><\/iframe>\n<\/div><\/figure>\n\n\n\n<figure class=\"wp-block-embed is-type-video is-provider-youtube wp-block-embed-youtube wp-embed-aspect-16-9 wp-has-aspect-ratio\"><div class=\"wp-block-embed__wrapper\">\n<iframe loading=\"lazy\" title=\"Przemek Stano - coach, dietetyk, instruktor fitness\" width=\"1170\" height=\"658\" src=\"https:\/\/www.youtube.com\/embed\/ObhfeApeLAE?feature=oembed\" frameborder=\"0\" allow=\"accelerometer; autoplay; clipboard-write; encrypted-media; gyroscope; picture-in-picture; web-share\" allowfullscreen><\/iframe>\n<\/div><\/figure>\n\n\n\n<figure class=\"wp-block-embed is-type-video is-provider-youtube wp-block-embed-youtube wp-embed-aspect-16-9 wp-has-aspect-ratio\"><div class=\"wp-block-embed__wrapper\">\n<iframe loading=\"lazy\" title=\"Agnieszka Jaksa - kierownik Warsztat\u00f3w Terapii Zaj\u0119ciowej i koordynator pabianickiego wolontariatu\" width=\"1170\" height=\"658\" src=\"https:\/\/www.youtube.com\/embed\/oiqVRXL0lC4?feature=oembed\" frameborder=\"0\" allow=\"accelerometer; autoplay; clipboard-write; encrypted-media; gyroscope; picture-in-picture; web-share\" allowfullscreen><\/iframe>\n<\/div><\/figure>\n","protected":false},"excerpt":{"rendered":"<p>Technik ekonomista to bardzo atrakcyjny i poszukiwany na rynku pracy zaw\u00f3d. Ekonomi\u015bci mog\u0105 pracowa\u0107 na stanowiskach, na kt\u00f3rych potrzebna jest wiedza z [&hellip;]<\/p>\n","protected":false},"author":1,"featured_media":0,"parent":1834,"menu_order":0,"comment_status":"closed","ping_status":"closed","template":"","meta":{"footnotes":""},"class_list":["post-4141","page","type-page","status-publish","hentry"],"_links":{"self":[{"href":"https:\/\/zs3pabianice.edu.pl\/index.php\/wp-json\/wp\/v2\/pages\/4141","targetHints":{"allow":["GET"]}}],"collection":[{"href":"https:\/\/zs3pabianice.edu.pl\/index.php\/wp-json\/wp\/v2\/pages"}],"about":[{"href":"https:\/\/zs3pabianice.edu.pl\/index.php\/wp-json\/wp\/v2\/types\/page"}],"author":[{"embeddable":true,"href":"https:\/\/zs3pabianice.edu.pl\/index.php\/wp-json\/wp\/v2\/users\/1"}],"replies":[{"embeddable":true,"href":"https:\/\/zs3pabianice.edu.pl\/index.php\/wp-json\/wp\/v2\/comments?post=4141"}],"version-history":[{"count":16,"href":"https:\/\/zs3pabianice.edu.pl\/index.php\/wp-json\/wp\/v2\/pages\/4141\/revisions"}],"predecessor-version":[{"id":6886,"href":"https:\/\/zs3pabianice.edu.pl\/index.php\/wp-json\/wp\/v2\/pages\/4141\/revisions\/6886"}],"up":[{"embeddable":true,"href":"https:\/\/zs3pabianice.edu.pl\/index.php\/wp-json\/wp\/v2\/pages\/1834"}],"wp:attachment":[{"href":"https:\/\/zs3pabianice.edu.pl\/index.php\/wp-json\/wp\/v2\/media?parent=4141"}],"curies":[{"name":"wp","href":"https:\/\/api.w.org\/{rel}","templated":true}]}}