{"id":1128,"date":"2018-10-06T10:36:27","date_gmt":"2018-10-06T08:36:27","guid":{"rendered":"http:\/\/zs3pabianice.edu.pl\/?page_id=1128"},"modified":"2020-11-18T13:35:07","modified_gmt":"2020-11-18T12:35:07","slug":"harmonogramy","status":"publish","type":"page","link":"https:\/\/zs3pabianice.edu.pl\/index.php\/projekt\/harmonogramy\/","title":{"rendered":"Harmonogramy"},"content":{"rendered":"\n<figure class=\"wp-block-image alignwide\"><img loading=\"lazy\" decoding=\"async\" width=\"619\" height=\"73\" src=\"http:\/\/zs3pabianice.edu.pl\/wp\/wp-content\/uploads\/2018\/09\/logo_projektu.jpg\" alt=\"logo projektu\" class=\"wp-image-987\" srcset=\"https:\/\/zs3pabianice.edu.pl\/wp\/wp-content\/uploads\/2018\/09\/logo_projektu.jpg 619w, https:\/\/zs3pabianice.edu.pl\/wp\/wp-content\/uploads\/2018\/09\/logo_projektu-300x35.jpg 300w, https:\/\/zs3pabianice.edu.pl\/wp\/wp-content\/uploads\/2018\/09\/logo_projektu-230x27.jpg 230w, https:\/\/zs3pabianice.edu.pl\/wp\/wp-content\/uploads\/2018\/09\/logo_projektu-350x41.jpg 350w, https:\/\/zs3pabianice.edu.pl\/wp\/wp-content\/uploads\/2018\/09\/logo_projektu-480x57.jpg 480w\" sizes=\"auto, (max-width: 619px) 100vw, 619px\" \/><\/figure>\n\n\n\n<h4 class=\"wp-block-heading\">Harmonogramy <strong>realizowanych zaj\u0119\u0107 w ramach projektu &#8222;Sta\u017ce zawodowe drog\u0105 do kariery&#8221; w roku szkolnym 2019\/2020 oraz 2020\/2021 &#8211; edycja I<\/strong>I <\/h4>\n\n\n\n<div class=\"wp-block-file\"><a href=\"http:\/\/zs3pabianice.edu.pl\/wp\/wp-content\/uploads\/2020\/09\/Harmonogram_projektu_zadanie_1.docx\">  Zadanie 1 &#8211; nauczyciel realizuj\u0105cy &#8211; A. Szynkiewicz <\/a><a href=\"http:\/\/zs3pabianice.edu.pl\/wp\/wp-content\/uploads\/2020\/09\/Harmonogram_projektu_zadanie_1.docx\" class=\"wp-block-file__button\" download>Pobierz<\/a><\/div>\n\n\n\n<div class=\"wp-block-file\"><a href=\"http:\/\/zs3pabianice.edu.pl\/wp\/wp-content\/uploads\/2020\/09\/harmonogram-projektu-zadanie_nr-2_-edycja_nr_-2_2019-2020_z-wrze\u015bniem-2020.docx\"> Zadanie 2 &#8211; nauczyciel realizuj\u0105cy &#8211; B. Mi\u0142kowska-Andrzejczak <\/a><a href=\"http:\/\/zs3pabianice.edu.pl\/wp\/wp-content\/uploads\/2020\/09\/harmonogram-projektu-zadanie_nr-2_-edycja_nr_-2_2019-2020_z-wrze\u015bniem-2020.docx\" class=\"wp-block-file__button\" download>Pobierz<\/a><\/div>\n\n\n\n<div class=\"wp-block-file\"><a href=\"http:\/\/zs3pabianice.edu.pl\/wp\/wp-content\/uploads\/2020\/09\/HARMONOGRAM-PROJEKTU-Z-GOD\u0141EM.docx\">Zadanie 4  &#8211; nauczyciel realizuj\u0105cy &#8211; M. Lach<\/a><a href=\"http:\/\/zs3pabianice.edu.pl\/wp\/wp-content\/uploads\/2020\/09\/HARMONOGRAM-PROJEKTU-Z-GOD\u0141EM.docx\" class=\"wp-block-file__button\" download>Pobierz<\/a><\/div>\n\n\n\n<div class=\"wp-block-file\"><a href=\"http:\/\/zs3pabianice.edu.pl\/wp\/wp-content\/uploads\/2020\/07\/Harmonogram-zad.2-Animator-czasu-wolnego-grupa-I-i-II.doc\">Zadanie 2 &#8211; Animator czasu wolnego gr. I i II &#8211; E. Bartoszek<\/a><a href=\"http:\/\/zs3pabianice.edu.pl\/wp\/wp-content\/uploads\/2020\/07\/Harmonogram-zad.2-Animator-czasu-wolnego-grupa-I-i-II.doc\" class=\"wp-block-file__button\" download>Pobierz<\/a><\/div>\n\n\n\n<div class=\"wp-block-file\"><a href=\"http:\/\/zs3pabianice.edu.pl\/wp\/wp-content\/uploads\/2020\/09\/harmonogramProjekt.odt\"> Zadanie 3 &#8211; nauczyciel realizuj\u0105cy &#8211; M. Jakubek  <\/a><a href=\"http:\/\/zs3pabianice.edu.pl\/wp\/wp-content\/uploads\/2020\/09\/harmonogramProjekt.odt\" class=\"wp-block-file__button\" download>Pobierz<\/a><\/div>\n\n\n\n<div class=\"wp-block-file\"><a href=\"http:\/\/zs3pabianice.edu.pl\/wp\/wp-content\/uploads\/2020\/10\/G-Ludwisiak.odt\">Zadanie 3 &#8211; nauczyciel realizuj\u0105cy &#8211; G. Ludwisiak<\/a><a href=\"http:\/\/zs3pabianice.edu.pl\/wp\/wp-content\/uploads\/2020\/10\/G-Ludwisiak.odt\" class=\"wp-block-file__button\" download>Pobierz<\/a><\/div>\n\n\n\n<div class=\"wp-block-file\"><a href=\"http:\/\/zs3pabianice.edu.pl\/wp\/wp-content\/uploads\/2020\/09\/ZAD.-4-HARMONOGRAM-kolor.odt\"> Zadanie 4  &#8211; nauczyciel realizuj\u0105cy &#8211; A. Prosnak-Gapys <\/a><a href=\"http:\/\/zs3pabianice.edu.pl\/wp\/wp-content\/uploads\/2020\/09\/ZAD.-4-HARMONOGRAM-kolor.odt\" class=\"wp-block-file__button\" download>Pobierz<\/a><\/div>\n\n\n\n<div class=\"wp-block-file\"><a href=\"http:\/\/zs3pabianice.edu.pl\/wp\/wp-content\/uploads\/2020\/11\/ZAD.-4-HARMONOGRAM-kolor-na-stone-www-ca\u0142y-po-poprawie-2020-r.-ze-zdalnym-nauczaniem1.pdf\"> Zadanie 4 &#8211; nauczyciel realizuj\u0105cy &#8211; A. Markiewicz <\/a><a href=\"http:\/\/zs3pabianice.edu.pl\/wp\/wp-content\/uploads\/2020\/11\/ZAD.-4-HARMONOGRAM-kolor-na-stone-www-ca\u0142y-po-poprawie-2020-r.-ze-zdalnym-nauczaniem1.pdf\" class=\"wp-block-file__button\" download>Pobierz<\/a><\/div>\n\n\n\n<div class=\"wp-block-file\"><a href=\"http:\/\/zs3pabianice.edu.pl\/wp\/wp-content\/uploads\/2019\/09\/harmonogram-ksi\u0119gowo\u015b\u0107.pdf\">Zadanie 5 &#8211; nauczyciel realizuj\u0105cy &#8211; M. \u017buk<\/a><a href=\"http:\/\/zs3pabianice.edu.pl\/wp\/wp-content\/uploads\/2019\/09\/harmonogram-ksi\u0119gowo\u015b\u0107.pdf\" class=\"wp-block-file__button\" download>Pobierz<\/a><\/div>\n\n\n\n<div class=\"wp-block-file\"><a href=\"http:\/\/zs3pabianice.edu.pl\/wp\/wp-content\/uploads\/2020\/02\/harmonogram-projektu-zadanie-nr-5-edycja_2_D_Wrobel.pdf\">Zadanie 5 &#8211; nauczyciel realizuj\u0105cy &#8211; D. Wr\u00f3bel<\/a><a href=\"http:\/\/zs3pabianice.edu.pl\/wp\/wp-content\/uploads\/2020\/02\/harmonogram-projektu-zadanie-nr-5-edycja_2_D_Wrobel.pdf\" class=\"wp-block-file__button\" download>Pobierz<\/a><\/div>\n\n\n\n<div class=\"wp-block-file\"><a href=\"http:\/\/zs3pabianice.edu.pl\/wp\/wp-content\/uploads\/2020\/10\/harmonogram-projektu-zadanie_nr_6_edycja_nr_2_GKiDTP-1.odt\">Zadanie 6 &#8211; nauczyciel realizuj\u0105cy &#8211; M. Dudzi\u0144ska<\/a><a href=\"http:\/\/zs3pabianice.edu.pl\/wp\/wp-content\/uploads\/2020\/10\/harmonogram-projektu-zadanie_nr_6_edycja_nr_2_GKiDTP-1.odt\" class=\"wp-block-file__button\" download>Pobierz<\/a><\/div>\n\n\n\n<div class=\"wp-block-file\"><a href=\"http:\/\/zs3pabianice.edu.pl\/wp\/wp-content\/uploads\/2020\/11\/Harmonogram-zaj\u0119\u0107-z-obs\u0142ugi-Prgoramu-Adobe-Photoshop.doc\"> Zadanie 6 &#8211; nauczyciel realizuj\u0105cy &#8211; M. Piskorski <\/a><a href=\"http:\/\/zs3pabianice.edu.pl\/wp\/wp-content\/uploads\/2020\/11\/Harmonogram-zaj\u0119\u0107-z-obs\u0142ugi-Prgoramu-Adobe-Photoshop.doc\" class=\"wp-block-file__button\" download>Pobierz<\/a><\/div>\n\n\n\n<div class=\"wp-block-file\"><a href=\"http:\/\/zs3pabianice.edu.pl\/wp\/wp-content\/uploads\/2020\/09\/Harmonogram-zaj\u0119\u0107.-doc.doc\"> Zadanie 6 &#8211; nauczyciel realizuj\u0105cy &#8211; S. Bart <\/a><a href=\"http:\/\/zs3pabianice.edu.pl\/wp\/wp-content\/uploads\/2020\/09\/Harmonogram-zaj\u0119\u0107.-doc.doc\" class=\"wp-block-file__button\" download>Pobierz<\/a><\/div>\n\n\n\n<div class=\"wp-block-file\"><a href=\"http:\/\/zs3pabianice.edu.pl\/wp\/wp-content\/uploads\/2020\/06\/harmonogram-gr-1-hotelarska.docx\">Zadanie 7 &#8211; nauczyciel realizuj\u0105cy &#8211; K. Koz\u0142owska &#8211; grupa 1 hotelarska <\/a><a href=\"http:\/\/zs3pabianice.edu.pl\/wp\/wp-content\/uploads\/2020\/06\/harmonogram-gr-1-hotelarska.docx\" class=\"wp-block-file__button\" download>Pobierz<\/a><\/div>\n\n\n\n<div class=\"wp-block-file\"><a href=\"http:\/\/zs3pabianice.edu.pl\/wp\/wp-content\/uploads\/2020\/06\/harmonogram-gr-2-hotelarska-2.docx\">Zadanie 7 &#8211; nauczyciel realizuj\u0105cy &#8211; K. Koz\u0142owska &#8211; grupa 2 hotelarska<\/a><a href=\"http:\/\/zs3pabianice.edu.pl\/wp\/wp-content\/uploads\/2020\/06\/harmonogram-gr-2-hotelarska-2.docx\" class=\"wp-block-file__button\" download>Pobierz<\/a><\/div>\n\n\n\n<div class=\"wp-block-file\"><a href=\"http:\/\/zs3pabianice.edu.pl\/wp\/wp-content\/uploads\/2020\/10\/Kielar_harm_2TFo-1.doc\"> Zadanie 7 &#8211; nauczyciel realizuj\u0105cy &#8211; K. Kielar &#8211; 2TFo <\/a><a href=\"http:\/\/zs3pabianice.edu.pl\/wp\/wp-content\/uploads\/2020\/10\/Kielar_harm_2TFo-1.doc\" class=\"wp-block-file__button\" download>Pobierz<\/a><\/div>\n\n\n\n<div class=\"wp-block-file\"><a href=\"http:\/\/zs3pabianice.edu.pl\/wp\/wp-content\/uploads\/2020\/10\/Kielar_harm_3TEL.doc\"> Zadanie 7 &#8211; nauczyciel realizuj\u0105cy &#8211; K.Kielar  &#8211; 3TEL <\/a><a href=\"http:\/\/zs3pabianice.edu.pl\/wp\/wp-content\/uploads\/2020\/10\/Kielar_harm_3TEL.doc\" class=\"wp-block-file__button\" download>Pobierz<\/a><\/div>\n\n\n\n<div class=\"wp-block-file\"><a href=\"http:\/\/zs3pabianice.edu.pl\/wp\/wp-content\/uploads\/2020\/09\/HARMONOGRAM-GR.-FRYZJER.-KIELAR.docx\"> Zadanie 7 &#8211; nauczyciel realizuj\u0105cy &#8211; K. Kielar (grupa fryzjerska) <\/a><a href=\"http:\/\/zs3pabianice.edu.pl\/wp\/wp-content\/uploads\/2020\/09\/HARMONOGRAM-GR.-FRYZJER.-KIELAR.docx\" class=\"wp-block-file__button\" download>Pobierz<\/a><\/div>\n\n\n\n<div class=\"wp-block-file\"><a href=\"http:\/\/zs3pabianice.edu.pl\/wp\/wp-content\/uploads\/2020\/09\/HARMONOGRAM-GR.-LOGIST.-KIELAR.docx\"> Zadanie 7 &#8211; nauczyciel realizuj\u0105cy K. Kielar (grupa logistyczna) <\/a><a href=\"http:\/\/zs3pabianice.edu.pl\/wp\/wp-content\/uploads\/2020\/09\/HARMONOGRAM-GR.-LOGIST.-KIELAR.docx\" class=\"wp-block-file__button\" download>Pobierz<\/a><\/div>\n","protected":false},"excerpt":{"rendered":"<p>Harmonogramy realizowanych zaj\u0119\u0107 w ramach projektu &#8222;Sta\u017ce zawodowe drog\u0105 do kariery&#8221; w roku szkolnym 2019\/2020 oraz 2020\/2021 &#8211; edycja II<\/p>\n","protected":false},"author":1,"featured_media":0,"parent":981,"menu_order":0,"comment_status":"closed","ping_status":"closed","template":"","meta":{"footnotes":""},"class_list":["post-1128","page","type-page","status-publish","hentry"],"_links":{"self":[{"href":"https:\/\/zs3pabianice.edu.pl\/index.php\/wp-json\/wp\/v2\/pages\/1128","targetHints":{"allow":["GET"]}}],"collection":[{"href":"https:\/\/zs3pabianice.edu.pl\/index.php\/wp-json\/wp\/v2\/pages"}],"about":[{"href":"https:\/\/zs3pabianice.edu.pl\/index.php\/wp-json\/wp\/v2\/types\/page"}],"author":[{"embeddable":true,"href":"https:\/\/zs3pabianice.edu.pl\/index.php\/wp-json\/wp\/v2\/users\/1"}],"replies":[{"embeddable":true,"href":"https:\/\/zs3pabianice.edu.pl\/index.php\/wp-json\/wp\/v2\/comments?post=1128"}],"version-history":[{"count":125,"href":"https:\/\/zs3pabianice.edu.pl\/index.php\/wp-json\/wp\/v2\/pages\/1128\/revisions"}],"predecessor-version":[{"id":3954,"href":"https:\/\/zs3pabianice.edu.pl\/index.php\/wp-json\/wp\/v2\/pages\/1128\/revisions\/3954"}],"up":[{"embeddable":true,"href":"https:\/\/zs3pabianice.edu.pl\/index.php\/wp-json\/wp\/v2\/pages\/981"}],"wp:attachment":[{"href":"https:\/\/zs3pabianice.edu.pl\/index.php\/wp-json\/wp\/v2\/media?parent=1128"}],"curies":[{"name":"wp","href":"https:\/\/api.w.org\/{rel}","templated":true}]}}