{"id":11057,"date":"2026-04-08T09:53:57","date_gmt":"2026-04-08T07:53:57","guid":{"rendered":"https:\/\/zs3pabianice.edu.pl\/?page_id=11057"},"modified":"2026-04-09T08:49:20","modified_gmt":"2026-04-09T06:49:20","slug":"zakladowy-fundusz-swiadczen-socjalnych","status":"publish","type":"page","link":"https:\/\/zs3pabianice.edu.pl\/index.php\/o-szkole\/zakladowy-fundusz-swiadczen-socjalnych\/","title":{"rendered":"Zak\u0142adowy Fundusz \u015awiadcze\u0144 Socjalnych"},"content":{"rendered":"<h4 align=\"center\">Informacje dotycz\u0105ce sk\u0142adania wniosk\u00f3w o \u015bwiadczenia <br \/>z Zak\u0142adowego Funduszu \u015awiadcze\u0144 Socjalnych<\/h4>\n<ol>\n<li>Wnioski o przyznanie:\n<ul>\n<li><strong>dofinansowania do wypoczynku<\/strong> sk\u0142ada si\u0119 w terminie<strong> 1-30 kwietnia<\/strong>,<\/li>\n<li><strong>pomocy finansowej<\/strong> w terminie<strong> 1-30 listopada<\/strong>,<\/li>\n<li><strong>zapom\u00f3g<\/strong> \u2013 <strong>w dowolnym terminie<\/strong>.<\/li>\n<\/ul>\n<\/li>\n<li>Wnioski mo\u017cna sk\u0142ada\u0107:\n<ul>\n<li>osobi\u015bcie,<\/li>\n<li>w sekretariacie w zamkni\u0119tej kopercie z wyra\u017anym opisem \u201eSprawa dotyczy ZF\u015aS\u201d,<\/li>\n<li>za po\u015brednictwem poczty tradycyjnej (w dw\u00f3ch kopertach, z czego druga jest zamkni\u0119ta i opisana \u201eSprawa dotyczy ZF\u015aS\u201d),<\/li>\n<li>za po\u015brednictwem poczty elektronicznej na adres: zfss@zs3pabianice.edu.pl, je\u017celi b\u0119dzie mo\u017cliwe ustalenie to\u017csamo\u015bci osoby, kt\u00f3ra wniosek wys\u0142a\u0142a (kwalifikowany podpis elektroniczny).<\/li>\n<\/ul>\n<\/li>\n<\/ol>\nDo ka\u017cdego wniosku nale\u017cy za\u0142\u0105czy\u0107 klauzul\u0119 informacyjn\u0105:\n<ol>\n<li><strong>wobec wnioskuj\u0105cego<\/strong> sk\u0142ada si\u0119 w przypadku, gdy <strong>we wniosku zamieszcza si\u0119 tylko dane wnioskodawcy lub niepe\u0142noletnich cz\u0142onk\u00f3w rodziny<\/strong>,<\/li>\n<li><strong>wobec wnioskuj\u0105cego oraz pe\u0142noletnich cz\u0142onk\u00f3w rodziny i\/lub os\u00f3b pozostaj\u0105cych we wsp\u00f3lnym gospodarstwie domowym<\/strong> o przyznanie \u015bwiadczenia w ramach Zak\u0142adowego Funduszu \u015awiadcze\u0144 Socjalnych sk\u0142ada si\u0119 w przypadku,<strong> gdy we wniosku opr\u00f3cz danych wnioskuj\u0105cego zamieszcza si\u0119 dane pe\u0142noletnich domownik\u00f3w<\/strong>.<\/li>\n<\/ol>\n<p><span style=\"text-decoration: underline;\">Pobierz wniosek o:<\/span>\n<ul>\n<li><a href=\"https:\/\/zs3pabianice.edu.pl\/wp\/wp-content\/uploads\/2026\/04\/Wniosek-o-wczasy-pod-grusza.docx\">wczasy pod grusz\u0105<\/a><\/li>\n<li><a href=\"https:\/\/zs3pabianice.edu.pl\/wp\/wp-content\/uploads\/2026\/04\/Wniosek-o-zapomoge.docx\">przyznanie zapomogi<\/a><\/li>\n<li><a href=\"https:\/\/zs3pabianice.edu.pl\/wp\/wp-content\/uploads\/2026\/04\/Wniosek-o-pozyczke-mieszkaniowa.docx\">przyznanie po\u017cyczki mieszkaniowej<\/a><\/li>\n<li><a href=\"https:\/\/zs3pabianice.edu.pl\/wp\/wp-content\/uploads\/2026\/04\/Wniosek-na-swieta.docx\">udzielenie pomocy finansowej \u2013 \u015awi\u0119ta Bo\u017cego Narodzenia<\/a><\/li>\n<\/ul>\n<p><span style=\"text-decoration: underline;\">Pobierz klauzul\u0119 informacyjn\u0105 wobec:<\/span><\/p>\n<ul>\n<li><a href=\"https:\/\/zs3pabianice.edu.pl\/wp\/wp-content\/uploads\/2026\/04\/Klauzula_art_13_ZFSS_Wnioskujacy.docx\">wnioskuj\u0105cego<\/a><\/li>\n<li><a href=\"https:\/\/zs3pabianice.edu.pl\/wp\/wp-content\/uploads\/2026\/04\/Klauzula_art_13_ZFSS_Wnioskujacy_czlonkowie_rodziny.docx\">wnioskuj\u0105cego oraz pe\u0142noletnich cz\u0142onk\u00f3w rodziny i\/lub os\u00f3b pozostaj\u0105cych we wsp\u00f3lnym gospodarstwie domowym<\/a><\/li>\n<\/ul>\n\n\n<p><\/p>\n","protected":false},"excerpt":{"rendered":"<p>Informacje dotycz\u0105ce sk\u0142adania wniosk\u00f3w o \u015bwiadczenia z Zak\u0142adowego Funduszu \u015awiadcze\u0144 Socjalnych Wnioski o przyznanie: dofinansowania do wypoczynku sk\u0142ada si\u0119 w terminie 1-30 [&hellip;]<\/p>\n","protected":false},"author":4,"featured_media":0,"parent":483,"menu_order":0,"comment_status":"closed","ping_status":"closed","template":"","meta":{"footnotes":""},"class_list":["post-11057","page","type-page","status-publish","hentry"],"_links":{"self":[{"href":"https:\/\/zs3pabianice.edu.pl\/index.php\/wp-json\/wp\/v2\/pages\/11057","targetHints":{"allow":["GET"]}}],"collection":[{"href":"https:\/\/zs3pabianice.edu.pl\/index.php\/wp-json\/wp\/v2\/pages"}],"about":[{"href":"https:\/\/zs3pabianice.edu.pl\/index.php\/wp-json\/wp\/v2\/types\/page"}],"author":[{"embeddable":true,"href":"https:\/\/zs3pabianice.edu.pl\/index.php\/wp-json\/wp\/v2\/users\/4"}],"replies":[{"embeddable":true,"href":"https:\/\/zs3pabianice.edu.pl\/index.php\/wp-json\/wp\/v2\/comments?post=11057"}],"version-history":[{"count":25,"href":"https:\/\/zs3pabianice.edu.pl\/index.php\/wp-json\/wp\/v2\/pages\/11057\/revisions"}],"predecessor-version":[{"id":11111,"href":"https:\/\/zs3pabianice.edu.pl\/index.php\/wp-json\/wp\/v2\/pages\/11057\/revisions\/11111"}],"up":[{"embeddable":true,"href":"https:\/\/zs3pabianice.edu.pl\/index.php\/wp-json\/wp\/v2\/pages\/483"}],"wp:attachment":[{"href":"https:\/\/zs3pabianice.edu.pl\/index.php\/wp-json\/wp\/v2\/media?parent=11057"}],"curies":[{"name":"wp","href":"https:\/\/api.w.org\/{rel}","templated":true}]}}