{"id":11011,"date":"2026-04-01T10:30:29","date_gmt":"2026-04-01T08:30:29","guid":{"rendered":"https:\/\/zs3pabianice.edu.pl\/?page_id=11011"},"modified":"2026-04-01T12:32:57","modified_gmt":"2026-04-01T10:32:57","slug":"deklaracja-dostepnosci-zespolu-szkol-nr-3-im-legionistow-miasta-pabianic","status":"publish","type":"page","link":"https:\/\/zs3pabianice.edu.pl\/index.php\/deklaracja-dostepnosci-zespolu-szkol-nr-3-im-legionistow-miasta-pabianic\/","title":{"rendered":"Deklaracja dost\u0119pno\u015bci Zespo\u0142u Szk\u00f3\u0142 Nr 3  im. Legionist\u00f3w Miasta Pabianic"},"content":{"rendered":"<p>Zesp\u00f3\u0142 Szk\u00f3\u0142 Nr 3 w Pabianicach zobowi\u0105zuje si\u0119 zapewni\u0107 dost\u0119pno\u015b\u0107 swojej strony internetowej zgodnie z przepisami ustawy z dnia 4 kwietnia 2019 r. o dost\u0119pno\u015bci cyfrowej stron internetowych i aplikacji mobilnych podmiot\u00f3w publicznych. Strona Zespo\u0142u Szk\u00f3\u0142 Nr 3 im. Legionist\u00f3w Miasta Pabianic zosta\u0142a zaprojektowana tak, aby by\u0142a mo\u017cliwa do obs\u0142u\u017cenia dla jak najszerszej grupy u\u017cytkownik\u00f3w, niezale\u017cnie od u\u017cywanej technologii, oprogramowania lub posiadanej dysfunkcji.<\/p>\n<p>Deklaracja dost\u0119pno\u015bci dotyczy strony internetowej:<br \/><a href=\"https:\/\/zs3pabianice.edu.pl\/\">https:\/\/zs3pabianice.edu.pl\/<\/a><\/p>\n<p>Data publikacji strony internetowej:\u00a005.02.2006<br \/>Data ostatniej istotnej aktualizacji: 29.08.2018<\/p>\n<p><strong>Stan dost\u0119pno\u015bci cyfrowej<\/strong><\/p>\n<p><strong>Strona internetowa jest cz\u0119\u015bciowo zgodna<\/strong> z ustaw\u0105 z dnia 4 kwietnia 2019 r. o dost\u0119pno\u015bci cyfrowej stron internetowych i aplikacji mobilnych podmiot\u00f3w publicznych z powodu niezgodno\u015bci lub wy\u0142\u0105cze\u0144 wymienionych poni\u017cej:<\/p>\n<ul>\n<li>filmy nie posiadaj\u0105 napis\u00f3w dla os\u00f3b g\u0142uchych,<\/li>\n<li>cz\u0119\u015b\u0107 plik\u00f3w nie jest dost\u0119pnych cyfrowo,<\/li>\n<li>dokumenty tekstowe mog\u0105 nie zawiera\u0107 tag\u00f3w oraz zawiera\u0107 nieopisane elementy graficzne,\u00a0 serwis mo\u017ce zawier\u0107 dokumenty PDF, tabele osadzone w tre\u015bci dokumentu mog\u0105 nie posiada\u0107 nag\u0142\u00f3wk\u00f3w oraz opis\u00f3w kolumn i wierszy, sporadycznie napotkamy og\u0142oszenia w formacie jpg, pliki PDF, DOC, DOCX, XLS itp. Serwis nie jest wyposa\u017cony w skr\u00f3ty klawiaturowe, kt\u00f3re mog\u0142y by wchodzi\u0107 w konflikt z technologiami asystuj\u0105cymi (np. programy czytaj\u0105ce), systemem lub aplikacjami u\u017cytkownik\u00f3w.\u00a0 Nieczytelne przez czytniki ekranu dokumenty PDF u\u017cytkownicy mog\u0105 rozpozna\u0107 narz\u0119dziem OCR. Strona posiada mo\u017cliwo\u015b\u0107 uruchomienia podwy\u017cszonego kontrastu. Dost\u0119pna jest wersja dla os\u00f3b s\u0142abowidz\u0105cych i podwy\u017cszony kontrast. Zawarta jest mapa strony, wbudowano wyszukiwark\u0119.<\/li>\n<\/ul>\n<p>O\u015bwiadczenie sporz\u0105dzono dnia\u00a031.03.2026r.<\/p>\n<p><strong>Skr\u00f3ty klawiaturowe:<\/strong><\/p>\n<p>Serwis nie jest wyposa\u017cony w skr\u00f3ty klawiaturowe, kt\u00f3re mog\u0142y by wchodzi\u0107 w konflikt z technologiami asystuj\u0105cymi (np. programy czytaj\u0105ce), systemem lub aplikacjami u\u017cytkownik\u00f3w.<\/p>\n<p><strong>Informacje zwrotne i dane kontaktowe<\/strong><\/p>\n<p>W przypadku problem\u00f3w z dost\u0119pno\u015bci\u0105 strony internetowej prosimy o kontakt.<br \/>Osob\u0105 kontaktow\u0105 jest Pani\u00a0Agnieszka Kulpi\u0144ska-G\u00f3rska,<br \/>mail: szkola@zs3pabianice.edu.pl<\/p>\n<p>Kontaktowa\u0107 mo\u017cna si\u0119 tak\u017ce dzwoni\u0105c pod numer telefonu\u00a042\u00a0215 43 39.<\/p>\n<p><strong>Obs\u0142uga wniosk\u00f3w i skarg zwi\u0105zanych z dost\u0119pno\u015bci<\/strong><\/p>\n<p>T\u0105 sam\u0105 drog\u0105 mo\u017cna sk\u0142ada\u0107 wnioski o udost\u0119pnienie informacji niedost\u0119pnej oraz sk\u0142ada\u0107 \u017c\u0105dania zapewnienia dost\u0119pno\u015bci. Ka\u017cdy ma prawo do wyst\u0105pienia z \u017c\u0105daniem zapewnienia dost\u0119pno\u015bci cyfrowej strony internetowej lub jakiego\u015b jej elementu. Mo\u017cna tak\u017ce za\u017c\u0105da\u0107 udost\u0119pnienia informacji za pomoc\u0105 alternatywnego sposobu dost\u0119pu, na przyk\u0142ad przez odczytanie niedost\u0119pnego cyfrowo dokumentu, opisanie zawarto\u015bci filmu bez audiodeskrypcji itp. \u017b\u0105danie powinno zawiera\u0107 dane osoby zg\u0142aszaj\u0105cej \u017c\u0105danie, wskazanie, o kt\u00f3ry element strony internetowej chodzi oraz spos\u00f3b kontaktu. Je\u017celi osoba \u017c\u0105daj\u0105ca zg\u0142asza potrzeb\u0119 otrzymania informacji za pomoc\u0105 alternatywnego sposobu dost\u0119pu, powinna tak\u017ce okre\u015bli\u0107 dogodny dla niej spos\u00f3b przedstawienia tej informacji.<\/p>\n<p>Podmiot publiczny powinien zrealizowa\u0107 \u017c\u0105danie niezw\u0142ocznie, nie p\u00f3\u017aniej ni\u017c w ci\u0105gu 7 dni od dnia wyst\u0105pienia z \u017c\u0105daniem. Je\u017celi dotrzymanie tego terminu nie jest mo\u017cliwe, podmiot publiczny niezw\u0142ocznie informuje o tym wnosz\u0105cego \u017c\u0105danie, kiedy realizacja \u017c\u0105dania b\u0119dzie mo\u017cliwa, przy czym termin ten nie mo\u017ce by\u0107 d\u0142u\u017cszy ni\u017c 2 miesi\u0105ce od dnia wyst\u0105pienia z \u017c\u0105daniem. Je\u017celi zapewnienie dost\u0119pno\u015bci cyfrowej nie jest mo\u017cliwe, podmiot publiczny mo\u017ce zaproponowa\u0107 alternatywny spos\u00f3b dost\u0119pu do informacji.<\/p>\n<p>W przypadku, gdy podmiot publiczny odm\u00f3wi realizacji \u017c\u0105dania zapewnienia dost\u0119pno\u015bci lub alternatywnego sposobu dost\u0119pu do informacji, wnosz\u0105cy \u017c\u0105danie mo\u017cne z\u0142o\u017cy\u0107 skarg\u0119 w sprawie zapewniana dost\u0119pno\u015bci cyfrowej strony internetowej lub elementu strony internetowej. Po wyczerpaniu wskazanej wy\u017cej procedury mo\u017cna tak\u017ce z\u0142o\u017cy\u0107 wniosek do\u00a0Rzecznika Praw Obywatelskich.<\/p>\n<p>Link do strony internetowej\u00a0<a href=\"https:\/\/www.rpo.gov.pl\/\">Rzecznika Praw Obywatelskich<\/a>.<\/p>\n<p><strong>Dost\u0119pno\u015b\u0107 architektoniczna<\/strong><\/p>\n<p>Zesp\u00f3\u0142 Szk\u00f3\u0142 Nr 3 im. Legionist\u00f3w Miasta Pabianic w Pabianicach zlokalizowany jest w trzech budynkach. Szko\u0142a posiada wej\u015bcie od strony ulicy Garncarskiej (przy drzwiach widoczny jest dzwonek i nr kontaktowy). Budynek A jest cz\u0119\u015bciowo dostosowana do potrzeb os\u00f3b z niepe\u0142nosprawno\u015bciami, tj. zosta\u0142 wykonany podjazd na parterze oraz zamontowana platforma przyschodowa u\u0142atwiaj\u0105cej poruszanie si\u0119 po parterze w budynku g\u0142\u00f3wnym (A) szko\u0142y. Budynek B i C jest dostosowany do potrzeb os\u00f3b z niepe\u0142nosprawno\u015bci\u0105 ruchow\u0105. Osoby z niepe\u0142nosprawno\u015bci\u0105 ruchow\u0105 obs\u0142ugiwane s\u0105 w budynku A i B wyposa\u017conym w podjazd i podno\u015bniki dla niepe\u0142nosprawnych. Informacja o rozk\u0142adzie pomieszcze\u0144 w budynku jest zapewniona w spos\u00f3b wizualny (tablice informacyjne, droga ewakuacyjna \u015bwietlna w bud. B i <em>fluorescencyjna w bud. A<\/em>). Szko\u0142a posiada na korytarzach oznakowanie dr\u00f3g ewakuacji. Szko\u0142a posiada instrukcje dla personelu z zakresu ochrony przeciwpo\u017carowej i zasad post\u0119powania na wypadek ewakuacji. Dyrektor jednostki wyra\u017ca zgod\u0119 na wst\u0119p z psem asystuj\u0105cym w szczeg\u00f3lnych przypadkach. Nadal nie ma mo\u017cliwo\u015bci skorzystania z t\u0142umacza j\u0119zyka migowego na miejscu oraz online.<\/p>\n<p><strong>Dost\u0119pno\u015b\u0107 komunikacyjno-informacyjna<\/strong><\/p>\n<p>Zesp\u00f3\u0142 Szk\u00f3\u0142 Nr 3 im. Legionist\u00f3w Miasta Pabianic w Pabianicach zapewnia osobom ze szczeg\u00f3lnymi potrzebami nast\u0119puj\u0105ce \u015brodki wspomagaj\u0105ce komunikacj\u0119:<\/p>\n<ul>\n<li>kontakt telefoniczny (w godzinach pracy szko\u0142y),<\/li>\n<li>kontakt korespondencyjny (poczt\u0105 tradycyjn\u0105 oraz e-mailow\u0105),<\/li>\n<li>przesy\u0142anie wiadomo\u015bci tekstowych, w tym wiadomo\u015bci SMS, MMS, poprzez komunikatory internetowe.<\/li>\n<\/ul>\n<p>Zesp\u00f3\u0142 Szk\u00f3\u0142 Nr 3 im. Legionist\u00f3w Miasta Pabianic w Pabianicach, ul. Gda\u0144ska 5 posiada przeno\u015bn\u0105 p\u0119tl\u0119 indukcyjn\u0105 u\u0142atwiaj\u0105c\u0105 kontakt z osobami s\u0142abos\u0142ysz\u0105cymi.<\/p>\n<p><strong>Aplikacje mobilne<\/strong><\/p>\n<p>Podmiot nie posiada aplikacji mobilnych.<\/p>\n<p align=\"right\">Dyrektor Zespo\u0142u Szk\u00f3\u0142 Nr 3<br \/>im. Legionist\u00f3w Miasta Pabianic<\/p>\n<p align=\"right\">\/-\/ Agnieszka Kulpi\u0144ska-G\u00f3rska<\/p>\n\n\n<p><\/p>\n","protected":false},"excerpt":{"rendered":"<p>Zesp\u00f3\u0142 Szk\u00f3\u0142 Nr 3 w Pabianicach zobowi\u0105zuje si\u0119 zapewni\u0107 dost\u0119pno\u015b\u0107 swojej strony internetowej zgodnie z przepisami ustawy z dnia 4 kwietnia 2019 [&hellip;]<\/p>\n","protected":false},"author":4,"featured_media":0,"parent":0,"menu_order":0,"comment_status":"closed","ping_status":"closed","template":"","meta":{"footnotes":""},"class_list":["post-11011","page","type-page","status-publish","hentry"],"_links":{"self":[{"href":"https:\/\/zs3pabianice.edu.pl\/index.php\/wp-json\/wp\/v2\/pages\/11011","targetHints":{"allow":["GET"]}}],"collection":[{"href":"https:\/\/zs3pabianice.edu.pl\/index.php\/wp-json\/wp\/v2\/pages"}],"about":[{"href":"https:\/\/zs3pabianice.edu.pl\/index.php\/wp-json\/wp\/v2\/types\/page"}],"author":[{"embeddable":true,"href":"https:\/\/zs3pabianice.edu.pl\/index.php\/wp-json\/wp\/v2\/users\/4"}],"replies":[{"embeddable":true,"href":"https:\/\/zs3pabianice.edu.pl\/index.php\/wp-json\/wp\/v2\/comments?post=11011"}],"version-history":[{"count":15,"href":"https:\/\/zs3pabianice.edu.pl\/index.php\/wp-json\/wp\/v2\/pages\/11011\/revisions"}],"predecessor-version":[{"id":11032,"href":"https:\/\/zs3pabianice.edu.pl\/index.php\/wp-json\/wp\/v2\/pages\/11011\/revisions\/11032"}],"wp:attachment":[{"href":"https:\/\/zs3pabianice.edu.pl\/index.php\/wp-json\/wp\/v2\/media?parent=11011"}],"curies":[{"name":"wp","href":"https:\/\/api.w.org\/{rel}","templated":true}]}}