{"id":10675,"date":"2026-02-18T17:09:39","date_gmt":"2026-02-18T16:09:39","guid":{"rendered":"https:\/\/zs3pabianice.edu.pl\/?page_id=10675"},"modified":"2026-03-13T11:35:29","modified_gmt":"2026-03-13T10:35:29","slug":"liceum-ogolnoksztalcace-profil-ogolny-jezyk-polski-jezyk-angielski-historia","status":"publish","type":"page","link":"https:\/\/zs3pabianice.edu.pl\/index.php\/oferta-ksztalcenia-po-sp\/liceum-ogolnoksztalcace-profil-ogolny-jezyk-polski-jezyk-angielski-historia\/","title":{"rendered":""},"content":{"rendered":"<p><strong><a href=\"https:\/\/zs3pabianice.edu.pl\/wp\/wp-content\/uploads\/2026\/02\/LO-historia.jpg\"><img loading=\"lazy\" decoding=\"async\" class=\"aligncenter size-large wp-image-10727\" src=\"https:\/\/zs3pabianice.edu.pl\/wp\/wp-content\/uploads\/2026\/02\/LO-historia-1024x768.jpg\" alt=\"\" width=\"1024\" height=\"768\" srcset=\"https:\/\/zs3pabianice.edu.pl\/wp\/wp-content\/uploads\/2026\/02\/LO-historia-1024x768.jpg 1024w, https:\/\/zs3pabianice.edu.pl\/wp\/wp-content\/uploads\/2026\/02\/LO-historia-300x225.jpg 300w, https:\/\/zs3pabianice.edu.pl\/wp\/wp-content\/uploads\/2026\/02\/LO-historia-768x576.jpg 768w, https:\/\/zs3pabianice.edu.pl\/wp\/wp-content\/uploads\/2026\/02\/LO-historia-1000x750.jpg 1000w, https:\/\/zs3pabianice.edu.pl\/wp\/wp-content\/uploads\/2026\/02\/LO-historia-230x173.jpg 230w, https:\/\/zs3pabianice.edu.pl\/wp\/wp-content\/uploads\/2026\/02\/LO-historia-350x263.jpg 350w, https:\/\/zs3pabianice.edu.pl\/wp\/wp-content\/uploads\/2026\/02\/LO-historia-480x360.jpg 480w, https:\/\/zs3pabianice.edu.pl\/wp\/wp-content\/uploads\/2026\/02\/LO-historia.jpg 1508w\" sizes=\"auto, (max-width: 1024px) 100vw, 1024px\" \/><\/a><\/strong><\/p>\n<p><strong>Opis potencjalnego kandydata.<\/strong><br \/>\nJe\u015bli masz szerokie i rozmaite zainteresowania, z ch\u0119ci\u0105 uczysz si\u0119 r\u00f3\u017cnych przedmiot\u00f3w, masz jeszcze nie do ko\u0144ca sprecyzowany kierunek, w kt\u00f3rym chcesz pod\u0105\u017ca\u0107, rozwa\u017casz wiele mo\u017cliwo\u015bci dalszej nauki i widzisz si\u0119 r\u00f3\u017cnorodnych zawodach, a mo\u017ce marzysz o karierze w mediach spo\u0142eczno\u015bciowych jako autor tekst\u00f3w, podcast\u00f3w czy filmik\u00f3w, to <strong>Liceum og\u00f3lnokszta\u0142c\u0105ce o profilu og\u00f3lnym <\/strong>jest dla Ciebie.<\/p>\n<p>A je\u015bli dodatkowo interesujesz si\u0119 histori\u0105, to Tw\u00f3j strza\u0142 w 10!<\/p>\n<p><strong>W tym profilu proponujemy Ci:<\/strong><\/p>\n<ul>\n<li>kszta\u0142cenie og\u00f3lne,<\/li>\n<li>zdobycie wykszta\u0142cenia \u015bredniego,<\/li>\n<li>przygotowanie do egzaminu maturalnego,<\/li>\n<li>nauk\u0119 w rozszerzeniu nast\u0119puj\u0105cych przedmiot\u00f3w: j\u0119zyka polskiego, j\u0119zyka angielskiego i historii.<\/li>\n<\/ul>\n<p><strong>Nauka w liceum trwa 4 lata. Ko\u0144czy si\u0119 zdobyciem wykszta\u0142cenia \u015bredniego i uzyskaniem \u015bwiadectwa dojrza\u0142o\u015bci<\/strong>.<\/p>\n<p><strong>Dalsza nauka.<\/strong><br \/>\nPo uko\u0144czeniu szko\u0142y b\u0119dziesz przygotowany do podj\u0119cia nauki na studiach, w szkole policealnej lub na kursach kwalifikacyjnych zgodnych z Twoimi zainteresowaniami.<\/p>\n<p><strong>Przedmioty rozszerzone<\/strong>: j\u0119zyk polski, j\u0119zyk angielski i historia.<br \/>\n<strong>Przedmioty uwzgl\u0119dnione w rekrutacji<\/strong>: j\u0119zyk polski, j\u0119zyk angielski, matematyka i historia.<\/p>\n","protected":false},"excerpt":{"rendered":"<p>Opis potencjalnego kandydata. Je\u015bli masz szerokie i rozmaite zainteresowania, z ch\u0119ci\u0105 uczysz si\u0119 r\u00f3\u017cnych przedmiot\u00f3w, masz jeszcze nie do ko\u0144ca sprecyzowany kierunek, [&hellip;]<\/p>\n","protected":false},"author":4,"featured_media":0,"parent":1834,"menu_order":0,"comment_status":"closed","ping_status":"closed","template":"","meta":{"footnotes":""},"class_list":["post-10675","page","type-page","status-publish","hentry"],"_links":{"self":[{"href":"https:\/\/zs3pabianice.edu.pl\/index.php\/wp-json\/wp\/v2\/pages\/10675","targetHints":{"allow":["GET"]}}],"collection":[{"href":"https:\/\/zs3pabianice.edu.pl\/index.php\/wp-json\/wp\/v2\/pages"}],"about":[{"href":"https:\/\/zs3pabianice.edu.pl\/index.php\/wp-json\/wp\/v2\/types\/page"}],"author":[{"embeddable":true,"href":"https:\/\/zs3pabianice.edu.pl\/index.php\/wp-json\/wp\/v2\/users\/4"}],"replies":[{"embeddable":true,"href":"https:\/\/zs3pabianice.edu.pl\/index.php\/wp-json\/wp\/v2\/comments?post=10675"}],"version-history":[{"count":11,"href":"https:\/\/zs3pabianice.edu.pl\/index.php\/wp-json\/wp\/v2\/pages\/10675\/revisions"}],"predecessor-version":[{"id":10857,"href":"https:\/\/zs3pabianice.edu.pl\/index.php\/wp-json\/wp\/v2\/pages\/10675\/revisions\/10857"}],"up":[{"embeddable":true,"href":"https:\/\/zs3pabianice.edu.pl\/index.php\/wp-json\/wp\/v2\/pages\/1834"}],"wp:attachment":[{"href":"https:\/\/zs3pabianice.edu.pl\/index.php\/wp-json\/wp\/v2\/media?parent=10675"}],"curies":[{"name":"wp","href":"https:\/\/api.w.org\/{rel}","templated":true}]}}