{"id":1023,"date":"2018-09-24T22:32:35","date_gmt":"2018-09-24T20:32:35","guid":{"rendered":"http:\/\/zs3pabianice.edu.pl\/?page_id=1023"},"modified":"2018-11-15T22:13:38","modified_gmt":"2018-11-15T21:13:38","slug":"dokumenty-projektu","status":"publish","type":"page","link":"https:\/\/zs3pabianice.edu.pl\/index.php\/projekt\/dokumenty-projektu\/","title":{"rendered":"Dokumenty projektu"},"content":{"rendered":"<p><a href=\"http:\/\/zs3pabianice.edu.pl\/wp\/wp-content\/uploads\/2018\/09\/Regulamin_uczestnictwa_i_rekrutacji.pdf\">Regulamin uczestnictwa i rekrutacji w projekcie &#8222;Sta\u017ce zawodowe drog\u0105 do kariery&#8221;<\/a><\/p>\n<p><a href=\"http:\/\/zs3pabianice.edu.pl\/wp\/wp-content\/uploads\/2018\/09\/Formularz-zg\u0142oszeniowy-dla-ucznia-ZS-nr-3-w-Pabianicach.pdf\">Formularz zg\u0142oszeniowy dla ucznia ZS nr 3 w Pabianicach<\/a><\/p>\n<p>&nbsp;<\/p>\n","protected":false},"excerpt":{"rendered":"<p>Regulamin uczestnictwa i rekrutacji w projekcie &#8222;Sta\u017ce zawodowe drog\u0105 do kariery&#8221; Formularz zg\u0142oszeniowy dla ucznia ZS nr 3 w Pabianicach &nbsp;<\/p>\n","protected":false},"author":1,"featured_media":0,"parent":981,"menu_order":0,"comment_status":"closed","ping_status":"closed","template":"","meta":{"footnotes":""},"class_list":["post-1023","page","type-page","status-publish","hentry"],"_links":{"self":[{"href":"https:\/\/zs3pabianice.edu.pl\/index.php\/wp-json\/wp\/v2\/pages\/1023","targetHints":{"allow":["GET"]}}],"collection":[{"href":"https:\/\/zs3pabianice.edu.pl\/index.php\/wp-json\/wp\/v2\/pages"}],"about":[{"href":"https:\/\/zs3pabianice.edu.pl\/index.php\/wp-json\/wp\/v2\/types\/page"}],"author":[{"embeddable":true,"href":"https:\/\/zs3pabianice.edu.pl\/index.php\/wp-json\/wp\/v2\/users\/1"}],"replies":[{"embeddable":true,"href":"https:\/\/zs3pabianice.edu.pl\/index.php\/wp-json\/wp\/v2\/comments?post=1023"}],"version-history":[{"count":2,"href":"https:\/\/zs3pabianice.edu.pl\/index.php\/wp-json\/wp\/v2\/pages\/1023\/revisions"}],"predecessor-version":[{"id":1028,"href":"https:\/\/zs3pabianice.edu.pl\/index.php\/wp-json\/wp\/v2\/pages\/1023\/revisions\/1028"}],"up":[{"embeddable":true,"href":"https:\/\/zs3pabianice.edu.pl\/index.php\/wp-json\/wp\/v2\/pages\/981"}],"wp:attachment":[{"href":"https:\/\/zs3pabianice.edu.pl\/index.php\/wp-json\/wp\/v2\/media?parent=1023"}],"curies":[{"name":"wp","href":"https:\/\/api.w.org\/{rel}","templated":true}]}}